{"id":465,"date":"2024-08-15T20:53:13","date_gmt":"2024-08-15T17:53:13","guid":{"rendered":"https:\/\/zudc.lt\/pieno-rinka\/?page_id=465"},"modified":"2026-04-17T10:13:16","modified_gmt":"2026-04-17T08:13:16","slug":"karviu-ir-ukiu-skaicius","status":"publish","type":"page","link":"https:\/\/zudc.lt\/pieno-rinka\/karviu-ir-ukiu-skaicius\/","title":{"rendered":"Karvi\u0173 skai\u010dius ir \u016bki\u0173, laikan\u010di\u0173 karves, skai\u010dius"},"content":{"rendered":"\t\t<div data-elementor-type=\"wp-page\" data-elementor-id=\"465\" class=\"elementor elementor-465\" data-elementor-post-type=\"page\">\n\t\t\t\t\t\t<section class=\"elementor-section elementor-top-section elementor-element elementor-element-0da7190 elementor-section-boxed elementor-section-height-default elementor-section-height-default\" data-id=\"0da7190\" data-element_type=\"section\" data-e-type=\"section\" data-settings=\"{&quot;background_background&quot;:&quot;classic&quot;}\">\n\t\t\t\t\t\t\t<div class=\"elementor-background-overlay\"><\/div>\n\t\t\t\t\t\t\t<div class=\"elementor-container elementor-column-gap-no\">\n\t\t\t\t\t<div class=\"elementor-column elementor-col-100 elementor-top-column elementor-element elementor-element-e19fa30\" data-id=\"e19fa30\" data-element_type=\"column\" data-e-type=\"column\">\n\t\t\t<div class=\"elementor-widget-wrap elementor-element-populated\">\n\t\t\t\t\t\t<div class=\"elementor-element elementor-element-5467faf elementor-widget elementor-widget-breadcrumbs\" data-id=\"5467faf\" data-element_type=\"widget\" data-e-type=\"widget\" data-widget_type=\"breadcrumbs.default\">\n\t\t\t\t<div class=\"elementor-widget-container\">\n\t\t\t\t\t<p id=\"breadcrumbs\"><span><span><a href=\"https:\/\/zudc.lt\/pieno-rinka\/\">Pieno rinka<\/a><\/span><\/span><\/p>\t\t\t\t<\/div>\n\t\t\t\t<\/div>\n\t\t\t\t\t<\/div>\n\t\t<\/div>\n\t\t\t\t\t<\/div>\n\t\t<\/section>\n\t\t\t\t<section class=\"elementor-section elementor-top-section elementor-element elementor-element-079ca0e elementor-section-boxed elementor-section-height-default elementor-section-height-default\" data-id=\"079ca0e\" data-element_type=\"section\" data-e-type=\"section\" data-settings=\"{&quot;background_background&quot;:&quot;classic&quot;}\">\n\t\t\t\t\t\t<div class=\"elementor-container elementor-column-gap-no\">\n\t\t\t\t\t<div class=\"elementor-column elementor-col-100 elementor-top-column elementor-element elementor-element-e6b6124\" data-id=\"e6b6124\" data-element_type=\"column\" data-e-type=\"column\">\n\t\t\t<div class=\"elementor-widget-wrap elementor-element-populated\">\n\t\t\t\t\t\t<div class=\"elementor-element elementor-element-aebb8dd elementor-widget elementor-widget-html\" data-id=\"aebb8dd\" data-element_type=\"widget\" data-e-type=\"widget\" data-widget_type=\"html.default\">\n\t\t\t\t<div class=\"elementor-widget-container\">\n\t\t\t\t\t<html>\n<meta name=\"viewport\" content=\"width=device-width, initial-scale=1\" charset=\"UTF-8\">\n<style>\nbody {\n  margin: 0;\n}\n\n* {\n  box-sizing: border-box;\n}\n\nimg {\n  vertical-align: middle;\n}\n\n.container {\n  position: relative;\n}\n\n.mySlides {\n  display: none;\n}\n\n.cursor {\n  cursor: pointer;\n}\n\n.prev,\n.next {\n  cursor: pointer;\n  position: absolute;\n  top: 40%;\n  width: auto;\n  padding: 16px;\n  margin-top: -50px;\n  color: white;\n  font-weight: bold;\n  font-size: 20px;\n  border-radius: 0 3px 3px 0;\n  user-select: none;\n  -webkit-user-select: none;\n}\n\n.next {\n  right: 0;\n  border-radius: 3px 0 0 3px;\n}\n\n.prev:hover,\n.next:hover {\n  background-color: rgba(0, 0, 0, 0.6);\n  color: white;\n}\n\n.numbertext {\n  color: #0c4178;\n  font-size: 14px;\n  padding: 8px 12px;\n  position: absolute;\n  top: 0;\n}\n\n.caption-container {\n  text-align: center;\n  background-color: #0c4178;\n  padding: 10px;\n  color: white;\n}\n\np {\n  display: inline;\n}\n\n.row:after {\n  content: \"\";\n  display: table;\n  clear: both;\n}\n\n.column {\n  float: left;\n  width: 11.11%;\n}\n\n.demo {\n  opacity: 0.6;\n}\n\n.active,\n.demo:hover {\n  opacity: 1;\n}\n<\/style>\n<body>\n<div style=\"max-width:1200px;min-width:355px;position:center;margin:auto;background-color:white\";>\n\n<div class=\"container\">\n  <div class=\"mySlides\">\n    <div class=\"numbertext\"><a href=\"https:\/\/zudc.lt\/pieno-rinka\/1_pav\/\" target=\"_blank\" rel=\"noopener\"><img decoding=\"async\" src=\"https:\/\/zudc.lt\/pieno-rinka\/ico_xlsx\/\" alt=\"Skaidr\u0117s informacija Excel formatu\" title=\"Informacija Excel formatu\"><\/a><\/div>\n    <img decoding=\"async\" src=\"https:\/\/zudc.lt\/pieno-rinka\/karves_ir_ukiai_1_2604\/\" style=\"width:100%\" alt=\"Skaidr\u0117 \u016aki\u0173, laikan\u010di\u0173 karves, ir karvi\u0173 skai\u010dius\">\n  <\/div>\n\n  <div class=\"mySlides\">\n    <div class=\"numbertext\"><\/div>\n    <img decoding=\"async\" src=\"https:\/\/zudc.lt\/pieno-rinka\/karves_ir_ukiai_2_2604\/\" style=\"width:100%\">\n  <\/div>\n\n  <div class=\"mySlides\">\n    <div class=\"numbertext\"><a href=\"https:\/\/zudc.lt\/pieno-rinka\/3_pav\/\" target=\"_blank\" rel=\"noopener\"><img decoding=\"async\" src=\"https:\/\/zudc.lt\/pieno-rinka\/ico_xlsx\/\" alt=\"Skaidr\u0117s informacija Excel formatu\" title=\"Informacija Excel formatu\"><\/a><\/div>\n    <img decoding=\"async\" src=\"https:\/\/zudc.lt\/pieno-rinka\/karves_ir_ukiai_3_2026\/\" style=\"width:100%\">\n  <\/div>\n    \n  <div class=\"mySlides\">\n    <div class=\"numbertext\"><a href=\"https:\/\/zudc.lt\/pieno-rinka\/4_pav\/\" target=\"_blank\" rel=\"noopener\"><img decoding=\"async\" src=\"https:\/\/zudc.lt\/pieno-rinka\/ico_xlsx\/\" alt=\"Skaidr\u0117s informacija Excel formatu\" title=\"Informacija Excel formatu\"><\/a><\/div>\n    <img decoding=\"async\" src=\"https:\/\/zudc.lt\/pieno-rinka\/karves_ir_ukiai_4_2026\/\" style=\"width:100%\">\n  <\/div>\n\n  <div class=\"mySlides\">\n    <div class=\"numbertext\"><a href=\"https:\/\/zudc.lt\/pieno-rinka\/5_pav\/\" target=\"_blank\" rel=\"noopener\"><img decoding=\"async\" src=\"https:\/\/zudc.lt\/pieno-rinka\/ico_xlsx\/\" alt=\"Skaidr\u0117s informacija Excel formatu\" title=\"Informacija Excel formatu\"><\/a><\/div>\n    <img decoding=\"async\" src=\"https:\/\/zudc.lt\/pieno-rinka\/karves_ir_ukiai_5_2026\/\" style=\"width:100%\">\n  <\/div>\n  \n  <div class=\"mySlides\">\n    <div class=\"numbertext\"><a href=\"https:\/\/zudc.lt\/pieno-rinka\/6_pav\/\" target=\"_blank\" rel=\"noopener\"><img decoding=\"async\" src=\"https:\/\/zudc.lt\/pieno-rinka\/ico_xlsx\/\" alt=\"Skaidr\u0117s informacija Excel formatu\" title=\"Informacija Excel formatu\"><\/a><\/div>\n    <img decoding=\"async\" src=\"https:\/\/zudc.lt\/pieno-rinka\/karves_ir_ukiai_6_2026\/\" style=\"width:100%\">\n  <\/div>\n  \n  <div class=\"mySlides\">\n    <div class=\"numbertext\"><a href=\"https:\/\/zudc.lt\/pieno-rinka\/7_pav\/\" target=\"_blank\" rel=\"noopener\"><img decoding=\"async\" src=\"https:\/\/zudc.lt\/pieno-rinka\/ico_xlsx\/\" alt=\"Skaidr\u0117s informacija Excel formatu\" title=\"Informacija Excel formatu\"><\/a><\/div>\n    <img decoding=\"async\" src=\"https:\/\/zudc.lt\/pieno-rinka\/karves_ir_ukiai_7_2026\/\" style=\"width:100%\">\n  <\/div>\n  \n  <div class=\"mySlides\">\n    <div class=\"numbertext\"><a href=\"https:\/\/zudc.lt\/pieno-rinka\/8_pav\/\" target=\"_blank\" rel=\"noopener\"><img decoding=\"async\" src=\"https:\/\/zudc.lt\/pieno-rinka\/ico_xlsx\/\" alt=\"Skaidr\u0117s informacija Excel formatu\" title=\"Informacija Excel formatu\"><\/a><\/div>\n    <img decoding=\"async\" src=\"https:\/\/zudc.lt\/pieno-rinka\/karves_ir_ukiai_8_2026\/\" style=\"width:100%\">\n  <\/div>\n  \n  <div class=\"mySlides\">\n    <div class=\"numbertext\"><a href=\"https:\/\/zudc.lt\/pieno-rinka\/9_pav\/\" target=\"_blank\" rel=\"noopener\"><img decoding=\"async\" src=\"https:\/\/zudc.lt\/pieno-rinka\/ico_xlsx\/\" alt=\"Skaidr\u0117s informacija Excel formatu\" title=\"Informacija Excel formatu\"><\/a><\/div>\n    <img decoding=\"async\" src=\"https:\/\/zudc.lt\/pieno-rinka\/karves_ir_ukiai_9_2026\/\" style=\"width:100%\">\n  <\/div>\n    \n  <a class=\"prev\" onclick=\"plusSlides(-1)\"><<\/a>\n  <a class=\"next\" onclick=\"plusSlides(1)\">><\/a>\n\n  <div class=\"caption-container\">\n    <p id=\"caption\"><\/p>\n  <\/div>\n\n  <div class=\"row\">\n    <div class=\"column\">\n      <img decoding=\"async\" class=\"demo cursor\" src=\"https:\/\/zudc.lt\/pieno-rinka\/karves_ir_ukiai_1_2604\/\" style=\"width:100%\" onclick=\"currentSlide(1)\" alt=\"\u016aki\u0173, laikan\u010di\u0173 karves, ir karvi\u0173 skai\u010dius\">\n    <\/div>\n    <div class=\"column\">\n      <img decoding=\"async\" class=\"demo cursor\" src=\"https:\/\/zudc.lt\/pieno-rinka\/karves_ir_ukiai_2_2604\/\" style=\"width:100%\" onclick=\"currentSlide(2)\" alt=\"Pienini\u0173 veisli\u0173 karvi\u0173 skai\u010diaus pasiskirstymas savivaldyb\u0117se\">\n    <\/div>\n    <div class=\"column\">\n      <img decoding=\"async\" class=\"demo cursor\" src=\"https:\/\/zudc.lt\/pieno-rinka\/karves_ir_ukiai_3_2026\/\" style=\"width:100%\" onclick=\"currentSlide(3)\" alt=\"\u016aki\u0173, laikan\u010di\u0173 karves, ir karvi\u0173 skai\u010dius\">\n    <\/div>\n    <div class=\"column\">\n      <img decoding=\"async\" class=\"demo cursor\" src=\"https:\/\/zudc.lt\/pieno-rinka\/karves_ir_ukiai_4_2026\/\" style=\"width:100%\" onclick=\"currentSlide(4)\" alt=\"Pienini\u0173 veisli\u0173 karvi\u0173 ir i\u0161 j\u0173 tiriam\u0173j\u0173 karvi\u0173 skai\u010dius\">\n    <\/div>\n    <div class=\"column\">\n      <img decoding=\"async\" class=\"demo cursor\" src=\"https:\/\/zudc.lt\/pieno-rinka\/karves_ir_ukiai_5_2026\/\" style=\"width:100%\" onclick=\"currentSlide(5)\" alt=\"\u016aki\u0173, laikan\u010di\u0173 pienini\u0173 veisli\u0173 karves, ir i\u0161 j\u0173 \u016bki\u0173, tirian\u010di\u0173 karves, skai\u010dius\">\n    <\/div> \n    <div class=\"column\">\n      <img decoding=\"async\" class=\"demo cursor\" src=\"https:\/\/zudc.lt\/pieno-rinka\/karves_ir_ukiai_6_2026\/\" style=\"width:100%\" onclick=\"currentSlide(6)\" alt=\"Karvi\u0173 skai\u010dius pagal \u016bkio dyd\u012f\">\n    <\/div> \n    <div class=\"column\">\n      <img decoding=\"async\" class=\"demo cursor\" src=\"https:\/\/zudc.lt\/pieno-rinka\/karves_ir_ukiai_7_2026\/\" style=\"width:100%\" onclick=\"currentSlide(7)\" alt=\"Pieno \u016bki\u0173 skai\u010dius pagal \u016bkio dyd\u012f\">\n    <\/div> \n    <div class=\"column\">\n      <img decoding=\"async\" class=\"demo cursor\" src=\"https:\/\/zudc.lt\/pieno-rinka\/karves_ir_ukiai_8_2026\/\" style=\"width:100%\" onclick=\"currentSlide(8)\" alt=\"Karvi\u0173 skai\u010diaus pokytis pagal \u016bkio dyd\u012f\">\n    <\/div> \n    <div class=\"column\">\n      <img decoding=\"async\" class=\"demo cursor\" src=\"https:\/\/zudc.lt\/pieno-rinka\/karves_ir_ukiai_9_2026\/\" style=\"width:100%\" onclick=\"currentSlide(9)\" alt=\"Pieno \u016bki\u0173 skai\u010diaus pokytis pagal \u016bkio dyd\u012f\">\n    <\/div> \t\n  <\/div>\n<\/div>\n<br>\n<p><i>Daugiau informacijos:<br>\n<a class=\"linkas linkas-p\" href=\"https:\/\/zudc.lt\/statistika\/\" target=\"_blank\" rel=\"noopener\">https:\/\/zudc.lt\/statistika\/<\/a><br>\n<br>\n\u0160altinis: \u016akini\u0173 gyv\u016bn\u0173 registras, \u016akini\u0173 gyv\u016bn\u0173 veislininkyst\u0117s informacin\u0117 sistema  \u00a9 V\u012e \u017d\u016aDC<\/i><\/p>\n<\/div>\n\n<script>\nvar slideIndex = 1;\nshowSlides(slideIndex);\n\nfunction plusSlides(n) {\n  showSlides(slideIndex += n);\n}\n\nfunction currentSlide(n) {\n  showSlides(slideIndex = n);\n}\n\nfunction showSlides(n) {\n  var i;\n  var slides = document.getElementsByClassName(\"mySlides\");\n  var dots = document.getElementsByClassName(\"demo\");\n  var captionText = document.getElementById(\"caption\");\n  if (n > slides.length) {slideIndex = 1}\n  if (n < 1) {slideIndex = slides.length}\n  for (i = 0; i < slides.length; i++) {\n      slides[i].style.display = \"none\";\n  }\n  for (i = 0; i < dots.length; i++) {\n      dots[i].className = dots[i].className.replace(\" active\", \"\");\n  }\n  slides[slideIndex-1].style.display = \"block\";\n  dots[slideIndex-1].className += \" active\";\n  captionText.innerHTML = dots[slideIndex-1].alt;\n}\n<\/script>\n    \n<\/body>\n<\/html>\t\t\t\t<\/div>\n\t\t\t\t<\/div>\n\t\t\t\t\t<\/div>\n\t\t<\/div>\n\t\t\t\t\t<\/div>\n\t\t<\/section>\n\t\t\t\t<\/div>\n\t\t","protected":false},"excerpt":{"rendered":"<p>Daugiau informacijos: https:\/\/zudc.lt\/statistika\/ \u0160altinis: \u016akini\u0173 gyv\u016bn\u0173 registras, \u016akini\u0173 gyv\u016bn\u0173 veislininkyst\u0117s informacin\u0117 sistema \u00a9 V\u012e \u017d\u016aDC<\/p>\n","protected":false},"author":12,"featured_media":0,"parent":0,"menu_order":0,"comment_status":"closed","ping_status":"closed","template":"","meta":{"site-sidebar-layout":"no-sidebar","site-content-layout":"","ast-site-content-layout":"full-width-container","site-content-style":"default","site-sidebar-style":"default","ast-global-header-display":"","ast-banner-title-visibility":"","ast-main-header-display":"","ast-hfb-above-header-display":"","ast-hfb-below-header-display":"","ast-hfb-mobile-header-display":"","site-post-title":"disabled","ast-breadcrumbs-content":"","ast-featured-img":"disabled","footer-sml-layout":"","ast-disable-related-posts":"","theme-transparent-header-meta":"default","adv-header-id-meta":"","stick-header-meta":"default","header-above-stick-meta":"","header-main-stick-meta":"","header-below-stick-meta":"","astra-migrate-meta-layouts":"set","ast-page-background-enabled":"default","ast-page-background-meta":{"desktop":{"background-color":"var(--ast-global-color-4)","background-image":"","background-repeat":"repeat","background-position":"center center","background-size":"auto","background-attachment":"scroll","background-type":"","background-media":"","overlay-type":"","overlay-color":"","overlay-opacity":"","overlay-gradient":""},"tablet":{"background-color":"","background-image":"","background-repeat":"repeat","background-position":"center center","background-size":"auto","background-attachment":"scroll","background-type":"","background-media":"","overlay-type":"","overlay-color":"","overlay-opacity":"","overlay-gradient":""},"mobile":{"background-color":"","background-image":"","background-repeat":"repeat","background-position":"center center","background-size":"auto","background-attachment":"scroll","background-type":"","background-media":"","overlay-type":"","overlay-color":"","overlay-opacity":"","overlay-gradient":""}},"ast-content-background-meta":{"desktop":{"background-color":"var(--ast-global-color-5)","background-image":"","background-repeat":"repeat","background-position":"center center","background-size":"auto","background-attachment":"scroll","background-type":"","background-media":"","overlay-type":"","overlay-color":"","overlay-opacity":"","overlay-gradient":""},"tablet":{"background-color":"var(--ast-global-color-5)","background-image":"","background-repeat":"repeat","background-position":"center center","background-size":"auto","background-attachment":"scroll","background-type":"","background-media":"","overlay-type":"","overlay-color":"","overlay-opacity":"","overlay-gradient":""},"mobile":{"background-color":"var(--ast-global-color-5)","background-image":"","background-repeat":"repeat","background-position":"center center","background-size":"auto","background-attachment":"scroll","background-type":"","background-media":"","overlay-type":"","overlay-color":"","overlay-opacity":"","overlay-gradient":""}},"footnotes":""},"class_list":["post-465","page","type-page","status-publish","hentry"],"yoast_head":"<!-- This site is optimized with the Yoast SEO plugin v27.2 - https:\/\/yoast.com\/product\/yoast-seo-wordpress\/ -->\n<title>Karvi\u0173 skai\u010dius ir \u016bki\u0173, laikan\u010di\u0173 karves, skai\u010dius - Pieno rinka<\/title>\n<meta name=\"robots\" content=\"index, follow, max-snippet:-1, max-image-preview:large, max-video-preview:-1\" \/>\n<link rel=\"canonical\" href=\"https:\/\/zudc.lt\/pieno-rinka\/karviu-ir-ukiu-skaicius\/\" \/>\n<meta property=\"og:locale\" content=\"lt_LT\" \/>\n<meta property=\"og:type\" content=\"article\" \/>\n<meta property=\"og:title\" content=\"Karvi\u0173 skai\u010dius ir \u016bki\u0173, laikan\u010di\u0173 karves, skai\u010dius - Pieno rinka\" \/>\n<meta property=\"og:description\" content=\"Daugiau informacijos: https:\/\/zudc.lt\/statistika\/ \u0160altinis: \u016akini\u0173 gyv\u016bn\u0173 registras, \u016akini\u0173 gyv\u016bn\u0173 veislininkyst\u0117s informacin\u0117 sistema \u00a9 V\u012e \u017d\u016aDC\" \/>\n<meta property=\"og:url\" content=\"https:\/\/zudc.lt\/pieno-rinka\/karviu-ir-ukiu-skaicius\/\" \/>\n<meta property=\"og:site_name\" content=\"Pieno rinka\" \/>\n<meta property=\"article:modified_time\" content=\"2026-04-17T08:13:16+00:00\" \/>\n<meta property=\"og:image\" content=\"https:\/\/zudc.lt\/pieno-rinka\/ico_xlsx\/\" \/>\n<meta name=\"twitter:card\" content=\"summary_large_image\" \/>\n<meta name=\"twitter:label1\" content=\"Est. reading time\" \/>\n\t<meta name=\"twitter:data1\" content=\"6 minut\u0117s\" \/>\n<script type=\"application\/ld+json\" class=\"yoast-schema-graph\">{\"@context\":\"https:\/\/schema.org\",\"@graph\":[{\"@type\":\"WebPage\",\"@id\":\"https:\/\/zudc.lt\/pieno-rinka\/karviu-ir-ukiu-skaicius\/\",\"url\":\"https:\/\/zudc.lt\/pieno-rinka\/karviu-ir-ukiu-skaicius\/\",\"name\":\"Karvi\u0173 skai\u010dius ir \u016bki\u0173, laikan\u010di\u0173 karves, skai\u010dius - Pieno rinka\",\"isPartOf\":{\"@id\":\"https:\/\/zudc.lt\/pieno-rinka\/#website\"},\"primaryImageOfPage\":{\"@id\":\"https:\/\/zudc.lt\/pieno-rinka\/karviu-ir-ukiu-skaicius\/#primaryimage\"},\"image\":{\"@id\":\"https:\/\/zudc.lt\/pieno-rinka\/karviu-ir-ukiu-skaicius\/#primaryimage\"},\"thumbnailUrl\":\"https:\/\/zudc.lt\/pieno-rinka\/ico_xlsx\/\",\"datePublished\":\"2024-08-15T17:53:13+00:00\",\"dateModified\":\"2026-04-17T08:13:16+00:00\",\"breadcrumb\":{\"@id\":\"https:\/\/zudc.lt\/pieno-rinka\/karviu-ir-ukiu-skaicius\/#breadcrumb\"},\"inLanguage\":\"lt-LT\",\"potentialAction\":[{\"@type\":\"ReadAction\",\"target\":[\"https:\/\/zudc.lt\/pieno-rinka\/karviu-ir-ukiu-skaicius\/\"]}]},{\"@type\":\"ImageObject\",\"inLanguage\":\"lt-LT\",\"@id\":\"https:\/\/zudc.lt\/pieno-rinka\/karviu-ir-ukiu-skaicius\/#primaryimage\",\"url\":\"https:\/\/zudc.lt\/pieno-rinka\/ico_xlsx\/\",\"contentUrl\":\"https:\/\/zudc.lt\/pieno-rinka\/ico_xlsx\/\"},{\"@type\":\"BreadcrumbList\",\"@id\":\"https:\/\/zudc.lt\/pieno-rinka\/karviu-ir-ukiu-skaicius\/#breadcrumb\",\"itemListElement\":[{\"@type\":\"ListItem\",\"position\":1,\"name\":\"Pieno rinka\",\"item\":\"https:\/\/zudc.lt\/pieno-rinka\/\"},{\"@type\":\"ListItem\",\"position\":2,\"name\":\"Karvi\u0173 skai\u010dius ir \u016bki\u0173, laikan\u010di\u0173 karves, skai\u010dius\"}]},{\"@type\":\"WebSite\",\"@id\":\"https:\/\/zudc.lt\/pieno-rinka\/#website\",\"url\":\"https:\/\/zudc.lt\/pieno-rinka\/\",\"name\":\"Pieno rinka\",\"description\":\"\",\"publisher\":{\"@id\":\"https:\/\/zudc.lt\/pieno-rinka\/#organization\"},\"potentialAction\":[{\"@type\":\"SearchAction\",\"target\":{\"@type\":\"EntryPoint\",\"urlTemplate\":\"https:\/\/zudc.lt\/pieno-rinka\/?s={search_term_string}\"},\"query-input\":{\"@type\":\"PropertyValueSpecification\",\"valueRequired\":true,\"valueName\":\"search_term_string\"}}],\"inLanguage\":\"lt-LT\"},{\"@type\":\"Organization\",\"@id\":\"https:\/\/zudc.lt\/pieno-rinka\/#organization\",\"name\":\"Pieno rinka\",\"url\":\"https:\/\/zudc.lt\/pieno-rinka\/\",\"logo\":{\"@type\":\"ImageObject\",\"inLanguage\":\"lt-LT\",\"@id\":\"https:\/\/zudc.lt\/pieno-rinka\/#\/schema\/logo\/image\/\",\"url\":\"https:\/\/zudc.lt\/pieno-rinka\/wp-content\/uploads\/sites\/5\/2024\/01\/ZUDC-logo.png\",\"contentUrl\":\"https:\/\/zudc.lt\/pieno-rinka\/wp-content\/uploads\/sites\/5\/2024\/01\/ZUDC-logo.png\",\"width\":1967,\"height\":615,\"caption\":\"Pieno rinka\"},\"image\":{\"@id\":\"https:\/\/zudc.lt\/pieno-rinka\/#\/schema\/logo\/image\/\"}}]}<\/script>\n<!-- \/ Yoast SEO plugin. -->","yoast_head_json":{"title":"Karvi\u0173 skai\u010dius ir \u016bki\u0173, laikan\u010di\u0173 karves, skai\u010dius - Pieno rinka","robots":{"index":"index","follow":"follow","max-snippet":"max-snippet:-1","max-image-preview":"max-image-preview:large","max-video-preview":"max-video-preview:-1"},"canonical":"https:\/\/zudc.lt\/pieno-rinka\/karviu-ir-ukiu-skaicius\/","og_locale":"lt_LT","og_type":"article","og_title":"Karvi\u0173 skai\u010dius ir \u016bki\u0173, laikan\u010di\u0173 karves, skai\u010dius - Pieno rinka","og_description":"Daugiau informacijos: https:\/\/zudc.lt\/statistika\/ \u0160altinis: \u016akini\u0173 gyv\u016bn\u0173 registras, \u016akini\u0173 gyv\u016bn\u0173 veislininkyst\u0117s informacin\u0117 sistema \u00a9 V\u012e \u017d\u016aDC","og_url":"https:\/\/zudc.lt\/pieno-rinka\/karviu-ir-ukiu-skaicius\/","og_site_name":"Pieno rinka","article_modified_time":"2026-04-17T08:13:16+00:00","og_image":[{"url":"https:\/\/zudc.lt\/pieno-rinka\/ico_xlsx\/","type":"","width":"","height":""}],"twitter_card":"summary_large_image","twitter_misc":{"Est. reading time":"6 minut\u0117s"},"schema":{"@context":"https:\/\/schema.org","@graph":[{"@type":"WebPage","@id":"https:\/\/zudc.lt\/pieno-rinka\/karviu-ir-ukiu-skaicius\/","url":"https:\/\/zudc.lt\/pieno-rinka\/karviu-ir-ukiu-skaicius\/","name":"Karvi\u0173 skai\u010dius ir \u016bki\u0173, laikan\u010di\u0173 karves, skai\u010dius - Pieno rinka","isPartOf":{"@id":"https:\/\/zudc.lt\/pieno-rinka\/#website"},"primaryImageOfPage":{"@id":"https:\/\/zudc.lt\/pieno-rinka\/karviu-ir-ukiu-skaicius\/#primaryimage"},"image":{"@id":"https:\/\/zudc.lt\/pieno-rinka\/karviu-ir-ukiu-skaicius\/#primaryimage"},"thumbnailUrl":"https:\/\/zudc.lt\/pieno-rinka\/ico_xlsx\/","datePublished":"2024-08-15T17:53:13+00:00","dateModified":"2026-04-17T08:13:16+00:00","breadcrumb":{"@id":"https:\/\/zudc.lt\/pieno-rinka\/karviu-ir-ukiu-skaicius\/#breadcrumb"},"inLanguage":"lt-LT","potentialAction":[{"@type":"ReadAction","target":["https:\/\/zudc.lt\/pieno-rinka\/karviu-ir-ukiu-skaicius\/"]}]},{"@type":"ImageObject","inLanguage":"lt-LT","@id":"https:\/\/zudc.lt\/pieno-rinka\/karviu-ir-ukiu-skaicius\/#primaryimage","url":"https:\/\/zudc.lt\/pieno-rinka\/ico_xlsx\/","contentUrl":"https:\/\/zudc.lt\/pieno-rinka\/ico_xlsx\/"},{"@type":"BreadcrumbList","@id":"https:\/\/zudc.lt\/pieno-rinka\/karviu-ir-ukiu-skaicius\/#breadcrumb","itemListElement":[{"@type":"ListItem","position":1,"name":"Pieno rinka","item":"https:\/\/zudc.lt\/pieno-rinka\/"},{"@type":"ListItem","position":2,"name":"Karvi\u0173 skai\u010dius ir \u016bki\u0173, laikan\u010di\u0173 karves, skai\u010dius"}]},{"@type":"WebSite","@id":"https:\/\/zudc.lt\/pieno-rinka\/#website","url":"https:\/\/zudc.lt\/pieno-rinka\/","name":"Pieno rinka","description":"","publisher":{"@id":"https:\/\/zudc.lt\/pieno-rinka\/#organization"},"potentialAction":[{"@type":"SearchAction","target":{"@type":"EntryPoint","urlTemplate":"https:\/\/zudc.lt\/pieno-rinka\/?s={search_term_string}"},"query-input":{"@type":"PropertyValueSpecification","valueRequired":true,"valueName":"search_term_string"}}],"inLanguage":"lt-LT"},{"@type":"Organization","@id":"https:\/\/zudc.lt\/pieno-rinka\/#organization","name":"Pieno rinka","url":"https:\/\/zudc.lt\/pieno-rinka\/","logo":{"@type":"ImageObject","inLanguage":"lt-LT","@id":"https:\/\/zudc.lt\/pieno-rinka\/#\/schema\/logo\/image\/","url":"https:\/\/zudc.lt\/pieno-rinka\/wp-content\/uploads\/sites\/5\/2024\/01\/ZUDC-logo.png","contentUrl":"https:\/\/zudc.lt\/pieno-rinka\/wp-content\/uploads\/sites\/5\/2024\/01\/ZUDC-logo.png","width":1967,"height":615,"caption":"Pieno rinka"},"image":{"@id":"https:\/\/zudc.lt\/pieno-rinka\/#\/schema\/logo\/image\/"}}]}},"_links":{"self":[{"href":"https:\/\/zudc.lt\/pieno-rinka\/wp-json\/wp\/v2\/pages\/465","targetHints":{"allow":["GET"]}}],"collection":[{"href":"https:\/\/zudc.lt\/pieno-rinka\/wp-json\/wp\/v2\/pages"}],"about":[{"href":"https:\/\/zudc.lt\/pieno-rinka\/wp-json\/wp\/v2\/types\/page"}],"author":[{"embeddable":true,"href":"https:\/\/zudc.lt\/pieno-rinka\/wp-json\/wp\/v2\/users\/12"}],"replies":[{"embeddable":true,"href":"https:\/\/zudc.lt\/pieno-rinka\/wp-json\/wp\/v2\/comments?post=465"}],"version-history":[{"count":103,"href":"https:\/\/zudc.lt\/pieno-rinka\/wp-json\/wp\/v2\/pages\/465\/revisions"}],"predecessor-version":[{"id":2395,"href":"https:\/\/zudc.lt\/pieno-rinka\/wp-json\/wp\/v2\/pages\/465\/revisions\/2395"}],"wp:attachment":[{"href":"https:\/\/zudc.lt\/pieno-rinka\/wp-json\/wp\/v2\/media?parent=465"}],"curies":[{"name":"wp","href":"https:\/\/api.w.org\/{rel}","templated":true}]}}