{"id":18489,"date":"2023-12-09T15:51:05","date_gmt":"2023-12-09T13:51:05","guid":{"rendered":"https:\/\/zudc.lt\/lithuanian-national-fisheries-data-collection-program\/prekyba\/"},"modified":"2023-12-09T17:55:44","modified_gmt":"2023-12-09T15:55:44","slug":"trade","status":"publish","type":"page","link":"https:\/\/zudc.lt\/en\/lithuanian-national-fisheries-data-collection-program\/trade\/","title":{"rendered":"Trade"},"content":{"rendered":"\t\t<div data-elementor-type=\"wp-page\" data-elementor-id=\"18489\" class=\"elementor elementor-18489\" data-elementor-post-type=\"page\">\n\t\t\t\t\t\t<section class=\"elementor-section elementor-top-section elementor-element elementor-element-5519e45 elementor-section-boxed elementor-section-height-default elementor-section-height-default\" data-id=\"5519e45\" data-element_type=\"section\" data-e-type=\"section\" data-settings=\"{&quot;background_background&quot;:&quot;classic&quot;}\">\n\t\t\t\t\t\t\t<div class=\"elementor-background-overlay\"><\/div>\n\t\t\t\t\t\t\t<div class=\"elementor-container elementor-column-gap-no\">\n\t\t\t\t\t<div class=\"elementor-column elementor-col-100 elementor-top-column elementor-element elementor-element-748c65e\" data-id=\"748c65e\" data-element_type=\"column\" data-e-type=\"column\">\n\t\t\t<div class=\"elementor-widget-wrap elementor-element-populated\">\n\t\t\t\t\t\t<div class=\"elementor-element elementor-element-e4f7a78 elementor-align-left elementor-widget elementor-widget-breadcrumbs\" data-id=\"e4f7a78\" data-element_type=\"widget\" data-e-type=\"widget\" data-widget_type=\"breadcrumbs.default\">\n\t\t\t\t<div class=\"elementor-widget-container\">\n\t\t\t\t\t<p id=\"breadcrumbs\"><span><span><a href=\"https:\/\/zudc.lt\/\">Pagrindinis<\/a><\/span><\/span><\/p>\t\t\t\t<\/div>\n\t\t\t\t<\/div>\n\t\t\t\t<div class=\"elementor-element elementor-element-7f70cdd elementor-widget elementor-widget-heading\" data-id=\"7f70cdd\" data-element_type=\"widget\" data-e-type=\"widget\" data-widget_type=\"heading.default\">\n\t\t\t\t<div class=\"elementor-widget-container\">\n\t\t\t\t\t<h1 class=\"elementor-heading-title elementor-size-default\">Trade<\/h1>\t\t\t\t<\/div>\n\t\t\t\t<\/div>\n\t\t\t\t\t<\/div>\n\t\t<\/div>\n\t\t\t\t\t<\/div>\n\t\t<\/section>\n\t\t\t\t<section class=\"elementor-section elementor-top-section elementor-element elementor-element-f1087d8 elementor-section-boxed elementor-section-height-default elementor-section-height-default\" data-id=\"f1087d8\" data-element_type=\"section\" data-e-type=\"section\" data-settings=\"{&quot;background_background&quot;:&quot;classic&quot;}\">\n\t\t\t\t\t\t<div class=\"elementor-container elementor-column-gap-no\">\n\t\t\t\t\t<div class=\"elementor-column elementor-col-100 elementor-top-column elementor-element elementor-element-ad59e8f\" data-id=\"ad59e8f\" data-element_type=\"column\" data-e-type=\"column\">\n\t\t\t<div class=\"elementor-widget-wrap elementor-element-populated\">\n\t\t\t\t\t\t<section class=\"elementor-section elementor-inner-section elementor-element elementor-element-af687de elementor-section-boxed elementor-section-height-default elementor-section-height-default\" data-id=\"af687de\" data-element_type=\"section\" data-e-type=\"section\">\n\t\t\t\t\t\t<div class=\"elementor-container elementor-column-gap-no\">\n\t\t\t\t\t<div class=\"elementor-column elementor-col-100 elementor-inner-column elementor-element elementor-element-ddc817b\" data-id=\"ddc817b\" data-element_type=\"column\" data-e-type=\"column\" data-settings=\"{&quot;background_background&quot;:&quot;classic&quot;}\">\n\t\t\t<div class=\"elementor-widget-wrap elementor-element-populated\">\n\t\t\t\t\t\t<div class=\"elementor-element elementor-element-caa21b7 elementor-widget elementor-widget-heading\" data-id=\"caa21b7\" data-element_type=\"widget\" data-e-type=\"widget\" data-widget_type=\"heading.default\">\n\t\t\t\t<div class=\"elementor-widget-container\">\n\t\t\t\t\t<h5 class=\"elementor-heading-title elementor-size-default\">Retail market<\/h5>\t\t\t\t<\/div>\n\t\t\t\t<\/div>\n\t\t\t\t<div class=\"elementor-element elementor-element-e3ee9de elementor-widget elementor-widget-accordion\" data-id=\"e3ee9de\" data-element_type=\"widget\" data-e-type=\"widget\" data-widget_type=\"accordion.default\">\n\t\t\t\t<div class=\"elementor-widget-container\">\n\t\t\t\t\t\t\t<div class=\"elementor-accordion\">\n\t\t\t\t\t\t\t<div class=\"elementor-accordion-item\">\n\t\t\t\t\t<div id=\"elementor-tab-title-2391\" class=\"elementor-tab-title\" data-tab=\"1\" role=\"button\" aria-controls=\"elementor-tab-content-2391\" aria-expanded=\"false\">\n\t\t\t\t\t\t\t\t\t\t\t\t\t<span class=\"elementor-accordion-icon elementor-accordion-icon-right\" aria-hidden=\"true\">\n\t\t\t\t\t\t\t\t\t\t\t\t\t\t\t<span class=\"elementor-accordion-icon-closed\"><svg class=\"e-font-icon-svg e-fas-plus\" viewBox=\"0 0 448 512\" xmlns=\"http:\/\/www.w3.org\/2000\/svg\"><path d=\"M416 208H272V64c0-17.67-14.33-32-32-32h-32c-17.67 0-32 14.33-32 32v144H32c-17.67 0-32 14.33-32 32v32c0 17.67 14.33 32 32 32h144v144c0 17.67 14.33 32 32 32h32c17.67 0 32-14.33 32-32V304h144c17.67 0 32-14.33 32-32v-32c0-17.67-14.33-32-32-32z\"><\/path><\/svg><\/span>\n\t\t\t\t\t\t\t\t<span class=\"elementor-accordion-icon-opened\"><svg class=\"e-font-icon-svg e-fas-minus\" viewBox=\"0 0 448 512\" xmlns=\"http:\/\/www.w3.org\/2000\/svg\"><path d=\"M416 208H32c-17.67 0-32 14.33-32 32v32c0 17.67 14.33 32 32 32h384c17.67 0 32-14.33 32-32v-32c0-17.67-14.33-32-32-32z\"><\/path><\/svg><\/span>\n\t\t\t\t\t\t\t\t\t\t\t\t\t\t<\/span>\n\t\t\t\t\t\t\t\t\t\t\t\t<a class=\"elementor-accordion-title\" tabindex=\"0\">Retail prices of fish products in Lithuania<\/a>\n\t\t\t\t\t<\/div>\n\t\t\t\t\t<div id=\"elementor-tab-content-2391\" class=\"elementor-tab-content elementor-clearfix\" data-tab=\"1\" role=\"region\" aria-labelledby=\"elementor-tab-title-2391\"><iframe title=\"\" src=\"https:\/\/app.powerbi.com\/view?r=eyJrIjoiMzY5ZmJmNWItZGYyYi00ZjZhLWIyZmUtMGJhMjg3MTRmODkyIiwidCI6IjNjMjk2MzFmLTAyN2EtNGFlYy05OGQxLWJlMGNjODg4MzAxNiIsImMiOjl9\" allowfullscreen=\"true\" width=\"100%\" height=\"836\" frameborder=\"0\"><\/iframe><\/div>\n\t\t\t\t<\/div>\n\t\t\t\t\t\t\t\t<\/div>\n\t\t\t\t\t\t<\/div>\n\t\t\t\t<\/div>\n\t\t\t\t\t<\/div>\n\t\t<\/div>\n\t\t\t\t\t<\/div>\n\t\t<\/section>\n\t\t\t\t<section class=\"elementor-section elementor-inner-section elementor-element elementor-element-742692b elementor-section-boxed elementor-section-height-default elementor-section-height-default\" data-id=\"742692b\" data-element_type=\"section\" data-e-type=\"section\">\n\t\t\t\t\t\t<div class=\"elementor-container elementor-column-gap-no\">\n\t\t\t\t\t<div class=\"elementor-column elementor-col-100 elementor-inner-column elementor-element elementor-element-b9d9a65\" data-id=\"b9d9a65\" data-element_type=\"column\" data-e-type=\"column\" data-settings=\"{&quot;background_background&quot;:&quot;classic&quot;}\">\n\t\t\t<div class=\"elementor-widget-wrap elementor-element-populated\">\n\t\t\t\t\t\t<div class=\"elementor-element elementor-element-7360c97 elementor-widget elementor-widget-heading\" data-id=\"7360c97\" data-element_type=\"widget\" data-e-type=\"widget\" data-widget_type=\"heading.default\">\n\t\t\t\t<div class=\"elementor-widget-container\">\n\t\t\t\t\t<h5 class=\"elementor-heading-title elementor-size-default\">Country import \/ export<\/h5>\t\t\t\t<\/div>\n\t\t\t\t<\/div>\n\t\t\t\t<div class=\"elementor-element elementor-element-9b9572a elementor-widget elementor-widget-accordion\" data-id=\"9b9572a\" data-element_type=\"widget\" data-e-type=\"widget\" data-widget_type=\"accordion.default\">\n\t\t\t\t<div class=\"elementor-widget-container\">\n\t\t\t\t\t\t\t<div class=\"elementor-accordion\">\n\t\t\t\t\t\t\t<div class=\"elementor-accordion-item\">\n\t\t\t\t\t<div id=\"elementor-tab-title-1631\" class=\"elementor-tab-title\" data-tab=\"1\" role=\"button\" aria-controls=\"elementor-tab-content-1631\" aria-expanded=\"false\">\n\t\t\t\t\t\t\t\t\t\t\t\t\t<span class=\"elementor-accordion-icon elementor-accordion-icon-right\" aria-hidden=\"true\">\n\t\t\t\t\t\t\t\t\t\t\t\t\t\t\t<span class=\"elementor-accordion-icon-closed\"><svg class=\"e-font-icon-svg e-fas-plus\" viewBox=\"0 0 448 512\" xmlns=\"http:\/\/www.w3.org\/2000\/svg\"><path d=\"M416 208H272V64c0-17.67-14.33-32-32-32h-32c-17.67 0-32 14.33-32 32v144H32c-17.67 0-32 14.33-32 32v32c0 17.67 14.33 32 32 32h144v144c0 17.67 14.33 32 32 32h32c17.67 0 32-14.33 32-32V304h144c17.67 0 32-14.33 32-32v-32c0-17.67-14.33-32-32-32z\"><\/path><\/svg><\/span>\n\t\t\t\t\t\t\t\t<span class=\"elementor-accordion-icon-opened\"><svg class=\"e-font-icon-svg e-fas-minus\" viewBox=\"0 0 448 512\" xmlns=\"http:\/\/www.w3.org\/2000\/svg\"><path d=\"M416 208H32c-17.67 0-32 14.33-32 32v32c0 17.67 14.33 32 32 32h384c17.67 0 32-14.33 32-32v-32c0-17.67-14.33-32-32-32z\"><\/path><\/svg><\/span>\n\t\t\t\t\t\t\t\t\t\t\t\t\t\t<\/span>\n\t\t\t\t\t\t\t\t\t\t\t\t<a class=\"elementor-accordion-title\" tabindex=\"0\">Lithuanian foreign trade of fish products<\/a>\n\t\t\t\t\t<\/div>\n\t\t\t\t\t<div id=\"elementor-tab-content-1631\" class=\"elementor-tab-content elementor-clearfix\" data-tab=\"1\" role=\"region\" aria-labelledby=\"elementor-tab-title-1631\"><iframe title=\"\" src=\"https:\/\/app.powerbi.com\/view?r=eyJrIjoiMGQ2NTdiMjAtYmJjOC00OGIwLTgzNzgtNTEwNGI4NzZmYWNlIiwidCI6IjNjMjk2MzFmLTAyN2EtNGFlYy05OGQxLWJlMGNjODg4MzAxNiIsImMiOjl9\"  allowfullscreen=\"true\" width=\"100%\" height=\"836\" frameborder=\"0\"><\/iframe><\/div>\n\t\t\t\t<\/div>\n\t\t\t\t\t\t\t<div class=\"elementor-accordion-item\">\n\t\t\t\t\t<div id=\"elementor-tab-title-1632\" class=\"elementor-tab-title\" data-tab=\"2\" role=\"button\" aria-controls=\"elementor-tab-content-1632\" aria-expanded=\"false\">\n\t\t\t\t\t\t\t\t\t\t\t\t\t<span class=\"elementor-accordion-icon elementor-accordion-icon-right\" aria-hidden=\"true\">\n\t\t\t\t\t\t\t\t\t\t\t\t\t\t\t<span class=\"elementor-accordion-icon-closed\"><svg class=\"e-font-icon-svg e-fas-plus\" viewBox=\"0 0 448 512\" xmlns=\"http:\/\/www.w3.org\/2000\/svg\"><path d=\"M416 208H272V64c0-17.67-14.33-32-32-32h-32c-17.67 0-32 14.33-32 32v144H32c-17.67 0-32 14.33-32 32v32c0 17.67 14.33 32 32 32h144v144c0 17.67 14.33 32 32 32h32c17.67 0 32-14.33 32-32V304h144c17.67 0 32-14.33 32-32v-32c0-17.67-14.33-32-32-32z\"><\/path><\/svg><\/span>\n\t\t\t\t\t\t\t\t<span class=\"elementor-accordion-icon-opened\"><svg class=\"e-font-icon-svg e-fas-minus\" viewBox=\"0 0 448 512\" xmlns=\"http:\/\/www.w3.org\/2000\/svg\"><path d=\"M416 208H32c-17.67 0-32 14.33-32 32v32c0 17.67 14.33 32 32 32h384c17.67 0 32-14.33 32-32v-32c0-17.67-14.33-32-32-32z\"><\/path><\/svg><\/span>\n\t\t\t\t\t\t\t\t\t\t\t\t\t\t<\/span>\n\t\t\t\t\t\t\t\t\t\t\t\t<a class=\"elementor-accordion-title\" tabindex=\"0\">Lithuanian foreign trade by fish products<\/a>\n\t\t\t\t\t<\/div>\n\t\t\t\t\t<div id=\"elementor-tab-content-1632\" class=\"elementor-tab-content elementor-clearfix\" data-tab=\"2\" role=\"region\" aria-labelledby=\"elementor-tab-title-1632\"><iframe title=\"\" src=\"https:\/\/app.powerbi.com\/view?r=eyJrIjoiMGYxZWYwNmMtMjEzNi00OTAzLWE0MWUtM2QxMDIwYTQ2NmNiIiwidCI6IjNjMjk2MzFmLTAyN2EtNGFlYy05OGQxLWJlMGNjODg4MzAxNiIsImMiOjl9\"  allowfullscreen=\"true\" width=\"100%\" height=\"836\" frameborder=\"0\"><\/iframe><\/div>\n\t\t\t\t<\/div>\n\t\t\t\t\t\t\t<div class=\"elementor-accordion-item\">\n\t\t\t\t\t<div id=\"elementor-tab-title-1633\" class=\"elementor-tab-title\" data-tab=\"3\" role=\"button\" aria-controls=\"elementor-tab-content-1633\" aria-expanded=\"false\">\n\t\t\t\t\t\t\t\t\t\t\t\t\t<span class=\"elementor-accordion-icon elementor-accordion-icon-right\" aria-hidden=\"true\">\n\t\t\t\t\t\t\t\t\t\t\t\t\t\t\t<span class=\"elementor-accordion-icon-closed\"><svg class=\"e-font-icon-svg e-fas-plus\" viewBox=\"0 0 448 512\" xmlns=\"http:\/\/www.w3.org\/2000\/svg\"><path d=\"M416 208H272V64c0-17.67-14.33-32-32-32h-32c-17.67 0-32 14.33-32 32v144H32c-17.67 0-32 14.33-32 32v32c0 17.67 14.33 32 32 32h144v144c0 17.67 14.33 32 32 32h32c17.67 0 32-14.33 32-32V304h144c17.67 0 32-14.33 32-32v-32c0-17.67-14.33-32-32-32z\"><\/path><\/svg><\/span>\n\t\t\t\t\t\t\t\t<span class=\"elementor-accordion-icon-opened\"><svg class=\"e-font-icon-svg e-fas-minus\" viewBox=\"0 0 448 512\" xmlns=\"http:\/\/www.w3.org\/2000\/svg\"><path d=\"M416 208H32c-17.67 0-32 14.33-32 32v32c0 17.67 14.33 32 32 32h384c17.67 0 32-14.33 32-32v-32c0-17.67-14.33-32-32-32z\"><\/path><\/svg><\/span>\n\t\t\t\t\t\t\t\t\t\t\t\t\t\t<\/span>\n\t\t\t\t\t\t\t\t\t\t\t\t<a class=\"elementor-accordion-title\" tabindex=\"0\">Lithuanian foreign trade of fish products by country<\/a>\n\t\t\t\t\t<\/div>\n\t\t\t\t\t<div id=\"elementor-tab-content-1633\" class=\"elementor-tab-content elementor-clearfix\" data-tab=\"3\" role=\"region\" aria-labelledby=\"elementor-tab-title-1633\"><iframe title=\"\" src=\"https:\/\/app.powerbi.com\/view?r=eyJrIjoiNjI1YjIyMDgtMmIyYy00ZjgzLTgxNmItOWQ0YmIyZGVjMTk4IiwidCI6IjNjMjk2MzFmLTAyN2EtNGFlYy05OGQxLWJlMGNjODg4MzAxNiIsImMiOjl9\"  allowfullscreen=\"true\" width=\"100%\" height=\"836\" frameborder=\"0\"><\/iframe><\/div>\n\t\t\t\t<\/div>\n\t\t\t\t\t\t\t\t<\/div>\n\t\t\t\t\t\t<\/div>\n\t\t\t\t<\/div>\n\t\t\t\t\t<\/div>\n\t\t<\/div>\n\t\t\t\t\t<\/div>\n\t\t<\/section>\n\t\t\t\t\t<\/div>\n\t\t<\/div>\n\t\t\t\t\t<\/div>\n\t\t<\/section>\n\t\t\t\t<\/div>\n\t\t","protected":false},"excerpt":{"rendered":"<p>Retail market Retail prices of fish products in Lithuania Country import \/ export Lithuanian foreign trade of fish products Lithuanian foreign trade by fish products Lithuanian foreign trade of fish products by country<\/p>\n","protected":false},"author":1,"featured_media":0,"parent":18371,"menu_order":0,"comment_status":"closed","ping_status":"closed","template":"","meta":{"_acf_changed":false,"site-sidebar-layout":"no-sidebar","site-content-layout":"page-builder","ast-site-content-layout":"full-width-container","site-content-style":"unboxed","site-sidebar-style":"unboxed","ast-global-header-display":"","ast-banner-title-visibility":"","ast-main-header-display":"","ast-hfb-above-header-display":"","ast-hfb-below-header-display":"","ast-hfb-mobile-header-display":"","site-post-title":"disabled","ast-breadcrumbs-content":"","ast-featured-img":"disabled","footer-sml-layout":"","ast-disable-related-posts":"","theme-transparent-header-meta":"default","adv-header-id-meta":"","stick-header-meta":"default","header-above-stick-meta":"","header-main-stick-meta":"","header-below-stick-meta":"","astra-migrate-meta-layouts":"set","ast-page-background-enabled":"default","ast-page-background-meta":{"desktop":{"background-color":"var(--ast-global-color-4)","background-image":"","background-repeat":"repeat","background-position":"center center","background-size":"auto","background-attachment":"scroll","background-type":"","background-media":"","overlay-type":"","overlay-color":"","overlay-opacity":"","overlay-gradient":""},"tablet":{"background-color":"","background-image":"","background-repeat":"repeat","background-position":"center center","background-size":"auto","background-attachment":"scroll","background-type":"","background-media":"","overlay-type":"","overlay-color":"","overlay-opacity":"","overlay-gradient":""},"mobile":{"background-color":"","background-image":"","background-repeat":"repeat","background-position":"center center","background-size":"auto","background-attachment":"scroll","background-type":"","background-media":"","overlay-type":"","overlay-color":"","overlay-opacity":"","overlay-gradient":""}},"ast-content-background-meta":{"desktop":{"background-color":"var(--ast-global-color-5)","background-image":"","background-repeat":"repeat","background-position":"center center","background-size":"auto","background-attachment":"scroll","background-type":"","background-media":"","overlay-type":"","overlay-color":"","overlay-opacity":"","overlay-gradient":""},"tablet":{"background-color":"var(--ast-global-color-5)","background-image":"","background-repeat":"repeat","background-position":"center center","background-size":"auto","background-attachment":"scroll","background-type":"","background-media":"","overlay-type":"","overlay-color":"","overlay-opacity":"","overlay-gradient":""},"mobile":{"background-color":"var(--ast-global-color-5)","background-image":"","background-repeat":"repeat","background-position":"center center","background-size":"auto","background-attachment":"scroll","background-type":"","background-media":"","overlay-type":"","overlay-color":"","overlay-opacity":"","overlay-gradient":""}},"footnotes":""},"folder":[],"class_list":["post-18489","page","type-page","status-publish","hentry"],"acf":[],"yoast_head":"<!-- This site is optimized with the Yoast SEO plugin v27.2 - https:\/\/yoast.com\/product\/yoast-seo-wordpress\/ -->\n<title>Trade - V\u012e \u017dem\u0117s \u016bkio duomen\u0173 centras<\/title>\n<meta name=\"robots\" content=\"index, follow, max-snippet:-1, max-image-preview:large, max-video-preview:-1\" \/>\n<link rel=\"canonical\" href=\"https:\/\/zudc.lt\/lietuvos-nacionaline-zuvininkystes-duomenu-rinkimo-programa\/prekyba\/\" \/>\n<meta property=\"og:locale\" content=\"en_US\" \/>\n<meta property=\"og:type\" content=\"article\" \/>\n<meta property=\"og:title\" content=\"Trade - V\u012e \u017dem\u0117s \u016bkio duomen\u0173 centras\" \/>\n<meta property=\"og:description\" content=\"Retail market Retail prices of fish products in Lithuania Country import \/ export Lithuanian foreign trade of fish products Lithuanian foreign trade by fish products Lithuanian foreign trade of fish products by country\" \/>\n<meta property=\"og:url\" content=\"https:\/\/zudc.lt\/lietuvos-nacionaline-zuvininkystes-duomenu-rinkimo-programa\/prekyba\/\" \/>\n<meta property=\"og:site_name\" content=\"V\u012e \u017dem\u0117s \u016bkio duomen\u0173 centras\" \/>\n<meta property=\"article:publisher\" content=\"https:\/\/www.facebook.com\/vizudc\" \/>\n<meta property=\"article:modified_time\" content=\"2023-12-09T15:55:44+00:00\" \/>\n<meta property=\"og:image\" content=\"https:\/\/zudc.lt\/wp-content\/uploads\/2024\/01\/zudc.png\" \/>\n\t<meta property=\"og:image:width\" content=\"1200\" \/>\n\t<meta property=\"og:image:height\" content=\"675\" \/>\n\t<meta property=\"og:image:type\" content=\"image\/png\" \/>\n<meta name=\"twitter:card\" content=\"summary_large_image\" \/>\n<meta name=\"twitter:label1\" content=\"Est. reading time\" \/>\n\t<meta name=\"twitter:data1\" content=\"1 minute\" \/>\n<script type=\"application\/ld+json\" class=\"yoast-schema-graph\">{\"@context\":\"https:\/\/schema.org\",\"@graph\":[{\"@type\":\"WebPage\",\"@id\":\"https:\/\/zudc.lt\/lietuvos-nacionaline-zuvininkystes-duomenu-rinkimo-programa\/prekyba\/\",\"url\":\"https:\/\/zudc.lt\/lietuvos-nacionaline-zuvininkystes-duomenu-rinkimo-programa\/prekyba\/\",\"name\":\"Trade - V\u012e \u017dem\u0117s \u016bkio duomen\u0173 centras\",\"isPartOf\":{\"@id\":\"https:\/\/zudc.lt\/#website\"},\"datePublished\":\"2023-12-09T13:51:05+00:00\",\"dateModified\":\"2023-12-09T15:55:44+00:00\",\"breadcrumb\":{\"@id\":\"https:\/\/zudc.lt\/lietuvos-nacionaline-zuvininkystes-duomenu-rinkimo-programa\/prekyba\/#breadcrumb\"},\"inLanguage\":\"en-US\",\"potentialAction\":[{\"@type\":\"ReadAction\",\"target\":[\"https:\/\/zudc.lt\/lietuvos-nacionaline-zuvininkystes-duomenu-rinkimo-programa\/prekyba\/\"]}]},{\"@type\":\"BreadcrumbList\",\"@id\":\"https:\/\/zudc.lt\/lietuvos-nacionaline-zuvininkystes-duomenu-rinkimo-programa\/prekyba\/#breadcrumb\",\"itemListElement\":[{\"@type\":\"ListItem\",\"position\":1,\"name\":\"Pagrindinis\",\"item\":\"https:\/\/zudc.lt\/\"},{\"@type\":\"ListItem\",\"position\":2,\"name\":\"Lithuanian national fisheries data collection program\",\"item\":\"https:\/\/zudc.lt\/lietuvos-nacionaline-zuvininkystes-duomenu-rinkimo-programa\/\"},{\"@type\":\"ListItem\",\"position\":3,\"name\":\"Trade\"}]},{\"@type\":\"WebSite\",\"@id\":\"https:\/\/zudc.lt\/#website\",\"url\":\"https:\/\/zudc.lt\/\",\"name\":\"V\u012e \u017dem\u0117s \u016bkio duomen\u0173 centras\",\"description\":\"\",\"publisher\":{\"@id\":\"https:\/\/zudc.lt\/#organization\"},\"potentialAction\":[{\"@type\":\"SearchAction\",\"target\":{\"@type\":\"EntryPoint\",\"urlTemplate\":\"https:\/\/zudc.lt\/?s={search_term_string}\"},\"query-input\":{\"@type\":\"PropertyValueSpecification\",\"valueRequired\":true,\"valueName\":\"search_term_string\"}}],\"inLanguage\":\"en-US\"},{\"@type\":\"Organization\",\"@id\":\"https:\/\/zudc.lt\/#organization\",\"name\":\"V\u012e \u017dem\u0117s \u016bkio duomen\u0173 centras\",\"url\":\"https:\/\/zudc.lt\/\",\"logo\":{\"@type\":\"ImageObject\",\"inLanguage\":\"en-US\",\"@id\":\"https:\/\/zudc.lt\/#\/schema\/logo\/image\/\",\"url\":\"https:\/\/zudc.lt\/wp-content\/uploads\/2023\/08\/ZUDC-logo.svg\",\"contentUrl\":\"https:\/\/zudc.lt\/wp-content\/uploads\/2023\/08\/ZUDC-logo.svg\",\"width\":166,\"height\":51,\"caption\":\"V\u012e \u017dem\u0117s \u016bkio duomen\u0173 centras\"},\"image\":{\"@id\":\"https:\/\/zudc.lt\/#\/schema\/logo\/image\/\"},\"sameAs\":[\"https:\/\/www.facebook.com\/vizudc\"]}]}<\/script>\n<!-- \/ Yoast SEO plugin. -->","yoast_head_json":{"title":"Trade - V\u012e \u017dem\u0117s \u016bkio duomen\u0173 centras","robots":{"index":"index","follow":"follow","max-snippet":"max-snippet:-1","max-image-preview":"max-image-preview:large","max-video-preview":"max-video-preview:-1"},"canonical":"https:\/\/zudc.lt\/lietuvos-nacionaline-zuvininkystes-duomenu-rinkimo-programa\/prekyba\/","og_locale":"en_US","og_type":"article","og_title":"Trade - V\u012e \u017dem\u0117s \u016bkio duomen\u0173 centras","og_description":"Retail market Retail prices of fish products in Lithuania Country import \/ export Lithuanian foreign trade of fish products Lithuanian foreign trade by fish products Lithuanian foreign trade of fish products by country","og_url":"https:\/\/zudc.lt\/lietuvos-nacionaline-zuvininkystes-duomenu-rinkimo-programa\/prekyba\/","og_site_name":"V\u012e \u017dem\u0117s \u016bkio duomen\u0173 centras","article_publisher":"https:\/\/www.facebook.com\/vizudc","article_modified_time":"2023-12-09T15:55:44+00:00","og_image":[{"width":1200,"height":675,"url":"https:\/\/zudc.lt\/wp-content\/uploads\/2024\/01\/zudc.png","type":"image\/png"}],"twitter_card":"summary_large_image","twitter_misc":{"Est. reading time":"1 minute"},"schema":{"@context":"https:\/\/schema.org","@graph":[{"@type":"WebPage","@id":"https:\/\/zudc.lt\/lietuvos-nacionaline-zuvininkystes-duomenu-rinkimo-programa\/prekyba\/","url":"https:\/\/zudc.lt\/lietuvos-nacionaline-zuvininkystes-duomenu-rinkimo-programa\/prekyba\/","name":"Trade - V\u012e \u017dem\u0117s \u016bkio duomen\u0173 centras","isPartOf":{"@id":"https:\/\/zudc.lt\/#website"},"datePublished":"2023-12-09T13:51:05+00:00","dateModified":"2023-12-09T15:55:44+00:00","breadcrumb":{"@id":"https:\/\/zudc.lt\/lietuvos-nacionaline-zuvininkystes-duomenu-rinkimo-programa\/prekyba\/#breadcrumb"},"inLanguage":"en-US","potentialAction":[{"@type":"ReadAction","target":["https:\/\/zudc.lt\/lietuvos-nacionaline-zuvininkystes-duomenu-rinkimo-programa\/prekyba\/"]}]},{"@type":"BreadcrumbList","@id":"https:\/\/zudc.lt\/lietuvos-nacionaline-zuvininkystes-duomenu-rinkimo-programa\/prekyba\/#breadcrumb","itemListElement":[{"@type":"ListItem","position":1,"name":"Pagrindinis","item":"https:\/\/zudc.lt\/"},{"@type":"ListItem","position":2,"name":"Lithuanian national fisheries data collection program","item":"https:\/\/zudc.lt\/lietuvos-nacionaline-zuvininkystes-duomenu-rinkimo-programa\/"},{"@type":"ListItem","position":3,"name":"Trade"}]},{"@type":"WebSite","@id":"https:\/\/zudc.lt\/#website","url":"https:\/\/zudc.lt\/","name":"V\u012e \u017dem\u0117s \u016bkio duomen\u0173 centras","description":"","publisher":{"@id":"https:\/\/zudc.lt\/#organization"},"potentialAction":[{"@type":"SearchAction","target":{"@type":"EntryPoint","urlTemplate":"https:\/\/zudc.lt\/?s={search_term_string}"},"query-input":{"@type":"PropertyValueSpecification","valueRequired":true,"valueName":"search_term_string"}}],"inLanguage":"en-US"},{"@type":"Organization","@id":"https:\/\/zudc.lt\/#organization","name":"V\u012e \u017dem\u0117s \u016bkio duomen\u0173 centras","url":"https:\/\/zudc.lt\/","logo":{"@type":"ImageObject","inLanguage":"en-US","@id":"https:\/\/zudc.lt\/#\/schema\/logo\/image\/","url":"https:\/\/zudc.lt\/wp-content\/uploads\/2023\/08\/ZUDC-logo.svg","contentUrl":"https:\/\/zudc.lt\/wp-content\/uploads\/2023\/08\/ZUDC-logo.svg","width":166,"height":51,"caption":"V\u012e \u017dem\u0117s \u016bkio duomen\u0173 centras"},"image":{"@id":"https:\/\/zudc.lt\/#\/schema\/logo\/image\/"},"sameAs":["https:\/\/www.facebook.com\/vizudc"]}]}},"_links":{"self":[{"href":"https:\/\/zudc.lt\/en\/wp-json\/wp\/v2\/pages\/18489","targetHints":{"allow":["GET"]}}],"collection":[{"href":"https:\/\/zudc.lt\/en\/wp-json\/wp\/v2\/pages"}],"about":[{"href":"https:\/\/zudc.lt\/en\/wp-json\/wp\/v2\/types\/page"}],"author":[{"embeddable":true,"href":"https:\/\/zudc.lt\/en\/wp-json\/wp\/v2\/users\/1"}],"replies":[{"embeddable":true,"href":"https:\/\/zudc.lt\/en\/wp-json\/wp\/v2\/comments?post=18489"}],"version-history":[{"count":5,"href":"https:\/\/zudc.lt\/en\/wp-json\/wp\/v2\/pages\/18489\/revisions"}],"predecessor-version":[{"id":18495,"href":"https:\/\/zudc.lt\/en\/wp-json\/wp\/v2\/pages\/18489\/revisions\/18495"}],"up":[{"embeddable":true,"href":"https:\/\/zudc.lt\/en\/wp-json\/wp\/v2\/pages\/18371"}],"wp:attachment":[{"href":"https:\/\/zudc.lt\/en\/wp-json\/wp\/v2\/media?parent=18489"}],"wp:term":[{"taxonomy":"folder","embeddable":true,"href":"https:\/\/zudc.lt\/en\/wp-json\/wp\/v2\/folder?post=18489"}],"curies":[{"name":"wp","href":"https:\/\/api.w.org\/{rel}","templated":true}]}}