{"id":17880,"date":"2023-08-13T10:23:00","date_gmt":"2023-08-13T08:23:00","guid":{"rendered":"https:\/\/zudc.lt\/struktura-ir-kontaktine-informacija\/"},"modified":"2025-02-21T11:09:19","modified_gmt":"2025-02-21T09:09:19","slug":"contacts","status":"publish","type":"page","link":"https:\/\/zudc.lt\/en\/contacts\/","title":{"rendered":"Contacts"},"content":{"rendered":"\t\t<div data-elementor-type=\"wp-page\" data-elementor-id=\"17880\" class=\"elementor elementor-17880 elementor-1896\" data-elementor-post-type=\"page\">\n\t\t\t\t\t\t<section class=\"elementor-section elementor-top-section elementor-element elementor-element-61cb3f3 elementor-section-boxed elementor-section-height-default elementor-section-height-default\" data-id=\"61cb3f3\" data-element_type=\"section\" data-e-type=\"section\" data-settings=\"{&quot;background_background&quot;:&quot;classic&quot;}\">\n\t\t\t\t\t\t\t<div class=\"elementor-background-overlay\"><\/div>\n\t\t\t\t\t\t\t<div class=\"elementor-container elementor-column-gap-no\">\n\t\t\t\t\t<div class=\"elementor-column elementor-col-100 elementor-top-column elementor-element elementor-element-5264495\" data-id=\"5264495\" data-element_type=\"column\" data-e-type=\"column\">\n\t\t\t<div class=\"elementor-widget-wrap elementor-element-populated\">\n\t\t\t\t\t\t<div class=\"elementor-element elementor-element-b2de99e elementor-widget elementor-widget-heading\" data-id=\"b2de99e\" data-element_type=\"widget\" data-e-type=\"widget\" data-widget_type=\"heading.default\">\n\t\t\t\t<div class=\"elementor-widget-container\">\n\t\t\t\t\t<h1 class=\"elementor-heading-title elementor-size-default\">Contacts<\/h1>\t\t\t\t<\/div>\n\t\t\t\t<\/div>\n\t\t\t\t\t<\/div>\n\t\t<\/div>\n\t\t\t\t\t<\/div>\n\t\t<\/section>\n\t\t\t\t<section class=\"elementor-section elementor-top-section elementor-element elementor-element-35ad15f elementor-section-boxed elementor-section-height-default elementor-section-height-default\" data-id=\"35ad15f\" data-element_type=\"section\" data-e-type=\"section\" data-settings=\"{&quot;background_background&quot;:&quot;classic&quot;}\">\n\t\t\t\t\t\t<div class=\"elementor-container elementor-column-gap-no\">\n\t\t\t\t\t<div class=\"elementor-column elementor-col-100 elementor-top-column elementor-element elementor-element-5bd35c3\" data-id=\"5bd35c3\" data-element_type=\"column\" data-e-type=\"column\" data-settings=\"{&quot;background_background&quot;:&quot;classic&quot;}\">\n\t\t\t<div class=\"elementor-widget-wrap elementor-element-populated\">\n\t\t\t\t<div class=\"elementor-element elementor-element-8438180 e-flex e-con-boxed e-con e-parent\" data-id=\"8438180\" data-element_type=\"container\" data-e-type=\"container\">\n\t\t\t\t\t<div class=\"e-con-inner\">\n\t\t<div class=\"elementor-element elementor-element-373f083 e-flex e-con-boxed e-con e-child\" data-id=\"373f083\" data-element_type=\"container\" data-e-type=\"container\">\n\t\t\t\t\t<div class=\"e-con-inner\">\n\t\t<div class=\"elementor-element elementor-element-23e0930 e-flex e-con-boxed e-con e-child\" data-id=\"23e0930\" data-element_type=\"container\" data-e-type=\"container\">\n\t\t\t\t\t<div class=\"e-con-inner\">\n\t\t\t\t<div class=\"elementor-element elementor-element-3070454 elementor-widget elementor-widget-heading\" data-id=\"3070454\" data-element_type=\"widget\" data-e-type=\"widget\" data-widget_type=\"heading.default\">\n\t\t\t\t<div class=\"elementor-widget-container\">\n\t\t\t\t\t<h2 class=\"elementor-heading-title elementor-size-default\">Details of the institution<\/h2>\t\t\t\t<\/div>\n\t\t\t\t<\/div>\n\t\t\t\t<div class=\"elementor-element elementor-element-d2444b6 elementor-widget elementor-widget-text-editor\" data-id=\"d2444b6\" data-element_type=\"widget\" data-e-type=\"widget\" data-widget_type=\"text-editor.default\">\n\t\t\t\t<div class=\"elementor-widget-container\">\n\t\t\t\t\t\t\t\t\t<p><strong>Agricultural data center<\/strong><br \/>Country institution<br \/>Institution code: 306205513<br \/>Data is collected and stored in the Register of Legal Entities<br \/>Address: Vinco Kudirkos str. 18-1 LT-03105 Vilnius<br \/>Email: info@zudc.lt<br \/>Phone: (8 5) 266 0620<\/p>\t\t\t\t\t\t\t\t<\/div>\n\t\t\t\t<\/div>\n\t\t\t\t\t<\/div>\n\t\t\t\t<\/div>\n\t\t<div class=\"elementor-element elementor-element-3701dbe e-flex e-con-boxed e-con e-child\" data-id=\"3701dbe\" data-element_type=\"container\" data-e-type=\"container\">\n\t\t\t\t\t<div class=\"e-con-inner\">\n\t\t\t\t<div class=\"elementor-element elementor-element-1a5eb90 elementor-widget elementor-widget-google_maps\" data-id=\"1a5eb90\" data-element_type=\"widget\" data-e-type=\"widget\" data-widget_type=\"google_maps.default\">\n\t\t\t\t<div class=\"elementor-widget-container\">\n\t\t\t\t\t\t\t<div class=\"elementor-custom-embed\">\n\t\t\t<iframe loading=\"lazy\"\n\t\t\t\t\tsrc=\"https:\/\/maps.google.com\/maps?q=Vinco%20Kudirkos%20g.%2018-1%20LT-03105%20Vilnius&#038;t=m&#038;z=10&#038;output=embed&#038;iwloc=near\"\n\t\t\t\t\ttitle=\"Vinco Kudirkos g. 18-1 LT-03105 Vilnius\"\n\t\t\t\t\taria-label=\"Vinco Kudirkos g. 18-1 LT-03105 Vilnius\"\n\t\t\t><\/iframe>\n\t\t<\/div>\n\t\t\t\t\t\t<\/div>\n\t\t\t\t<\/div>\n\t\t\t\t\t<\/div>\n\t\t\t\t<\/div>\n\t\t\t\t\t<\/div>\n\t\t\t\t<\/div>\n\t\t\t\t\t<\/div>\n\t\t\t\t<\/div>\n\t\t\t\t\t<\/div>\n\t\t<\/div>\n\t\t\t\t\t<\/div>\n\t\t<\/section>\n\t\t<div class=\"elementor-element elementor-element-d1d65cf e-flex e-con-boxed e-con e-parent\" data-id=\"d1d65cf\" data-element_type=\"container\" data-e-type=\"container\">\n\t\t\t\t\t<div class=\"e-con-inner\">\n\t\t\t\t<div class=\"elementor-element elementor-element-dd14b37 elementor-widget elementor-widget-shortcode\" data-id=\"dd14b37\" data-element_type=\"widget\" data-e-type=\"widget\" data-widget_type=\"shortcode.default\">\n\t\t\t\t<div class=\"elementor-widget-container\">\n\t\t\t\t\t\t\t<div class=\"elementor-shortcode\">\n<table id=\"tablepress-9\" class=\"tablepress tablepress-id-9 tbody-has-connected-cells\">\n<thead>\n<tr class=\"row-1\">\n\t<td class=\"column-1\"><\/td><th class=\"column-2\">Name, Last name<\/th><th class=\"column-3\">E-mail<\/th><th class=\"column-4\">Phone number<\/th><th class=\"column-5\">Mobile phone number<\/th>\n<\/tr>\n<\/thead>\n<tbody class=\"row-striping row-hover\">\n<tr class=\"row-2\">\n\t<td class=\"column-1\">Director of the Administration Department, acting as Director General<\/td><td class=\"column-2\">Lina Zinkevi\u010dien\u0117<\/td><td class=\"column-3\"><a href=\"mailto:lina.zinkeviciene@zudc.lt\">lina.zinkeviciene@zudc.lt<\/a><\/td><td class=\"column-4\">(0 5) 262 3000<\/td><td class=\"column-5\">+370 64 866 882<\/td>\n<\/tr>\n<tr class=\"row-3\">\n\t<td colspan=\"5\" class=\"column-1\">Department of Land Management and Geodesy<\/td>\n<\/tr>\n<tr class=\"row-4\">\n\t<td class=\"column-1\">Head of the Department<\/td><td class=\"column-2\">Gintautas Vasiliauskas<\/td><td class=\"column-3\"><a href=\"mailto:gintautas.vasiliauskas@zudc.lt\">gintautas.vasiliauskas@zudc.lt<\/a><\/td><td class=\"column-4\">(0 5) 262 1672<\/td><td class=\"column-5\">+370 68 242 426<\/td>\n<\/tr>\n<tr class=\"row-5\">\n\t<td colspan=\"5\" class=\"column-1\">Department of Administration<\/td>\n<\/tr>\n<tr class=\"row-6\">\n\t<td class=\"column-1\">Head of the Department<\/td><td class=\"column-2\">Lina Zinkevi\u010dien\u0117<\/td><td class=\"column-3\"><a href=\"mailto:lina.zinkeviciene@zudc.lt\">lina.zinkeviciene@zudc.lt<\/a><\/td><td class=\"column-4\">(0 5) 262 3000<\/td><td class=\"column-5\">+370 64 866 882<\/td>\n<\/tr>\n<tr class=\"row-7\">\n\t<td colspan=\"5\" class=\"column-1\">Department of Information Resource Management<\/td>\n<\/tr>\n<tr class=\"row-8\">\n\t<td class=\"column-1\">Head of the Department\t<\/td><td class=\"column-2\">Danas Andri\u0161i\u016bnas<\/td><td class=\"column-3\"><a href=\"mailto:danas.andrisiunas@zudc.lt\">danas.andrisiunas@zudc.lt<\/a><\/td><td class=\"column-4\">-<\/td><td class=\"column-5\">+370 62 643 947<\/td>\n<\/tr>\n<tr class=\"row-9\">\n\t<td colspan=\"5\" class=\"column-1\">Department of Digitalization<\/td>\n<\/tr>\n<tr class=\"row-10\">\n\t<td class=\"column-1\">Head of the Department<\/td><td class=\"column-2\">Vaida Grucien\u0117<\/td><td class=\"column-3\"><a href=\"mailto:vaida.gruciene@zudc.lt\">vaida.gruciene@zudc.lt<\/a><\/td><td class=\"column-4\">(0 5) 266 0610<\/td><td class=\"column-5\">+370 65 293 226<\/td>\n<\/tr>\n<tr class=\"row-11\">\n\t<td colspan=\"5\" class=\"column-1\">Operational Resilience Division<\/td>\n<\/tr>\n<tr class=\"row-12\">\n\t<td class=\"column-1\">Head of Division<\/td><td class=\"column-2\">-<\/td><td class=\"column-3\">-<\/td><td class=\"column-4\">-<\/td><td class=\"column-5\">-<\/td>\n<\/tr>\n<tr class=\"row-13\">\n\t<td colspan=\"5\" class=\"column-1\">Finance and Strategic Management Division<\/td>\n<\/tr>\n<tr class=\"row-14\">\n\t<td class=\"column-1\">Head of the Division<\/td><td class=\"column-2\">Alma Preidyt\u0117<\/td><td class=\"column-3\"><a href=\"mailto:alma.preidyte@zudc.lt\">alma.preidyte@zudc.lt<\/a><\/td><td class=\"column-4\">-<\/td><td class=\"column-5\">+370 619 41505<\/td>\n<\/tr>\n<tr class=\"row-15\">\n\t<td colspan=\"5\" class=\"column-1\">Reclamation Department<\/td>\n<\/tr>\n<tr class=\"row-16\">\n\t<td class=\"column-1\">Head of the Departament<\/td><td class=\"column-2\">Reda Bankauskait\u0117<\/td><td class=\"column-3\"><a href=\"mailto:reda.bankauskaite@zudc.lt\">reda.bankauskaite@zudc.lt<\/a><\/td><td class=\"column-4\">-<\/td><td class=\"column-5\">+370 61 477 892<\/td>\n<\/tr>\n<tr class=\"row-17\">\n\t<td colspan=\"5\" class=\"column-1\">Communication Department<\/td>\n<\/tr>\n<tr class=\"row-18\">\n\t<td class=\"column-1\">Head of the Departament<\/td><td class=\"column-2\">Mantas Banys<\/td><td class=\"column-3\"><a href=\"mailto:mantas.banys@zudc.lt\">mantas.banys@zudc.lt<\/a><\/td><td class=\"column-4\">-<\/td><td class=\"column-5\">+370 68 415 559<\/td>\n<\/tr>\n<\/tbody>\n<\/table>\n<!-- #tablepress-9 from cache --><\/div>\n\t\t\t\t\t\t<\/div>\n\t\t\t\t<\/div>\n\t\t\t\t\t<\/div>\n\t\t\t\t<\/div>\n\t\t<div class=\"elementor-element elementor-element-a66ec53 e-flex e-con-boxed e-con e-parent\" data-id=\"a66ec53\" data-element_type=\"container\" data-e-type=\"container\">\n\t\t\t\t\t<div class=\"e-con-inner\">\n\t\t\t\t<div class=\"elementor-element elementor-element-3b2f79f elementor-widget elementor-widget-spacer\" data-id=\"3b2f79f\" data-element_type=\"widget\" data-e-type=\"widget\" data-widget_type=\"spacer.default\">\n\t\t\t\t<div class=\"elementor-widget-container\">\n\t\t\t\t\t\t\t<div class=\"elementor-spacer\">\n\t\t\t<div class=\"elementor-spacer-inner\"><\/div>\n\t\t<\/div>\n\t\t\t\t\t\t<\/div>\n\t\t\t\t<\/div>\n\t\t\t\t\t<\/div>\n\t\t\t\t<\/div>\n\t\t\t\t<\/div>\n\t\t","protected":false},"excerpt":{"rendered":"<p>Details of the institution Agricultural data centerCountry institutionInstitution code: 306205513Data is collected and stored in the Register of Legal EntitiesAddress: Vinco Kudirkos str. 18-1 LT-03105 VilniusEmail: info@zudc.ltPhone: (8 5) 266 0620<\/p>\n","protected":false},"author":1,"featured_media":0,"parent":0,"menu_order":0,"comment_status":"closed","ping_status":"closed","template":"","meta":{"_acf_changed":false,"site-sidebar-layout":"no-sidebar","site-content-layout":"page-builder","ast-site-content-layout":"full-width-container","site-content-style":"unboxed","site-sidebar-style":"unboxed","ast-global-header-display":"","ast-banner-title-visibility":"","ast-main-header-display":"","ast-hfb-above-header-display":"","ast-hfb-below-header-display":"","ast-hfb-mobile-header-display":"","site-post-title":"disabled","ast-breadcrumbs-content":"","ast-featured-img":"disabled","footer-sml-layout":"","ast-disable-related-posts":"","theme-transparent-header-meta":"default","adv-header-id-meta":"","stick-header-meta":"default","header-above-stick-meta":"","header-main-stick-meta":"","header-below-stick-meta":"","astra-migrate-meta-layouts":"set","ast-page-background-enabled":"default","ast-page-background-meta":{"desktop":{"background-color":"var(--ast-global-color-4)","background-image":"","background-repeat":"repeat","background-position":"center center","background-size":"auto","background-attachment":"scroll","background-type":"","background-media":"","overlay-type":"","overlay-color":"","overlay-opacity":"","overlay-gradient":""},"tablet":{"background-color":"","background-image":"","background-repeat":"repeat","background-position":"center center","background-size":"auto","background-attachment":"scroll","background-type":"","background-media":"","overlay-type":"","overlay-color":"","overlay-opacity":"","overlay-gradient":""},"mobile":{"background-color":"","background-image":"","background-repeat":"repeat","background-position":"center center","background-size":"auto","background-attachment":"scroll","background-type":"","background-media":"","overlay-type":"","overlay-color":"","overlay-opacity":"","overlay-gradient":""}},"ast-content-background-meta":{"desktop":{"background-color":"var(--ast-global-color-5)","background-image":"","background-repeat":"repeat","background-position":"center center","background-size":"auto","background-attachment":"scroll","background-type":"","background-media":"","overlay-type":"","overlay-color":"","overlay-opacity":"","overlay-gradient":""},"tablet":{"background-color":"var(--ast-global-color-5)","background-image":"","background-repeat":"repeat","background-position":"center center","background-size":"auto","background-attachment":"scroll","background-type":"","background-media":"","overlay-type":"","overlay-color":"","overlay-opacity":"","overlay-gradient":""},"mobile":{"background-color":"var(--ast-global-color-5)","background-image":"","background-repeat":"repeat","background-position":"center center","background-size":"auto","background-attachment":"scroll","background-type":"","background-media":"","overlay-type":"","overlay-color":"","overlay-opacity":"","overlay-gradient":""}},"footnotes":""},"folder":[],"class_list":["post-17880","page","type-page","status-publish","hentry"],"acf":[],"yoast_head":"<!-- This site is optimized with the Yoast SEO plugin v27.2 - https:\/\/yoast.com\/product\/yoast-seo-wordpress\/ -->\n<title>Contacts - V\u012e \u017dem\u0117s \u016bkio duomen\u0173 centras<\/title>\n<meta name=\"robots\" content=\"index, follow, max-snippet:-1, max-image-preview:large, max-video-preview:-1\" \/>\n<link rel=\"canonical\" href=\"https:\/\/zudc.lt\/en\/contacts\/\" \/>\n<meta property=\"og:locale\" content=\"en_US\" \/>\n<meta property=\"og:type\" content=\"article\" \/>\n<meta property=\"og:title\" content=\"Contacts - V\u012e \u017dem\u0117s \u016bkio duomen\u0173 centras\" \/>\n<meta property=\"og:description\" content=\"Details of the institution Agricultural data centerCountry institutionInstitution code: 306205513Data is collected and stored in the Register of Legal EntitiesAddress: Vinco Kudirkos str. 18-1 LT-03105 VilniusEmail: info@zudc.ltPhone: (8 5) 266 0620\" \/>\n<meta property=\"og:url\" content=\"https:\/\/zudc.lt\/en\/contacts\/\" \/>\n<meta property=\"og:site_name\" content=\"V\u012e \u017dem\u0117s \u016bkio duomen\u0173 centras\" \/>\n<meta property=\"article:publisher\" content=\"https:\/\/www.facebook.com\/vizudc\" \/>\n<meta property=\"article:modified_time\" content=\"2025-02-21T09:09:19+00:00\" \/>\n<meta property=\"og:image\" content=\"https:\/\/zudc.lt\/wp-content\/uploads\/2024\/01\/zudc.png\" \/>\n\t<meta property=\"og:image:width\" content=\"1200\" \/>\n\t<meta property=\"og:image:height\" content=\"675\" \/>\n\t<meta property=\"og:image:type\" content=\"image\/png\" \/>\n<meta name=\"twitter:card\" content=\"summary_large_image\" \/>\n<meta name=\"twitter:label1\" content=\"Est. reading time\" \/>\n\t<meta name=\"twitter:data1\" content=\"1 minute\" \/>\n<script type=\"application\/ld+json\" class=\"yoast-schema-graph\">{\"@context\":\"https:\/\/schema.org\",\"@graph\":[{\"@type\":\"WebPage\",\"@id\":\"https:\/\/zudc.lt\/en\/contacts\/\",\"url\":\"https:\/\/zudc.lt\/en\/contacts\/\",\"name\":\"Contacts - V\u012e \u017dem\u0117s \u016bkio duomen\u0173 centras\",\"isPartOf\":{\"@id\":\"https:\/\/zudc.lt\/#website\"},\"datePublished\":\"2023-08-13T08:23:00+00:00\",\"dateModified\":\"2025-02-21T09:09:19+00:00\",\"breadcrumb\":{\"@id\":\"https:\/\/zudc.lt\/en\/contacts\/#breadcrumb\"},\"inLanguage\":\"en-US\",\"potentialAction\":[{\"@type\":\"ReadAction\",\"target\":[\"https:\/\/zudc.lt\/en\/contacts\/\"]}]},{\"@type\":\"BreadcrumbList\",\"@id\":\"https:\/\/zudc.lt\/en\/contacts\/#breadcrumb\",\"itemListElement\":[{\"@type\":\"ListItem\",\"position\":1,\"name\":\"Pagrindinis\",\"item\":\"https:\/\/zudc.lt\/\"},{\"@type\":\"ListItem\",\"position\":2,\"name\":\"Contacts\"}]},{\"@type\":\"WebSite\",\"@id\":\"https:\/\/zudc.lt\/#website\",\"url\":\"https:\/\/zudc.lt\/\",\"name\":\"V\u012e \u017dem\u0117s \u016bkio duomen\u0173 centras\",\"description\":\"\",\"publisher\":{\"@id\":\"https:\/\/zudc.lt\/#organization\"},\"potentialAction\":[{\"@type\":\"SearchAction\",\"target\":{\"@type\":\"EntryPoint\",\"urlTemplate\":\"https:\/\/zudc.lt\/?s={search_term_string}\"},\"query-input\":{\"@type\":\"PropertyValueSpecification\",\"valueRequired\":true,\"valueName\":\"search_term_string\"}}],\"inLanguage\":\"en-US\"},{\"@type\":\"Organization\",\"@id\":\"https:\/\/zudc.lt\/#organization\",\"name\":\"V\u012e \u017dem\u0117s \u016bkio duomen\u0173 centras\",\"url\":\"https:\/\/zudc.lt\/\",\"logo\":{\"@type\":\"ImageObject\",\"inLanguage\":\"en-US\",\"@id\":\"https:\/\/zudc.lt\/#\/schema\/logo\/image\/\",\"url\":\"https:\/\/zudc.lt\/wp-content\/uploads\/2023\/08\/ZUDC-logo.svg\",\"contentUrl\":\"https:\/\/zudc.lt\/wp-content\/uploads\/2023\/08\/ZUDC-logo.svg\",\"width\":166,\"height\":51,\"caption\":\"V\u012e \u017dem\u0117s \u016bkio duomen\u0173 centras\"},\"image\":{\"@id\":\"https:\/\/zudc.lt\/#\/schema\/logo\/image\/\"},\"sameAs\":[\"https:\/\/www.facebook.com\/vizudc\"]}]}<\/script>\n<!-- \/ Yoast SEO plugin. -->","yoast_head_json":{"title":"Contacts - V\u012e \u017dem\u0117s \u016bkio duomen\u0173 centras","robots":{"index":"index","follow":"follow","max-snippet":"max-snippet:-1","max-image-preview":"max-image-preview:large","max-video-preview":"max-video-preview:-1"},"canonical":"https:\/\/zudc.lt\/en\/contacts\/","og_locale":"en_US","og_type":"article","og_title":"Contacts - V\u012e \u017dem\u0117s \u016bkio duomen\u0173 centras","og_description":"Details of the institution Agricultural data centerCountry institutionInstitution code: 306205513Data is collected and stored in the Register of Legal EntitiesAddress: Vinco Kudirkos str. 18-1 LT-03105 VilniusEmail: info@zudc.ltPhone: (8 5) 266 0620","og_url":"https:\/\/zudc.lt\/en\/contacts\/","og_site_name":"V\u012e \u017dem\u0117s \u016bkio duomen\u0173 centras","article_publisher":"https:\/\/www.facebook.com\/vizudc","article_modified_time":"2025-02-21T09:09:19+00:00","og_image":[{"width":1200,"height":675,"url":"https:\/\/zudc.lt\/wp-content\/uploads\/2024\/01\/zudc.png","type":"image\/png"}],"twitter_card":"summary_large_image","twitter_misc":{"Est. reading time":"1 minute"},"schema":{"@context":"https:\/\/schema.org","@graph":[{"@type":"WebPage","@id":"https:\/\/zudc.lt\/en\/contacts\/","url":"https:\/\/zudc.lt\/en\/contacts\/","name":"Contacts - V\u012e \u017dem\u0117s \u016bkio duomen\u0173 centras","isPartOf":{"@id":"https:\/\/zudc.lt\/#website"},"datePublished":"2023-08-13T08:23:00+00:00","dateModified":"2025-02-21T09:09:19+00:00","breadcrumb":{"@id":"https:\/\/zudc.lt\/en\/contacts\/#breadcrumb"},"inLanguage":"en-US","potentialAction":[{"@type":"ReadAction","target":["https:\/\/zudc.lt\/en\/contacts\/"]}]},{"@type":"BreadcrumbList","@id":"https:\/\/zudc.lt\/en\/contacts\/#breadcrumb","itemListElement":[{"@type":"ListItem","position":1,"name":"Pagrindinis","item":"https:\/\/zudc.lt\/"},{"@type":"ListItem","position":2,"name":"Contacts"}]},{"@type":"WebSite","@id":"https:\/\/zudc.lt\/#website","url":"https:\/\/zudc.lt\/","name":"V\u012e \u017dem\u0117s \u016bkio duomen\u0173 centras","description":"","publisher":{"@id":"https:\/\/zudc.lt\/#organization"},"potentialAction":[{"@type":"SearchAction","target":{"@type":"EntryPoint","urlTemplate":"https:\/\/zudc.lt\/?s={search_term_string}"},"query-input":{"@type":"PropertyValueSpecification","valueRequired":true,"valueName":"search_term_string"}}],"inLanguage":"en-US"},{"@type":"Organization","@id":"https:\/\/zudc.lt\/#organization","name":"V\u012e \u017dem\u0117s \u016bkio duomen\u0173 centras","url":"https:\/\/zudc.lt\/","logo":{"@type":"ImageObject","inLanguage":"en-US","@id":"https:\/\/zudc.lt\/#\/schema\/logo\/image\/","url":"https:\/\/zudc.lt\/wp-content\/uploads\/2023\/08\/ZUDC-logo.svg","contentUrl":"https:\/\/zudc.lt\/wp-content\/uploads\/2023\/08\/ZUDC-logo.svg","width":166,"height":51,"caption":"V\u012e \u017dem\u0117s \u016bkio duomen\u0173 centras"},"image":{"@id":"https:\/\/zudc.lt\/#\/schema\/logo\/image\/"},"sameAs":["https:\/\/www.facebook.com\/vizudc"]}]}},"_links":{"self":[{"href":"https:\/\/zudc.lt\/en\/wp-json\/wp\/v2\/pages\/17880","targetHints":{"allow":["GET"]}}],"collection":[{"href":"https:\/\/zudc.lt\/en\/wp-json\/wp\/v2\/pages"}],"about":[{"href":"https:\/\/zudc.lt\/en\/wp-json\/wp\/v2\/types\/page"}],"author":[{"embeddable":true,"href":"https:\/\/zudc.lt\/en\/wp-json\/wp\/v2\/users\/1"}],"replies":[{"embeddable":true,"href":"https:\/\/zudc.lt\/en\/wp-json\/wp\/v2\/comments?post=17880"}],"version-history":[{"count":21,"href":"https:\/\/zudc.lt\/en\/wp-json\/wp\/v2\/pages\/17880\/revisions"}],"predecessor-version":[{"id":96184,"href":"https:\/\/zudc.lt\/en\/wp-json\/wp\/v2\/pages\/17880\/revisions\/96184"}],"wp:attachment":[{"href":"https:\/\/zudc.lt\/en\/wp-json\/wp\/v2\/media?parent=17880"}],"wp:term":[{"taxonomy":"folder","embeddable":true,"href":"https:\/\/zudc.lt\/en\/wp-json\/wp\/v2\/folder?post=17880"}],"curies":[{"name":"wp","href":"https:\/\/api.w.org\/{rel}","templated":true}]}}