{"id":17878,"date":"2023-08-13T10:21:59","date_gmt":"2023-08-13T08:21:59","guid":{"rendered":"https:\/\/zudc.lt\/apie-mus\/"},"modified":"2025-02-21T09:50:46","modified_gmt":"2025-02-21T07:50:46","slug":"about-us","status":"publish","type":"page","link":"https:\/\/zudc.lt\/en\/about-us\/","title":{"rendered":"About us"},"content":{"rendered":"\t\t<div data-elementor-type=\"wp-page\" data-elementor-id=\"17878\" class=\"elementor elementor-17878 elementor-1883\" data-elementor-post-type=\"page\">\n\t\t\t\t\t\t<section class=\"elementor-section elementor-top-section elementor-element elementor-element-f725a06 elementor-section-boxed elementor-section-height-default elementor-section-height-default\" data-id=\"f725a06\" data-element_type=\"section\" data-e-type=\"section\" data-settings=\"{&quot;background_background&quot;:&quot;classic&quot;}\">\n\t\t\t\t\t\t\t<div class=\"elementor-background-overlay\"><\/div>\n\t\t\t\t\t\t\t<div class=\"elementor-container elementor-column-gap-no\">\n\t\t\t\t\t<div class=\"elementor-column elementor-col-100 elementor-top-column elementor-element elementor-element-13bd8ca\" data-id=\"13bd8ca\" data-element_type=\"column\" data-e-type=\"column\">\n\t\t\t<div class=\"elementor-widget-wrap elementor-element-populated\">\n\t\t\t\t\t\t<div class=\"elementor-element elementor-element-1c7d5d9 elementor-widget elementor-widget-heading\" data-id=\"1c7d5d9\" data-element_type=\"widget\" data-e-type=\"widget\" data-widget_type=\"heading.default\">\n\t\t\t\t<div class=\"elementor-widget-container\">\n\t\t\t\t\t<h1 class=\"elementor-heading-title elementor-size-default\">About us<\/h1>\t\t\t\t<\/div>\n\t\t\t\t<\/div>\n\t\t\t\t\t<\/div>\n\t\t<\/div>\n\t\t\t\t\t<\/div>\n\t\t<\/section>\n\t\t\t\t<section class=\"elementor-section elementor-top-section elementor-element elementor-element-d94dd11 elementor-section-boxed elementor-section-height-default elementor-section-height-default\" data-id=\"d94dd11\" data-element_type=\"section\" data-e-type=\"section\" data-settings=\"{&quot;background_background&quot;:&quot;classic&quot;}\">\n\t\t\t\t\t\t<div class=\"elementor-container elementor-column-gap-no\">\n\t\t\t\t\t<div class=\"elementor-column elementor-col-100 elementor-top-column elementor-element elementor-element-f419b0d\" data-id=\"f419b0d\" data-element_type=\"column\" data-e-type=\"column\" data-settings=\"{&quot;background_background&quot;:&quot;classic&quot;}\">\n\t\t\t<div class=\"elementor-widget-wrap elementor-element-populated\">\n\t\t\t\t\t\t<div class=\"elementor-element elementor-element-d548c3f elementor-widget elementor-widget-text-editor\" data-id=\"d548c3f\" data-element_type=\"widget\" data-e-type=\"widget\" data-widget_type=\"text-editor.default\">\n\t\t\t\t<div class=\"elementor-widget-container\">\n\t\t\t\t\t\t\t\t\t<p><b><span data-contrast=\"auto\">Overview of the State Enterprise Agricultural Data Center (\u017d\u016aDC)<\/span><\/b><span data-ccp-props=\"{}\">\u00a0<\/span><\/p><p><span data-contrast=\"auto\">The state enterprise Agricultural Data Center (hereinafter referred to as <\/span><b><span data-contrast=\"auto\">\u017d\u016aDC<\/span><\/b><span data-contrast=\"auto\">) commenced its operations on 3 January 2023, following the merger and reorganization of three state enterprises: the Agricultural Information and Rural Business Center, the Distance Research and Geoinformatics Center (<\/span><i><span data-contrast=\"auto\">GIS-Centras<\/span><\/i><span data-contrast=\"auto\">), and the State Land Fund. Through this merger, \u017d\u016aDC assumed all rights and obligations of the predecessor entities.<\/span><span data-ccp-props=\"{}\">\u00a0<\/span><\/p><p><span data-contrast=\"auto\">Effective 1 January 2024, the responsibilities related to the implementation of the Law on Geodesy and Cartography were transferred from \u017d\u016aDC to the Public Institution Construction Sector Development Agency.<\/span><span data-ccp-props=\"{}\">\u00a0<\/span><\/p><p><b><span data-contrast=\"auto\">Mission and Core Activities<\/span><\/b><span data-ccp-props=\"{}\">\u00a0<\/span><\/p><p><span data-contrast=\"auto\">\u017d\u016aDC is a state-owned enterprise dedicated to ensuring the secure and uninterrupted operation of registers and information systems under the regulatory purview of the Ministry of Agriculture of the Republic of Lithuania. It oversees the maintenance of these systems and their databases, facilitating the efficient use of data for the administration of European Union support measures in agriculture and rural development. Additionally, \u017d\u016aDC provides operational and aggregated information to state and municipal institutions as well as social partners.<\/span><span data-ccp-props=\"{}\">\u00a0<\/span><\/p><p><span data-contrast=\"auto\">The enterprise employs advanced software and computing technologies to deliver a wide range of services, including:<\/span><span data-ccp-props=\"{}\">\u00a0<\/span><\/p><ul><li data-leveltext=\"\uf0b7\" data-font=\"Symbol\" data-listid=\"1\" data-list-defn-props=\"{&quot;335552541&quot;:1,&quot;335559685&quot;:720,&quot;335559991&quot;:360,&quot;469769226&quot;:&quot;Symbol&quot;,&quot;469769242&quot;:[8226],&quot;469777803&quot;:&quot;left&quot;,&quot;469777804&quot;:&quot;\uf0b7&quot;,&quot;469777815&quot;:&quot;multilevel&quot;}\" aria-setsize=\"-1\" data-aria-posinset=\"1\" data-aria-level=\"1\"><span data-contrast=\"auto\">Land reform and land management initiatives.<\/span><span data-ccp-props=\"{}\">\u00a0<\/span><\/li><\/ul><ul><li data-leveltext=\"\uf0b7\" data-font=\"Symbol\" data-listid=\"1\" data-list-defn-props=\"{&quot;335552541&quot;:1,&quot;335559685&quot;:720,&quot;335559991&quot;:360,&quot;469769226&quot;:&quot;Symbol&quot;,&quot;469769242&quot;:[8226],&quot;469777803&quot;:&quot;left&quot;,&quot;469777804&quot;:&quot;\uf0b7&quot;,&quot;469777815&quot;:&quot;multilevel&quot;}\" aria-setsize=\"-1\" data-aria-posinset=\"2\" data-aria-level=\"1\"><span data-contrast=\"auto\">Spatial planning and real estate cadastre management.<\/span><span data-ccp-props=\"{}\">\u00a0<\/span><\/li><\/ul><ul><li data-leveltext=\"\uf0b7\" data-font=\"Symbol\" data-listid=\"1\" data-list-defn-props=\"{&quot;335552541&quot;:1,&quot;335559685&quot;:720,&quot;335559991&quot;:360,&quot;469769226&quot;:&quot;Symbol&quot;,&quot;469769242&quot;:[8226],&quot;469777803&quot;:&quot;left&quot;,&quot;469777804&quot;:&quot;\uf0b7&quot;,&quot;469777815&quot;:&quot;multilevel&quot;}\" aria-setsize=\"-1\" data-aria-posinset=\"3\" data-aria-level=\"1\"><span data-contrast=\"auto\">Geodetic surveys, soil studies, and land valuation.<\/span><span data-ccp-props=\"{}\">\u00a0<\/span><\/li><\/ul><ul><li data-leveltext=\"\uf0b7\" data-font=\"Symbol\" data-listid=\"1\" data-list-defn-props=\"{&quot;335552541&quot;:1,&quot;335559685&quot;:720,&quot;335559991&quot;:360,&quot;469769226&quot;:&quot;Symbol&quot;,&quot;469769242&quot;:[8226],&quot;469777803&quot;:&quot;left&quot;,&quot;469777804&quot;:&quot;\uf0b7&quot;,&quot;469777815&quot;:&quot;multilevel&quot;}\" aria-setsize=\"-1\" data-aria-posinset=\"4\" data-aria-level=\"1\"><span data-contrast=\"auto\">Planning and implementation of land consolidation projects.<\/span><span data-ccp-props=\"{}\">\u00a0<\/span><\/li><\/ul><ul><li data-leveltext=\"\uf0b7\" data-font=\"Symbol\" data-listid=\"1\" data-list-defn-props=\"{&quot;335552541&quot;:1,&quot;335559685&quot;:720,&quot;335559991&quot;:360,&quot;469769226&quot;:&quot;Symbol&quot;,&quot;469769242&quot;:[8226],&quot;469777803&quot;:&quot;left&quot;,&quot;469777804&quot;:&quot;\uf0b7&quot;,&quot;469777815&quot;:&quot;multilevel&quot;}\" aria-setsize=\"-1\" data-aria-posinset=\"5\" data-aria-level=\"1\"><span data-contrast=\"auto\">Coordination of auctions for the sale and lease of state-owned land.<\/span><span data-ccp-props=\"{}\">\u00a0<\/span><\/li><\/ul><ul><li data-leveltext=\"\uf0b7\" data-font=\"Symbol\" data-listid=\"1\" data-list-defn-props=\"{&quot;335552541&quot;:1,&quot;335559685&quot;:720,&quot;335559991&quot;:360,&quot;469769226&quot;:&quot;Symbol&quot;,&quot;469769242&quot;:[8226],&quot;469777803&quot;:&quot;left&quot;,&quot;469777804&quot;:&quot;\uf0b7&quot;,&quot;469777815&quot;:&quot;multilevel&quot;}\" aria-setsize=\"-1\" data-aria-posinset=\"6\" data-aria-level=\"1\"><span data-contrast=\"auto\">Inventory and cadastre services for land reclamation structures.<\/span><span data-ccp-props=\"{}\">\u00a0<\/span><\/li><\/ul><ul><li data-leveltext=\"\uf0b7\" data-font=\"Symbol\" data-listid=\"1\" data-list-defn-props=\"{&quot;335552541&quot;:1,&quot;335559685&quot;:720,&quot;335559991&quot;:360,&quot;469769226&quot;:&quot;Symbol&quot;,&quot;469769242&quot;:[8226],&quot;469777803&quot;:&quot;left&quot;,&quot;469777804&quot;:&quot;\uf0b7&quot;,&quot;469777815&quot;:&quot;multilevel&quot;}\" aria-setsize=\"-1\" data-aria-posinset=\"7\" data-aria-level=\"1\"><span data-contrast=\"auto\">Digitization of land reclamation projects and maintenance of reclamation databases.<\/span><span data-ccp-props=\"{}\">\u00a0<\/span><\/li><\/ul><ul><li data-leveltext=\"\uf0b7\" data-font=\"Symbol\" data-listid=\"1\" data-list-defn-props=\"{&quot;335552541&quot;:1,&quot;335559685&quot;:720,&quot;335559991&quot;:360,&quot;469769226&quot;:&quot;Symbol&quot;,&quot;469769242&quot;:[8226],&quot;469777803&quot;:&quot;left&quot;,&quot;469777804&quot;:&quot;\uf0b7&quot;,&quot;469777815&quot;:&quot;multilevel&quot;}\" aria-setsize=\"-1\" data-aria-posinset=\"8\" data-aria-level=\"1\"><span data-contrast=\"auto\">Creation and upkeep of spatial datasets for land reclamation and waterlogging within Lithuania.<\/span><span data-ccp-props=\"{}\">\u00a0<\/span><\/li><\/ul><p><b><span data-contrast=\"auto\">Commitment to Excellence<\/span><\/b><span data-ccp-props=\"{}\">\u00a0<\/span><\/p><p><span data-contrast=\"auto\">\u017d\u016aDC prides itself on fostering a workplace culture where every employee is valued, and individual initiatives are encouraged and supported. The organization adheres to modern quality management principles, with a strong emphasis on:<\/span><span data-ccp-props=\"{}\">\u00a0<\/span><\/p><ul><li data-leveltext=\"\uf0b7\" data-font=\"Symbol\" data-listid=\"2\" data-list-defn-props=\"{&quot;335552541&quot;:1,&quot;335559685&quot;:720,&quot;335559991&quot;:360,&quot;469769226&quot;:&quot;Symbol&quot;,&quot;469769242&quot;:[8226],&quot;469777803&quot;:&quot;left&quot;,&quot;469777804&quot;:&quot;\uf0b7&quot;,&quot;469777815&quot;:&quot;multilevel&quot;}\" aria-setsize=\"-1\" data-aria-posinset=\"1\" data-aria-level=\"1\"><span data-contrast=\"auto\">Procedural efficiency.<\/span><span data-ccp-props=\"{}\">\u00a0<\/span><\/li><\/ul><ul><li data-leveltext=\"\uf0b7\" data-font=\"Symbol\" data-listid=\"2\" data-list-defn-props=\"{&quot;335552541&quot;:1,&quot;335559685&quot;:720,&quot;335559991&quot;:360,&quot;469769226&quot;:&quot;Symbol&quot;,&quot;469769242&quot;:[8226],&quot;469777803&quot;:&quot;left&quot;,&quot;469777804&quot;:&quot;\uf0b7&quot;,&quot;469777815&quot;:&quot;multilevel&quot;}\" aria-setsize=\"-1\" data-aria-posinset=\"2\" data-aria-level=\"1\"><span data-contrast=\"auto\">Information and data security.<\/span><span data-ccp-props=\"{}\">\u00a0<\/span><\/li><\/ul><ul><li data-leveltext=\"\uf0b7\" data-font=\"Symbol\" data-listid=\"2\" data-list-defn-props=\"{&quot;335552541&quot;:1,&quot;335559685&quot;:720,&quot;335559991&quot;:360,&quot;469769226&quot;:&quot;Symbol&quot;,&quot;469769242&quot;:[8226],&quot;469777803&quot;:&quot;left&quot;,&quot;469777804&quot;:&quot;\uf0b7&quot;,&quot;469777815&quot;:&quot;multilevel&quot;}\" aria-setsize=\"-1\" data-aria-posinset=\"3\" data-aria-level=\"1\"><span data-contrast=\"auto\">Environmental sustainability.<\/span><span data-ccp-props=\"{}\">\u00a0<\/span><\/li><\/ul><ul><li data-leveltext=\"\uf0b7\" data-font=\"Symbol\" data-listid=\"2\" data-list-defn-props=\"{&quot;335552541&quot;:1,&quot;335559685&quot;:720,&quot;335559991&quot;:360,&quot;469769226&quot;:&quot;Symbol&quot;,&quot;469769242&quot;:[8226],&quot;469777803&quot;:&quot;left&quot;,&quot;469777804&quot;:&quot;\uf0b7&quot;,&quot;469777815&quot;:&quot;multilevel&quot;}\" aria-setsize=\"-1\" data-aria-posinset=\"4\" data-aria-level=\"1\"><span data-contrast=\"auto\">Anti-corruption practices.<\/span><span data-ccp-props=\"{}\">\u00a0<\/span><\/li><\/ul><p><span data-contrast=\"auto\">By integrating these principles into its operations, \u017d\u016aDC strives to maintain its role as a reliable and forward-thinking partner in the field of agricultural data management and development.<\/span><span data-ccp-props=\"{}\">\u00a0<\/span><\/p><p><span data-ccp-props=\"{}\">\u00a0<\/span><\/p>\t\t\t\t\t\t\t\t<\/div>\n\t\t\t\t<\/div>\n\t\t\t\t\t<\/div>\n\t\t<\/div>\n\t\t\t\t\t<\/div>\n\t\t<\/section>\n\t\t\t\t<\/div>\n\t\t","protected":false},"excerpt":{"rendered":"<p>Overview of the State Enterprise Agricultural Data Center (\u017d\u016aDC)\u00a0 The state enterprise Agricultural Data Center (hereinafter referred to as \u017d\u016aDC) commenced its operations on 3 January 2023, following the merger and reorganization of three state enterprises: the Agricultural Information and Rural Business Center, the Distance Research and Geoinformatics Center (GIS-Centras), and the State Land Fund. [&hellip;]<\/p>\n","protected":false},"author":1,"featured_media":0,"parent":0,"menu_order":0,"comment_status":"closed","ping_status":"closed","template":"","meta":{"_acf_changed":false,"site-sidebar-layout":"no-sidebar","site-content-layout":"page-builder","ast-site-content-layout":"full-width-container","site-content-style":"unboxed","site-sidebar-style":"unboxed","ast-global-header-display":"","ast-banner-title-visibility":"","ast-main-header-display":"","ast-hfb-above-header-display":"","ast-hfb-below-header-display":"","ast-hfb-mobile-header-display":"","site-post-title":"disabled","ast-breadcrumbs-content":"","ast-featured-img":"disabled","footer-sml-layout":"","ast-disable-related-posts":"","theme-transparent-header-meta":"default","adv-header-id-meta":"","stick-header-meta":"default","header-above-stick-meta":"","header-main-stick-meta":"","header-below-stick-meta":"","astra-migrate-meta-layouts":"set","ast-page-background-enabled":"default","ast-page-background-meta":{"desktop":{"background-color":"var(--ast-global-color-4)","background-image":"","background-repeat":"repeat","background-position":"center center","background-size":"auto","background-attachment":"scroll","background-type":"","background-media":"","overlay-type":"","overlay-color":"","overlay-opacity":"","overlay-gradient":""},"tablet":{"background-color":"","background-image":"","background-repeat":"repeat","background-position":"center center","background-size":"auto","background-attachment":"scroll","background-type":"","background-media":"","overlay-type":"","overlay-color":"","overlay-opacity":"","overlay-gradient":""},"mobile":{"background-color":"","background-image":"","background-repeat":"repeat","background-position":"center center","background-size":"auto","background-attachment":"scroll","background-type":"","background-media":"","overlay-type":"","overlay-color":"","overlay-opacity":"","overlay-gradient":""}},"ast-content-background-meta":{"desktop":{"background-color":"var(--ast-global-color-5)","background-image":"","background-repeat":"repeat","background-position":"center center","background-size":"auto","background-attachment":"scroll","background-type":"","background-media":"","overlay-type":"","overlay-color":"","overlay-opacity":"","overlay-gradient":""},"tablet":{"background-color":"var(--ast-global-color-5)","background-image":"","background-repeat":"repeat","background-position":"center center","background-size":"auto","background-attachment":"scroll","background-type":"","background-media":"","overlay-type":"","overlay-color":"","overlay-opacity":"","overlay-gradient":""},"mobile":{"background-color":"var(--ast-global-color-5)","background-image":"","background-repeat":"repeat","background-position":"center center","background-size":"auto","background-attachment":"scroll","background-type":"","background-media":"","overlay-type":"","overlay-color":"","overlay-opacity":"","overlay-gradient":""}},"footnotes":""},"folder":[],"class_list":["post-17878","page","type-page","status-publish","hentry"],"acf":[],"yoast_head":"<!-- This site is optimized with the Yoast SEO plugin v27.2 - https:\/\/yoast.com\/product\/yoast-seo-wordpress\/ -->\n<title>About us - V\u012e \u017dem\u0117s \u016bkio duomen\u0173 centras<\/title>\n<meta name=\"robots\" content=\"index, follow, max-snippet:-1, max-image-preview:large, max-video-preview:-1\" \/>\n<link rel=\"canonical\" href=\"https:\/\/zudc.lt\/apie-mus\/\" \/>\n<meta property=\"og:locale\" content=\"en_US\" \/>\n<meta property=\"og:type\" content=\"article\" \/>\n<meta property=\"og:title\" content=\"About us - V\u012e \u017dem\u0117s \u016bkio duomen\u0173 centras\" \/>\n<meta property=\"og:description\" content=\"Overview of the State Enterprise Agricultural Data Center (\u017d\u016aDC)\u00a0 The state enterprise Agricultural Data Center (hereinafter referred to as \u017d\u016aDC) commenced its operations on 3 January 2023, following the merger and reorganization of three state enterprises: the Agricultural Information and Rural Business Center, the Distance Research and Geoinformatics Center (GIS-Centras), and the State Land Fund. [&hellip;]\" \/>\n<meta property=\"og:url\" content=\"https:\/\/zudc.lt\/apie-mus\/\" \/>\n<meta property=\"og:site_name\" content=\"V\u012e \u017dem\u0117s \u016bkio duomen\u0173 centras\" \/>\n<meta property=\"article:publisher\" content=\"https:\/\/www.facebook.com\/vizudc\" \/>\n<meta property=\"article:modified_time\" content=\"2025-02-21T07:50:46+00:00\" \/>\n<meta property=\"og:image\" content=\"https:\/\/zudc.lt\/wp-content\/uploads\/2024\/01\/zudc.png\" \/>\n\t<meta property=\"og:image:width\" content=\"1200\" \/>\n\t<meta property=\"og:image:height\" content=\"675\" \/>\n\t<meta property=\"og:image:type\" content=\"image\/png\" \/>\n<meta name=\"twitter:card\" content=\"summary_large_image\" \/>\n<meta name=\"twitter:label1\" content=\"Est. reading time\" \/>\n\t<meta name=\"twitter:data1\" content=\"2 minutes\" \/>\n<script type=\"application\/ld+json\" class=\"yoast-schema-graph\">{\"@context\":\"https:\/\/schema.org\",\"@graph\":[{\"@type\":\"WebPage\",\"@id\":\"https:\/\/zudc.lt\/apie-mus\/\",\"url\":\"https:\/\/zudc.lt\/apie-mus\/\",\"name\":\"About us - V\u012e \u017dem\u0117s \u016bkio duomen\u0173 centras\",\"isPartOf\":{\"@id\":\"https:\/\/zudc.lt\/#website\"},\"datePublished\":\"2023-08-13T08:21:59+00:00\",\"dateModified\":\"2025-02-21T07:50:46+00:00\",\"breadcrumb\":{\"@id\":\"https:\/\/zudc.lt\/apie-mus\/#breadcrumb\"},\"inLanguage\":\"en-US\",\"potentialAction\":[{\"@type\":\"ReadAction\",\"target\":[\"https:\/\/zudc.lt\/apie-mus\/\"]}]},{\"@type\":\"BreadcrumbList\",\"@id\":\"https:\/\/zudc.lt\/apie-mus\/#breadcrumb\",\"itemListElement\":[{\"@type\":\"ListItem\",\"position\":1,\"name\":\"Pagrindinis\",\"item\":\"https:\/\/zudc.lt\/\"},{\"@type\":\"ListItem\",\"position\":2,\"name\":\"About us\"}]},{\"@type\":\"WebSite\",\"@id\":\"https:\/\/zudc.lt\/#website\",\"url\":\"https:\/\/zudc.lt\/\",\"name\":\"V\u012e \u017dem\u0117s \u016bkio duomen\u0173 centras\",\"description\":\"\",\"publisher\":{\"@id\":\"https:\/\/zudc.lt\/#organization\"},\"potentialAction\":[{\"@type\":\"SearchAction\",\"target\":{\"@type\":\"EntryPoint\",\"urlTemplate\":\"https:\/\/zudc.lt\/?s={search_term_string}\"},\"query-input\":{\"@type\":\"PropertyValueSpecification\",\"valueRequired\":true,\"valueName\":\"search_term_string\"}}],\"inLanguage\":\"en-US\"},{\"@type\":\"Organization\",\"@id\":\"https:\/\/zudc.lt\/#organization\",\"name\":\"V\u012e \u017dem\u0117s \u016bkio duomen\u0173 centras\",\"url\":\"https:\/\/zudc.lt\/\",\"logo\":{\"@type\":\"ImageObject\",\"inLanguage\":\"en-US\",\"@id\":\"https:\/\/zudc.lt\/#\/schema\/logo\/image\/\",\"url\":\"https:\/\/zudc.lt\/wp-content\/uploads\/2023\/08\/ZUDC-logo.svg\",\"contentUrl\":\"https:\/\/zudc.lt\/wp-content\/uploads\/2023\/08\/ZUDC-logo.svg\",\"width\":166,\"height\":51,\"caption\":\"V\u012e \u017dem\u0117s \u016bkio duomen\u0173 centras\"},\"image\":{\"@id\":\"https:\/\/zudc.lt\/#\/schema\/logo\/image\/\"},\"sameAs\":[\"https:\/\/www.facebook.com\/vizudc\"]}]}<\/script>\n<!-- \/ Yoast SEO plugin. -->","yoast_head_json":{"title":"About us - V\u012e \u017dem\u0117s \u016bkio duomen\u0173 centras","robots":{"index":"index","follow":"follow","max-snippet":"max-snippet:-1","max-image-preview":"max-image-preview:large","max-video-preview":"max-video-preview:-1"},"canonical":"https:\/\/zudc.lt\/apie-mus\/","og_locale":"en_US","og_type":"article","og_title":"About us - V\u012e \u017dem\u0117s \u016bkio duomen\u0173 centras","og_description":"Overview of the State Enterprise Agricultural Data Center (\u017d\u016aDC)\u00a0 The state enterprise Agricultural Data Center (hereinafter referred to as \u017d\u016aDC) commenced its operations on 3 January 2023, following the merger and reorganization of three state enterprises: the Agricultural Information and Rural Business Center, the Distance Research and Geoinformatics Center (GIS-Centras), and the State Land Fund. [&hellip;]","og_url":"https:\/\/zudc.lt\/apie-mus\/","og_site_name":"V\u012e \u017dem\u0117s \u016bkio duomen\u0173 centras","article_publisher":"https:\/\/www.facebook.com\/vizudc","article_modified_time":"2025-02-21T07:50:46+00:00","og_image":[{"width":1200,"height":675,"url":"https:\/\/zudc.lt\/wp-content\/uploads\/2024\/01\/zudc.png","type":"image\/png"}],"twitter_card":"summary_large_image","twitter_misc":{"Est. reading time":"2 minutes"},"schema":{"@context":"https:\/\/schema.org","@graph":[{"@type":"WebPage","@id":"https:\/\/zudc.lt\/apie-mus\/","url":"https:\/\/zudc.lt\/apie-mus\/","name":"About us - V\u012e \u017dem\u0117s \u016bkio duomen\u0173 centras","isPartOf":{"@id":"https:\/\/zudc.lt\/#website"},"datePublished":"2023-08-13T08:21:59+00:00","dateModified":"2025-02-21T07:50:46+00:00","breadcrumb":{"@id":"https:\/\/zudc.lt\/apie-mus\/#breadcrumb"},"inLanguage":"en-US","potentialAction":[{"@type":"ReadAction","target":["https:\/\/zudc.lt\/apie-mus\/"]}]},{"@type":"BreadcrumbList","@id":"https:\/\/zudc.lt\/apie-mus\/#breadcrumb","itemListElement":[{"@type":"ListItem","position":1,"name":"Pagrindinis","item":"https:\/\/zudc.lt\/"},{"@type":"ListItem","position":2,"name":"About us"}]},{"@type":"WebSite","@id":"https:\/\/zudc.lt\/#website","url":"https:\/\/zudc.lt\/","name":"V\u012e \u017dem\u0117s \u016bkio duomen\u0173 centras","description":"","publisher":{"@id":"https:\/\/zudc.lt\/#organization"},"potentialAction":[{"@type":"SearchAction","target":{"@type":"EntryPoint","urlTemplate":"https:\/\/zudc.lt\/?s={search_term_string}"},"query-input":{"@type":"PropertyValueSpecification","valueRequired":true,"valueName":"search_term_string"}}],"inLanguage":"en-US"},{"@type":"Organization","@id":"https:\/\/zudc.lt\/#organization","name":"V\u012e \u017dem\u0117s \u016bkio duomen\u0173 centras","url":"https:\/\/zudc.lt\/","logo":{"@type":"ImageObject","inLanguage":"en-US","@id":"https:\/\/zudc.lt\/#\/schema\/logo\/image\/","url":"https:\/\/zudc.lt\/wp-content\/uploads\/2023\/08\/ZUDC-logo.svg","contentUrl":"https:\/\/zudc.lt\/wp-content\/uploads\/2023\/08\/ZUDC-logo.svg","width":166,"height":51,"caption":"V\u012e \u017dem\u0117s \u016bkio duomen\u0173 centras"},"image":{"@id":"https:\/\/zudc.lt\/#\/schema\/logo\/image\/"},"sameAs":["https:\/\/www.facebook.com\/vizudc"]}]}},"_links":{"self":[{"href":"https:\/\/zudc.lt\/en\/wp-json\/wp\/v2\/pages\/17878","targetHints":{"allow":["GET"]}}],"collection":[{"href":"https:\/\/zudc.lt\/en\/wp-json\/wp\/v2\/pages"}],"about":[{"href":"https:\/\/zudc.lt\/en\/wp-json\/wp\/v2\/types\/page"}],"author":[{"embeddable":true,"href":"https:\/\/zudc.lt\/en\/wp-json\/wp\/v2\/users\/1"}],"replies":[{"embeddable":true,"href":"https:\/\/zudc.lt\/en\/wp-json\/wp\/v2\/comments?post=17878"}],"version-history":[{"count":13,"href":"https:\/\/zudc.lt\/en\/wp-json\/wp\/v2\/pages\/17878\/revisions"}],"predecessor-version":[{"id":86407,"href":"https:\/\/zudc.lt\/en\/wp-json\/wp\/v2\/pages\/17878\/revisions\/86407"}],"wp:attachment":[{"href":"https:\/\/zudc.lt\/en\/wp-json\/wp\/v2\/media?parent=17878"}],"wp:term":[{"taxonomy":"folder","embeddable":true,"href":"https:\/\/zudc.lt\/en\/wp-json\/wp\/v2\/folder?post=17878"}],"curies":[{"name":"wp","href":"https:\/\/api.w.org\/{rel}","templated":true}]}}