{"id":17876,"date":"2021-11-04T10:20:50","date_gmt":"2021-11-04T08:20:50","guid":{"rendered":"https:\/\/zudc.lt\/home\/"},"modified":"2025-11-13T09:16:26","modified_gmt":"2025-11-13T07:16:26","slug":"home","status":"publish","type":"page","link":"https:\/\/zudc.lt\/en\/","title":{"rendered":"Home"},"content":{"rendered":"\t\t<div data-elementor-type=\"wp-page\" data-elementor-id=\"17876\" class=\"elementor elementor-17876 elementor-7\" data-elementor-post-type=\"page\">\n\t\t\t\t\t\t<section class=\"elementor-section elementor-top-section elementor-element elementor-element-7f97079 elementor-section-height-min-height elementor-section-boxed elementor-section-height-default elementor-section-items-middle\" data-id=\"7f97079\" data-element_type=\"section\" data-e-type=\"section\" data-settings=\"{&quot;background_background&quot;:&quot;classic&quot;}\">\n\t\t\t\t\t\t\t<div class=\"elementor-background-overlay\"><\/div>\n\t\t\t\t\t\t\t<div class=\"elementor-container elementor-column-gap-no\">\n\t\t\t\t\t<div class=\"elementor-column elementor-col-100 elementor-top-column elementor-element elementor-element-6579bb6\" data-id=\"6579bb6\" data-element_type=\"column\" data-e-type=\"column\">\n\t\t\t<div class=\"elementor-widget-wrap elementor-element-populated\">\n\t\t\t\t\t\t<div class=\"elementor-element elementor-element-704fda8 elementor-widget elementor-widget-heading\" data-id=\"704fda8\" data-element_type=\"widget\" data-e-type=\"widget\" data-widget_type=\"heading.default\">\n\t\t\t\t<div class=\"elementor-widget-container\">\n\t\t\t\t\t<h1 class=\"elementor-heading-title elementor-size-default\">Growing data, growing future<\/h1>\t\t\t\t<\/div>\n\t\t\t\t<\/div>\n\t\t\t\t<div class=\"elementor-element elementor-element-8a650e1 elementor-widget__width-initial elementor-widget elementor-widget-text-editor\" data-id=\"8a650e1\" data-element_type=\"widget\" data-e-type=\"widget\" data-widget_type=\"text-editor.default\">\n\t\t\t\t<div class=\"elementor-widget-container\">\n\t\t\t\t\t\t\t\t\tOur goal is to use data-driven insights to enable sustainable agriculture. Our dedicated team strives to optimize land use, increase crop yields and promote environmental stewardship, while ensuring efficient resource allocation and responsible land management.\t\t\t\t\t\t\t\t<\/div>\n\t\t\t\t<\/div>\n\t\t\t\t\t<\/div>\n\t\t<\/div>\n\t\t\t\t\t<\/div>\n\t\t<\/section>\n\t\t\t\t<section class=\"elementor-section elementor-top-section elementor-element elementor-element-b5aa9c2 elementor-section-boxed elementor-section-height-default elementor-section-height-default\" data-id=\"b5aa9c2\" data-element_type=\"section\" data-e-type=\"section\" data-settings=\"{&quot;background_background&quot;:&quot;classic&quot;}\">\n\t\t\t\t\t\t<div class=\"elementor-container elementor-column-gap-no\">\n\t\t\t\t\t<div class=\"elementor-column elementor-col-100 elementor-top-column elementor-element elementor-element-36b4c41\" data-id=\"36b4c41\" data-element_type=\"column\" data-e-type=\"column\" data-settings=\"{&quot;background_background&quot;:&quot;classic&quot;}\">\n\t\t\t<div class=\"elementor-widget-wrap elementor-element-populated\">\n\t\t\t\t\t\t<section class=\"elementor-section elementor-inner-section elementor-element elementor-element-be6041f elementor-section-boxed elementor-section-height-default elementor-section-height-default\" data-id=\"be6041f\" data-element_type=\"section\" data-e-type=\"section\">\n\t\t\t\t\t\t<div class=\"elementor-container elementor-column-gap-no\">\n\t\t\t\t\t<div class=\"elementor-column elementor-col-100 elementor-inner-column elementor-element elementor-element-6cdf5d7\" data-id=\"6cdf5d7\" data-element_type=\"column\" data-e-type=\"column\">\n\t\t\t<div class=\"elementor-widget-wrap elementor-element-populated\">\n\t\t\t\t\t\t<div class=\"elementor-element elementor-element-58a5790 elementor-widget elementor-widget-heading\" data-id=\"58a5790\" data-element_type=\"widget\" data-e-type=\"widget\" data-widget_type=\"heading.default\">\n\t\t\t\t<div class=\"elementor-widget-container\">\n\t\t\t\t\t<h2 class=\"elementor-heading-title elementor-size-default\">Agricultural data center\n<\/h2>\t\t\t\t<\/div>\n\t\t\t\t<\/div>\n\t\t\t\t<div class=\"elementor-element elementor-element-d97b975 elementor-icon-list--layout-traditional elementor-list-item-link-full_width elementor-widget elementor-widget-icon-list\" data-id=\"d97b975\" data-element_type=\"widget\" data-e-type=\"widget\" data-widget_type=\"icon-list.default\">\n\t\t\t\t<div class=\"elementor-widget-container\">\n\t\t\t\t\t\t\t<ul class=\"elementor-icon-list-items\">\n\t\t\t\t\t\t\t<li class=\"elementor-icon-list-item\">\n\t\t\t\t\t\t\t\t\t\t\t<span class=\"elementor-icon-list-icon\">\n\t\t\t\t\t\t\t<svg aria-hidden=\"true\" class=\"e-font-icon-svg e-fas-minus\" viewBox=\"0 0 448 512\" xmlns=\"http:\/\/www.w3.org\/2000\/svg\"><path d=\"M416 208H32c-17.67 0-32 14.33-32 32v32c0 17.67 14.33 32 32 32h384c17.67 0 32-14.33 32-32v-32c0-17.67-14.33-32-32-32z\"><\/path><\/svg>\t\t\t\t\t\t<\/span>\n\t\t\t\t\t\t\t\t\t\t<span class=\"elementor-icon-list-text\">State Enterprise<\/span>\n\t\t\t\t\t\t\t\t\t<\/li>\n\t\t\t\t\t\t\t\t<li class=\"elementor-icon-list-item\">\n\t\t\t\t\t\t\t\t\t\t\t<span class=\"elementor-icon-list-icon\">\n\t\t\t\t\t\t\t<svg aria-hidden=\"true\" class=\"e-font-icon-svg e-fas-minus\" viewBox=\"0 0 448 512\" xmlns=\"http:\/\/www.w3.org\/2000\/svg\"><path d=\"M416 208H32c-17.67 0-32 14.33-32 32v32c0 17.67 14.33 32 32 32h384c17.67 0 32-14.33 32-32v-32c0-17.67-14.33-32-32-32z\"><\/path><\/svg>\t\t\t\t\t\t<\/span>\n\t\t\t\t\t\t\t\t\t\t<span class=\"elementor-icon-list-text\">Institution code: 306205513<\/span>\n\t\t\t\t\t\t\t\t\t<\/li>\n\t\t\t\t\t\t\t\t<li class=\"elementor-icon-list-item\">\n\t\t\t\t\t\t\t\t\t\t\t<span class=\"elementor-icon-list-icon\">\n\t\t\t\t\t\t\t<svg aria-hidden=\"true\" class=\"e-font-icon-svg e-fas-minus\" viewBox=\"0 0 448 512\" xmlns=\"http:\/\/www.w3.org\/2000\/svg\"><path d=\"M416 208H32c-17.67 0-32 14.33-32 32v32c0 17.67 14.33 32 32 32h384c17.67 0 32-14.33 32-32v-32c0-17.67-14.33-32-32-32z\"><\/path><\/svg>\t\t\t\t\t\t<\/span>\n\t\t\t\t\t\t\t\t\t\t<span class=\"elementor-icon-list-text\">Data is collected and stored in the Register of Legal Entities<\/span>\n\t\t\t\t\t\t\t\t\t<\/li>\n\t\t\t\t\t\t\t\t<li class=\"elementor-icon-list-item\">\n\t\t\t\t\t\t\t\t\t\t\t<span class=\"elementor-icon-list-icon\">\n\t\t\t\t\t\t\t<svg aria-hidden=\"true\" class=\"e-font-icon-svg e-fas-minus\" viewBox=\"0 0 448 512\" xmlns=\"http:\/\/www.w3.org\/2000\/svg\"><path d=\"M416 208H32c-17.67 0-32 14.33-32 32v32c0 17.67 14.33 32 32 32h384c17.67 0 32-14.33 32-32v-32c0-17.67-14.33-32-32-32z\"><\/path><\/svg>\t\t\t\t\t\t<\/span>\n\t\t\t\t\t\t\t\t\t\t<span class=\"elementor-icon-list-text\">Address: Vinco Kudirkos str. 18-1 LT-03105 Vilnius<\/span>\n\t\t\t\t\t\t\t\t\t<\/li>\n\t\t\t\t\t\t\t\t<li class=\"elementor-icon-list-item\">\n\t\t\t\t\t\t\t\t\t\t\t<span class=\"elementor-icon-list-icon\">\n\t\t\t\t\t\t\t<svg aria-hidden=\"true\" class=\"e-font-icon-svg e-fas-minus\" viewBox=\"0 0 448 512\" xmlns=\"http:\/\/www.w3.org\/2000\/svg\"><path d=\"M416 208H32c-17.67 0-32 14.33-32 32v32c0 17.67 14.33 32 32 32h384c17.67 0 32-14.33 32-32v-32c0-17.67-14.33-32-32-32z\"><\/path><\/svg>\t\t\t\t\t\t<\/span>\n\t\t\t\t\t\t\t\t\t\t<span class=\"elementor-icon-list-text\">Email: info@zudc.lt<\/span>\n\t\t\t\t\t\t\t\t\t<\/li>\n\t\t\t\t\t\t\t\t<li class=\"elementor-icon-list-item\">\n\t\t\t\t\t\t\t\t\t\t\t<span class=\"elementor-icon-list-icon\">\n\t\t\t\t\t\t\t<svg aria-hidden=\"true\" class=\"e-font-icon-svg e-fas-minus\" viewBox=\"0 0 448 512\" xmlns=\"http:\/\/www.w3.org\/2000\/svg\"><path d=\"M416 208H32c-17.67 0-32 14.33-32 32v32c0 17.67 14.33 32 32 32h384c17.67 0 32-14.33 32-32v-32c0-17.67-14.33-32-32-32z\"><\/path><\/svg>\t\t\t\t\t\t<\/span>\n\t\t\t\t\t\t\t\t\t\t<span class=\"elementor-icon-list-text\">Phone: (0 5) 266 0620<\/span>\n\t\t\t\t\t\t\t\t\t<\/li>\n\t\t\t\t\t\t<\/ul>\n\t\t\t\t\t\t<\/div>\n\t\t\t\t<\/div>\n\t\t\t\t\t<\/div>\n\t\t<\/div>\n\t\t\t\t\t<\/div>\n\t\t<\/section>\n\t\t\t\t\t<\/div>\n\t\t<\/div>\n\t\t\t\t\t<\/div>\n\t\t<\/section>\n\t\t\t\t<\/div>\n\t\t","protected":false},"excerpt":{"rendered":"<p>Growing data, growing future Our goal is to use data-driven insights to enable sustainable agriculture. Our dedicated team strives to optimize land use, increase crop yields and promote environmental stewardship, while ensuring efficient resource allocation and responsible land management. Agricultural data center State Enterprise Institution code: 306205513 Data is collected and stored in the Register [&hellip;]<\/p>\n","protected":false},"author":1,"featured_media":19004,"parent":0,"menu_order":0,"comment_status":"closed","ping_status":"closed","template":"","meta":{"_acf_changed":false,"site-sidebar-layout":"no-sidebar","site-content-layout":"page-builder","ast-site-content-layout":"full-width-container","site-content-style":"unboxed","site-sidebar-style":"unboxed","ast-global-header-display":"","ast-banner-title-visibility":"","ast-main-header-display":"","ast-hfb-above-header-display":"","ast-hfb-below-header-display":"","ast-hfb-mobile-header-display":"","site-post-title":"disabled","ast-breadcrumbs-content":"disabled","ast-featured-img":"disabled","footer-sml-layout":"","ast-disable-related-posts":"","theme-transparent-header-meta":"default","adv-header-id-meta":"","stick-header-meta":"default","header-above-stick-meta":"","header-main-stick-meta":"","header-below-stick-meta":"","astra-migrate-meta-layouts":"set","ast-page-background-enabled":"default","ast-page-background-meta":{"desktop":{"background-color":"var(--ast-global-color-4)","background-image":"","background-repeat":"repeat","background-position":"center center","background-size":"auto","background-attachment":"scroll","background-type":"","background-media":"","overlay-type":"","overlay-color":"","overlay-opacity":"","overlay-gradient":""},"tablet":{"background-color":"","background-image":"","background-repeat":"repeat","background-position":"center center","background-size":"auto","background-attachment":"scroll","background-type":"","background-media":"","overlay-type":"","overlay-color":"","overlay-opacity":"","overlay-gradient":""},"mobile":{"background-color":"","background-image":"","background-repeat":"repeat","background-position":"center center","background-size":"auto","background-attachment":"scroll","background-type":"","background-media":"","overlay-type":"","overlay-color":"","overlay-opacity":"","overlay-gradient":""}},"ast-content-background-meta":{"desktop":{"background-color":"var(--ast-global-color-5)","background-image":"","background-repeat":"repeat","background-position":"center center","background-size":"auto","background-attachment":"scroll","background-type":"","background-media":"","overlay-type":"","overlay-color":"","overlay-opacity":"","overlay-gradient":""},"tablet":{"background-color":"var(--ast-global-color-5)","background-image":"","background-repeat":"repeat","background-position":"center center","background-size":"auto","background-attachment":"scroll","background-type":"","background-media":"","overlay-type":"","overlay-color":"","overlay-opacity":"","overlay-gradient":""},"mobile":{"background-color":"var(--ast-global-color-5)","background-image":"","background-repeat":"repeat","background-position":"center center","background-size":"auto","background-attachment":"scroll","background-type":"","background-media":"","overlay-type":"","overlay-color":"","overlay-opacity":"","overlay-gradient":""}},"footnotes":""},"folder":[],"class_list":["post-17876","page","type-page","status-publish","has-post-thumbnail","hentry"],"acf":[],"yoast_head":"<!-- This site is optimized with the Yoast SEO plugin v27.2 - https:\/\/yoast.com\/product\/yoast-seo-wordpress\/ -->\n<title>V\u012e \u017dem\u0117s \u016bkio duomen\u0173 centras<\/title>\n<meta name=\"description\" content=\"M\u016bs\u0173 tikslas panaudoti duomenimis pagr\u012fstas \u012f\u017evalgas, kad b\u016bt\u0173 galima \u012fgalinti tvar\u0173 \u017eem\u0117s \u016bk\u012f.\" \/>\n<meta name=\"robots\" content=\"index, follow, max-snippet:-1, max-image-preview:large, max-video-preview:-1\" \/>\n<link rel=\"canonical\" href=\"https:\/\/zudc.lt\/\" \/>\n<meta property=\"og:locale\" content=\"en_US\" \/>\n<meta property=\"og:type\" content=\"article\" \/>\n<meta property=\"og:title\" content=\"V\u012e \u017dem\u0117s \u016bkio duomen\u0173 centras\" \/>\n<meta property=\"og:description\" content=\"M\u016bs\u0173 tikslas panaudoti duomenimis pagr\u012fstas \u012f\u017evalgas, kad b\u016bt\u0173 galima \u012fgalinti tvar\u0173 \u017eem\u0117s \u016bk\u012f.\" \/>\n<meta property=\"og:url\" content=\"https:\/\/zudc.lt\/\" \/>\n<meta property=\"og:site_name\" content=\"V\u012e \u017dem\u0117s \u016bkio duomen\u0173 centras\" \/>\n<meta property=\"article:publisher\" content=\"https:\/\/www.facebook.com\/vizudc\" \/>\n<meta property=\"article:modified_time\" content=\"2025-11-13T07:16:26+00:00\" \/>\n<meta property=\"og:image\" content=\"https:\/\/zudc.lt\/wp-content\/uploads\/2023\/11\/ZUDC-logo.png\" \/>\n\t<meta property=\"og:image:width\" content=\"1967\" \/>\n\t<meta property=\"og:image:height\" content=\"615\" \/>\n\t<meta property=\"og:image:type\" content=\"image\/png\" \/>\n<meta name=\"twitter:card\" content=\"summary_large_image\" \/>\n<meta name=\"twitter:title\" content=\"V\u012e \u017dem\u0117s \u016bkio duomen\u0173 centras\" \/>\n<meta name=\"twitter:description\" content=\"M\u016bs\u0173 tikslas panaudoti duomenimis pagr\u012fstas \u012f\u017evalgas, kad b\u016bt\u0173 galima \u012fgalinti tvar\u0173 \u017eem\u0117s \u016bk\u012f.\" \/>\n<meta name=\"twitter:image\" content=\"https:\/\/zudc.lt\/wp-content\/uploads\/2023\/11\/ZUDC-logo.png\" \/>\n<meta name=\"twitter:label1\" content=\"Est. reading time\" \/>\n\t<meta name=\"twitter:data1\" content=\"1 minute\" \/>\n<script type=\"application\/ld+json\" class=\"yoast-schema-graph\">{\"@context\":\"https:\/\/schema.org\",\"@graph\":[{\"@type\":\"WebPage\",\"@id\":\"https:\/\/zudc.lt\/\",\"url\":\"https:\/\/zudc.lt\/\",\"name\":\"V\u012e \u017dem\u0117s \u016bkio duomen\u0173 centras\",\"isPartOf\":{\"@id\":\"https:\/\/zudc.lt\/#website\"},\"primaryImageOfPage\":{\"@id\":\"https:\/\/zudc.lt\/#primaryimage\"},\"image\":{\"@id\":\"https:\/\/zudc.lt\/#primaryimage\"},\"thumbnailUrl\":\"https:\/\/zudc.lt\/wp-content\/uploads\/2024\/01\/zudc.png\",\"datePublished\":\"2021-11-04T08:20:50+00:00\",\"dateModified\":\"2025-11-13T07:16:26+00:00\",\"description\":\"M\u016bs\u0173 tikslas panaudoti duomenimis pagr\u012fstas \u012f\u017evalgas, kad b\u016bt\u0173 galima \u012fgalinti tvar\u0173 \u017eem\u0117s \u016bk\u012f.\",\"breadcrumb\":{\"@id\":\"https:\/\/zudc.lt\/#breadcrumb\"},\"inLanguage\":\"en-US\",\"potentialAction\":[{\"@type\":\"ReadAction\",\"target\":[\"https:\/\/zudc.lt\/\"]}]},{\"@type\":\"ImageObject\",\"inLanguage\":\"en-US\",\"@id\":\"https:\/\/zudc.lt\/#primaryimage\",\"url\":\"https:\/\/zudc.lt\/wp-content\/uploads\/2024\/01\/zudc.png\",\"contentUrl\":\"https:\/\/zudc.lt\/wp-content\/uploads\/2024\/01\/zudc.png\",\"width\":1200,\"height\":675},{\"@type\":\"BreadcrumbList\",\"@id\":\"https:\/\/zudc.lt\/#breadcrumb\",\"itemListElement\":[{\"@type\":\"ListItem\",\"position\":1,\"name\":\"Pagrindinis\",\"item\":\"https:\/\/zudc.lt\/\"},{\"@type\":\"ListItem\",\"position\":2,\"name\":\"Home\"}]},{\"@type\":\"WebSite\",\"@id\":\"https:\/\/zudc.lt\/#website\",\"url\":\"https:\/\/zudc.lt\/\",\"name\":\"V\u012e \u017dem\u0117s \u016bkio duomen\u0173 centras\",\"description\":\"\",\"publisher\":{\"@id\":\"https:\/\/zudc.lt\/#organization\"},\"potentialAction\":[{\"@type\":\"SearchAction\",\"target\":{\"@type\":\"EntryPoint\",\"urlTemplate\":\"https:\/\/zudc.lt\/?s={search_term_string}\"},\"query-input\":{\"@type\":\"PropertyValueSpecification\",\"valueRequired\":true,\"valueName\":\"search_term_string\"}}],\"inLanguage\":\"en-US\"},{\"@type\":\"Organization\",\"@id\":\"https:\/\/zudc.lt\/#organization\",\"name\":\"V\u012e \u017dem\u0117s \u016bkio duomen\u0173 centras\",\"url\":\"https:\/\/zudc.lt\/\",\"logo\":{\"@type\":\"ImageObject\",\"inLanguage\":\"en-US\",\"@id\":\"https:\/\/zudc.lt\/#\/schema\/logo\/image\/\",\"url\":\"https:\/\/zudc.lt\/wp-content\/uploads\/2023\/08\/ZUDC-logo.svg\",\"contentUrl\":\"https:\/\/zudc.lt\/wp-content\/uploads\/2023\/08\/ZUDC-logo.svg\",\"width\":166,\"height\":51,\"caption\":\"V\u012e \u017dem\u0117s \u016bkio duomen\u0173 centras\"},\"image\":{\"@id\":\"https:\/\/zudc.lt\/#\/schema\/logo\/image\/\"},\"sameAs\":[\"https:\/\/www.facebook.com\/vizudc\"]}]}<\/script>\n<!-- \/ Yoast SEO plugin. -->","yoast_head_json":{"title":"V\u012e \u017dem\u0117s \u016bkio duomen\u0173 centras","description":"M\u016bs\u0173 tikslas panaudoti duomenimis pagr\u012fstas \u012f\u017evalgas, kad b\u016bt\u0173 galima \u012fgalinti tvar\u0173 \u017eem\u0117s \u016bk\u012f.","robots":{"index":"index","follow":"follow","max-snippet":"max-snippet:-1","max-image-preview":"max-image-preview:large","max-video-preview":"max-video-preview:-1"},"canonical":"https:\/\/zudc.lt\/","og_locale":"en_US","og_type":"article","og_title":"V\u012e \u017dem\u0117s \u016bkio duomen\u0173 centras","og_description":"M\u016bs\u0173 tikslas panaudoti duomenimis pagr\u012fstas \u012f\u017evalgas, kad b\u016bt\u0173 galima \u012fgalinti tvar\u0173 \u017eem\u0117s \u016bk\u012f.","og_url":"https:\/\/zudc.lt\/","og_site_name":"V\u012e \u017dem\u0117s \u016bkio duomen\u0173 centras","article_publisher":"https:\/\/www.facebook.com\/vizudc","article_modified_time":"2025-11-13T07:16:26+00:00","og_image":[{"width":1967,"height":615,"url":"https:\/\/zudc.lt\/wp-content\/uploads\/2023\/11\/ZUDC-logo.png","type":"image\/png"}],"twitter_card":"summary_large_image","twitter_title":"V\u012e \u017dem\u0117s \u016bkio duomen\u0173 centras","twitter_description":"M\u016bs\u0173 tikslas panaudoti duomenimis pagr\u012fstas \u012f\u017evalgas, kad b\u016bt\u0173 galima \u012fgalinti tvar\u0173 \u017eem\u0117s \u016bk\u012f.","twitter_image":"https:\/\/zudc.lt\/wp-content\/uploads\/2023\/11\/ZUDC-logo.png","twitter_misc":{"Est. reading time":"1 minute"},"schema":{"@context":"https:\/\/schema.org","@graph":[{"@type":"WebPage","@id":"https:\/\/zudc.lt\/","url":"https:\/\/zudc.lt\/","name":"V\u012e \u017dem\u0117s \u016bkio duomen\u0173 centras","isPartOf":{"@id":"https:\/\/zudc.lt\/#website"},"primaryImageOfPage":{"@id":"https:\/\/zudc.lt\/#primaryimage"},"image":{"@id":"https:\/\/zudc.lt\/#primaryimage"},"thumbnailUrl":"https:\/\/zudc.lt\/wp-content\/uploads\/2024\/01\/zudc.png","datePublished":"2021-11-04T08:20:50+00:00","dateModified":"2025-11-13T07:16:26+00:00","description":"M\u016bs\u0173 tikslas panaudoti duomenimis pagr\u012fstas \u012f\u017evalgas, kad b\u016bt\u0173 galima \u012fgalinti tvar\u0173 \u017eem\u0117s \u016bk\u012f.","breadcrumb":{"@id":"https:\/\/zudc.lt\/#breadcrumb"},"inLanguage":"en-US","potentialAction":[{"@type":"ReadAction","target":["https:\/\/zudc.lt\/"]}]},{"@type":"ImageObject","inLanguage":"en-US","@id":"https:\/\/zudc.lt\/#primaryimage","url":"https:\/\/zudc.lt\/wp-content\/uploads\/2024\/01\/zudc.png","contentUrl":"https:\/\/zudc.lt\/wp-content\/uploads\/2024\/01\/zudc.png","width":1200,"height":675},{"@type":"BreadcrumbList","@id":"https:\/\/zudc.lt\/#breadcrumb","itemListElement":[{"@type":"ListItem","position":1,"name":"Pagrindinis","item":"https:\/\/zudc.lt\/"},{"@type":"ListItem","position":2,"name":"Home"}]},{"@type":"WebSite","@id":"https:\/\/zudc.lt\/#website","url":"https:\/\/zudc.lt\/","name":"V\u012e \u017dem\u0117s \u016bkio duomen\u0173 centras","description":"","publisher":{"@id":"https:\/\/zudc.lt\/#organization"},"potentialAction":[{"@type":"SearchAction","target":{"@type":"EntryPoint","urlTemplate":"https:\/\/zudc.lt\/?s={search_term_string}"},"query-input":{"@type":"PropertyValueSpecification","valueRequired":true,"valueName":"search_term_string"}}],"inLanguage":"en-US"},{"@type":"Organization","@id":"https:\/\/zudc.lt\/#organization","name":"V\u012e \u017dem\u0117s \u016bkio duomen\u0173 centras","url":"https:\/\/zudc.lt\/","logo":{"@type":"ImageObject","inLanguage":"en-US","@id":"https:\/\/zudc.lt\/#\/schema\/logo\/image\/","url":"https:\/\/zudc.lt\/wp-content\/uploads\/2023\/08\/ZUDC-logo.svg","contentUrl":"https:\/\/zudc.lt\/wp-content\/uploads\/2023\/08\/ZUDC-logo.svg","width":166,"height":51,"caption":"V\u012e \u017dem\u0117s \u016bkio duomen\u0173 centras"},"image":{"@id":"https:\/\/zudc.lt\/#\/schema\/logo\/image\/"},"sameAs":["https:\/\/www.facebook.com\/vizudc"]}]}},"_links":{"self":[{"href":"https:\/\/zudc.lt\/en\/wp-json\/wp\/v2\/pages\/17876","targetHints":{"allow":["GET"]}}],"collection":[{"href":"https:\/\/zudc.lt\/en\/wp-json\/wp\/v2\/pages"}],"about":[{"href":"https:\/\/zudc.lt\/en\/wp-json\/wp\/v2\/types\/page"}],"author":[{"embeddable":true,"href":"https:\/\/zudc.lt\/en\/wp-json\/wp\/v2\/users\/1"}],"replies":[{"embeddable":true,"href":"https:\/\/zudc.lt\/en\/wp-json\/wp\/v2\/comments?post=17876"}],"version-history":[{"count":13,"href":"https:\/\/zudc.lt\/en\/wp-json\/wp\/v2\/pages\/17876\/revisions"}],"predecessor-version":[{"id":96179,"href":"https:\/\/zudc.lt\/en\/wp-json\/wp\/v2\/pages\/17876\/revisions\/96179"}],"wp:featuredmedia":[{"embeddable":true,"href":"https:\/\/zudc.lt\/en\/wp-json\/wp\/v2\/media\/19004"}],"wp:attachment":[{"href":"https:\/\/zudc.lt\/en\/wp-json\/wp\/v2\/media?parent=17876"}],"wp:term":[{"taxonomy":"folder","embeddable":true,"href":"https:\/\/zudc.lt\/en\/wp-json\/wp\/v2\/folder?post=17876"}],"curies":[{"name":"wp","href":"https:\/\/api.w.org\/{rel}","templated":true}]}}