{"id":60650,"date":"2022-11-11T18:20:07","date_gmt":"2022-11-11T15:20:07","guid":{"rendered":"https:\/\/www.vic.lt\/drp\/?page_id=60650"},"modified":"2024-04-25T16:40:01","modified_gmt":"2024-04-25T13:40:01","slug":"1-2-1-lietuvos-jurines-zvejybos-sektoriaus-uzimtumo-ir-darbuotoju-socialiniai-rodikliai","status":"publish","type":"page","link":"https:\/\/zudc.lt\/drp\/statistika\/zvejyba\/1-2-1-lietuvos-jurines-zvejybos-sektoriaus-uzimtumo-ir-darbuotoju-socialiniai-rodikliai\/","title":{"rendered":"1.2.1. Lietuvos j\u016brin\u0117s \u017evejybos sektoriaus u\u017eimtumo ir darbuotoj\u0173 socialiniai rodikliai"},"content":{"rendered":"\r\n<iframe loading=\"lazy\" title=\"I.4.Laivynas_laivai\" src=\"https:\/\/app.powerbi.com\/view?r=eyJrIjoiYzY2ZjlhNTEtNmUwNC00NTljLWJiODQtYWFlMzA4YTkyY2JmIiwidCI6IjNjMjk2MzFmLTAyN2EtNGFlYy05OGQxLWJlMGNjODg4MzAxNiIsImMiOjl9\" allowfullscreen=\"true\" width=\"100%\" height=\"836\" frameborder=\"0\"><\/iframe>\r\n","protected":false},"excerpt":{"rendered":"","protected":false},"author":1,"featured_media":0,"parent":28515,"menu_order":210,"comment_status":"closed","ping_status":"closed","template":"","meta":{"footnotes":""},"yoast_head":"<!-- This site is optimized with the Yoast SEO plugin v22.5 - https:\/\/yoast.com\/wordpress\/plugins\/seo\/ -->\n<title>1.2.1. Lietuvos j\u016brin\u0117s \u017evejybos sektoriaus u\u017eimtumo ir darbuotoj\u0173 socialiniai rodikliai - Lietuvos nacionalin\u0117 \u017euvininkyst\u0117s duomen\u0173 rinkimo programa<\/title>\n<meta name=\"robots\" content=\"index, follow, max-snippet:-1, max-image-preview:large, max-video-preview:-1\" \/>\n<link rel=\"canonical\" href=\"https:\/\/zudc.lt\/drp\/statistika\/zvejyba\/1-2-1-lietuvos-jurines-zvejybos-sektoriaus-uzimtumo-ir-darbuotoju-socialiniai-rodikliai\/\" \/>\n<meta property=\"og:locale\" content=\"lt_LT\" \/>\n<meta property=\"og:type\" content=\"article\" \/>\n<meta property=\"og:title\" content=\"1.2.1. Lietuvos j\u016brin\u0117s \u017evejybos sektoriaus u\u017eimtumo ir darbuotoj\u0173 socialiniai rodikliai - Lietuvos nacionalin\u0117 \u017euvininkyst\u0117s duomen\u0173 rinkimo programa\" \/>\n<meta property=\"og:url\" content=\"https:\/\/zudc.lt\/drp\/statistika\/zvejyba\/1-2-1-lietuvos-jurines-zvejybos-sektoriaus-uzimtumo-ir-darbuotoju-socialiniai-rodikliai\/\" \/>\n<meta property=\"og:site_name\" content=\"Lietuvos nacionalin\u0117 \u017euvininkyst\u0117s duomen\u0173 rinkimo programa\" \/>\n<meta property=\"article:modified_time\" content=\"2024-04-25T13:40:01+00:00\" \/>\n<meta name=\"twitter:card\" content=\"summary_large_image\" \/>\n<script type=\"application\/ld+json\" class=\"yoast-schema-graph\">{\"@context\":\"https:\/\/schema.org\",\"@graph\":[{\"@type\":\"WebPage\",\"@id\":\"https:\/\/zudc.lt\/drp\/statistika\/zvejyba\/1-2-1-lietuvos-jurines-zvejybos-sektoriaus-uzimtumo-ir-darbuotoju-socialiniai-rodikliai\/\",\"url\":\"https:\/\/zudc.lt\/drp\/statistika\/zvejyba\/1-2-1-lietuvos-jurines-zvejybos-sektoriaus-uzimtumo-ir-darbuotoju-socialiniai-rodikliai\/\",\"name\":\"1.2.1. Lietuvos j\u016brin\u0117s \u017evejybos sektoriaus u\u017eimtumo ir darbuotoj\u0173 socialiniai rodikliai - Lietuvos nacionalin\u0117 \u017euvininkyst\u0117s duomen\u0173 rinkimo programa\",\"isPartOf\":{\"@id\":\"https:\/\/zudc.lt\/drp\/#website\"},\"datePublished\":\"2022-11-11T15:20:07+00:00\",\"dateModified\":\"2024-04-25T13:40:01+00:00\",\"breadcrumb\":{\"@id\":\"https:\/\/zudc.lt\/drp\/statistika\/zvejyba\/1-2-1-lietuvos-jurines-zvejybos-sektoriaus-uzimtumo-ir-darbuotoju-socialiniai-rodikliai\/#breadcrumb\"},\"inLanguage\":\"lt-LT\",\"potentialAction\":[{\"@type\":\"ReadAction\",\"target\":[\"https:\/\/zudc.lt\/drp\/statistika\/zvejyba\/1-2-1-lietuvos-jurines-zvejybos-sektoriaus-uzimtumo-ir-darbuotoju-socialiniai-rodikliai\/\"]}]},{\"@type\":\"BreadcrumbList\",\"@id\":\"https:\/\/zudc.lt\/drp\/statistika\/zvejyba\/1-2-1-lietuvos-jurines-zvejybos-sektoriaus-uzimtumo-ir-darbuotoju-socialiniai-rodikliai\/#breadcrumb\",\"itemListElement\":[{\"@type\":\"ListItem\",\"position\":1,\"name\":\"Home\",\"item\":\"https:\/\/zudc.lt\/drp\/\"},{\"@type\":\"ListItem\",\"position\":2,\"name\":\"Statistika\",\"item\":\"https:\/\/zudc.lt\/drp\/statistika\/\"},{\"@type\":\"ListItem\",\"position\":3,\"name\":\"\u017dvejyba\",\"item\":\"https:\/\/zudc.lt\/drp\/statistika\/zvejyba\/\"},{\"@type\":\"ListItem\",\"position\":4,\"name\":\"1.2.1. Lietuvos j\u016brin\u0117s \u017evejybos sektoriaus u\u017eimtumo ir darbuotoj\u0173 socialiniai rodikliai\"}]},{\"@type\":\"WebSite\",\"@id\":\"https:\/\/zudc.lt\/drp\/#website\",\"url\":\"https:\/\/zudc.lt\/drp\/\",\"name\":\"Lietuvos nacionalin\u0117 \u017euvininkyst\u0117s duomen\u0173 rinkimo programa\",\"description\":\"\",\"publisher\":{\"@id\":\"https:\/\/zudc.lt\/drp\/#organization\"},\"potentialAction\":[{\"@type\":\"SearchAction\",\"target\":{\"@type\":\"EntryPoint\",\"urlTemplate\":\"https:\/\/zudc.lt\/drp\/?s={search_term_string}\"},\"query-input\":\"required name=search_term_string\"}],\"inLanguage\":\"lt-LT\"},{\"@type\":\"Organization\",\"@id\":\"https:\/\/zudc.lt\/drp\/#organization\",\"name\":\"Lietuvos nacionalin\u0117 \u017euvininkyst\u0117s duomen\u0173 rinkimo programa\",\"url\":\"https:\/\/zudc.lt\/drp\/\",\"logo\":{\"@type\":\"ImageObject\",\"inLanguage\":\"lt-LT\",\"@id\":\"https:\/\/zudc.lt\/drp\/#\/schema\/logo\/image\/\",\"url\":\"https:\/\/zudc.lt\/drp\/wp-content\/uploads\/sites\/3\/2024\/04\/cropped-cropped-Logo_EJRZF.png\",\"contentUrl\":\"https:\/\/zudc.lt\/drp\/wp-content\/uploads\/sites\/3\/2024\/04\/cropped-cropped-Logo_EJRZF.png\",\"width\":268,\"height\":66,\"caption\":\"Lietuvos nacionalin\u0117 \u017euvininkyst\u0117s duomen\u0173 rinkimo programa\"},\"image\":{\"@id\":\"https:\/\/zudc.lt\/drp\/#\/schema\/logo\/image\/\"}}]}<\/script>\n<!-- \/ Yoast SEO plugin. -->","yoast_head_json":{"title":"1.2.1. Lietuvos j\u016brin\u0117s \u017evejybos sektoriaus u\u017eimtumo ir darbuotoj\u0173 socialiniai rodikliai - Lietuvos nacionalin\u0117 \u017euvininkyst\u0117s duomen\u0173 rinkimo programa","robots":{"index":"index","follow":"follow","max-snippet":"max-snippet:-1","max-image-preview":"max-image-preview:large","max-video-preview":"max-video-preview:-1"},"canonical":"https:\/\/zudc.lt\/drp\/statistika\/zvejyba\/1-2-1-lietuvos-jurines-zvejybos-sektoriaus-uzimtumo-ir-darbuotoju-socialiniai-rodikliai\/","og_locale":"lt_LT","og_type":"article","og_title":"1.2.1. Lietuvos j\u016brin\u0117s \u017evejybos sektoriaus u\u017eimtumo ir darbuotoj\u0173 socialiniai rodikliai - Lietuvos nacionalin\u0117 \u017euvininkyst\u0117s duomen\u0173 rinkimo programa","og_url":"https:\/\/zudc.lt\/drp\/statistika\/zvejyba\/1-2-1-lietuvos-jurines-zvejybos-sektoriaus-uzimtumo-ir-darbuotoju-socialiniai-rodikliai\/","og_site_name":"Lietuvos nacionalin\u0117 \u017euvininkyst\u0117s duomen\u0173 rinkimo programa","article_modified_time":"2024-04-25T13:40:01+00:00","twitter_card":"summary_large_image","schema":{"@context":"https:\/\/schema.org","@graph":[{"@type":"WebPage","@id":"https:\/\/zudc.lt\/drp\/statistika\/zvejyba\/1-2-1-lietuvos-jurines-zvejybos-sektoriaus-uzimtumo-ir-darbuotoju-socialiniai-rodikliai\/","url":"https:\/\/zudc.lt\/drp\/statistika\/zvejyba\/1-2-1-lietuvos-jurines-zvejybos-sektoriaus-uzimtumo-ir-darbuotoju-socialiniai-rodikliai\/","name":"1.2.1. Lietuvos j\u016brin\u0117s \u017evejybos sektoriaus u\u017eimtumo ir darbuotoj\u0173 socialiniai rodikliai - Lietuvos nacionalin\u0117 \u017euvininkyst\u0117s duomen\u0173 rinkimo programa","isPartOf":{"@id":"https:\/\/zudc.lt\/drp\/#website"},"datePublished":"2022-11-11T15:20:07+00:00","dateModified":"2024-04-25T13:40:01+00:00","breadcrumb":{"@id":"https:\/\/zudc.lt\/drp\/statistika\/zvejyba\/1-2-1-lietuvos-jurines-zvejybos-sektoriaus-uzimtumo-ir-darbuotoju-socialiniai-rodikliai\/#breadcrumb"},"inLanguage":"lt-LT","potentialAction":[{"@type":"ReadAction","target":["https:\/\/zudc.lt\/drp\/statistika\/zvejyba\/1-2-1-lietuvos-jurines-zvejybos-sektoriaus-uzimtumo-ir-darbuotoju-socialiniai-rodikliai\/"]}]},{"@type":"BreadcrumbList","@id":"https:\/\/zudc.lt\/drp\/statistika\/zvejyba\/1-2-1-lietuvos-jurines-zvejybos-sektoriaus-uzimtumo-ir-darbuotoju-socialiniai-rodikliai\/#breadcrumb","itemListElement":[{"@type":"ListItem","position":1,"name":"Home","item":"https:\/\/zudc.lt\/drp\/"},{"@type":"ListItem","position":2,"name":"Statistika","item":"https:\/\/zudc.lt\/drp\/statistika\/"},{"@type":"ListItem","position":3,"name":"\u017dvejyba","item":"https:\/\/zudc.lt\/drp\/statistika\/zvejyba\/"},{"@type":"ListItem","position":4,"name":"1.2.1. Lietuvos j\u016brin\u0117s \u017evejybos sektoriaus u\u017eimtumo ir darbuotoj\u0173 socialiniai rodikliai"}]},{"@type":"WebSite","@id":"https:\/\/zudc.lt\/drp\/#website","url":"https:\/\/zudc.lt\/drp\/","name":"Lietuvos nacionalin\u0117 \u017euvininkyst\u0117s duomen\u0173 rinkimo programa","description":"","publisher":{"@id":"https:\/\/zudc.lt\/drp\/#organization"},"potentialAction":[{"@type":"SearchAction","target":{"@type":"EntryPoint","urlTemplate":"https:\/\/zudc.lt\/drp\/?s={search_term_string}"},"query-input":"required name=search_term_string"}],"inLanguage":"lt-LT"},{"@type":"Organization","@id":"https:\/\/zudc.lt\/drp\/#organization","name":"Lietuvos nacionalin\u0117 \u017euvininkyst\u0117s duomen\u0173 rinkimo programa","url":"https:\/\/zudc.lt\/drp\/","logo":{"@type":"ImageObject","inLanguage":"lt-LT","@id":"https:\/\/zudc.lt\/drp\/#\/schema\/logo\/image\/","url":"https:\/\/zudc.lt\/drp\/wp-content\/uploads\/sites\/3\/2024\/04\/cropped-cropped-Logo_EJRZF.png","contentUrl":"https:\/\/zudc.lt\/drp\/wp-content\/uploads\/sites\/3\/2024\/04\/cropped-cropped-Logo_EJRZF.png","width":268,"height":66,"caption":"Lietuvos nacionalin\u0117 \u017euvininkyst\u0117s duomen\u0173 rinkimo programa"},"image":{"@id":"https:\/\/zudc.lt\/drp\/#\/schema\/logo\/image\/"}}]}},"_links":{"self":[{"href":"https:\/\/zudc.lt\/drp\/wp-json\/wp\/v2\/pages\/60650"}],"collection":[{"href":"https:\/\/zudc.lt\/drp\/wp-json\/wp\/v2\/pages"}],"about":[{"href":"https:\/\/zudc.lt\/drp\/wp-json\/wp\/v2\/types\/page"}],"author":[{"embeddable":true,"href":"https:\/\/zudc.lt\/drp\/wp-json\/wp\/v2\/users\/1"}],"replies":[{"embeddable":true,"href":"https:\/\/zudc.lt\/drp\/wp-json\/wp\/v2\/comments?post=60650"}],"version-history":[{"count":1,"href":"https:\/\/zudc.lt\/drp\/wp-json\/wp\/v2\/pages\/60650\/revisions"}],"predecessor-version":[{"id":68782,"href":"https:\/\/zudc.lt\/drp\/wp-json\/wp\/v2\/pages\/60650\/revisions\/68782"}],"up":[{"embeddable":true,"href":"https:\/\/zudc.lt\/drp\/wp-json\/wp\/v2\/pages\/28515"}],"wp:attachment":[{"href":"https:\/\/zudc.lt\/drp\/wp-json\/wp\/v2\/media?parent=60650"}],"curies":[{"name":"wp","href":"https:\/\/api.w.org\/{rel}","templated":true}]}}