{"id":59097,"date":"2022-10-04T14:26:57","date_gmt":"2022-10-04T11:26:57","guid":{"rendered":"https:\/\/www.vic.lt\/drp\/?page_id=59097"},"modified":"2024-04-25T15:28:52","modified_gmt":"2024-04-25T12:28:52","slug":"3-1-2-akvakulturos-produkcijos-gamyba","status":"publish","type":"page","link":"https:\/\/zudc.lt\/drp\/statistika\/akvakultura\/3-1-2-akvakulturos-produkcijos-gamyba\/","title":{"rendered":"3.1.2. Akvakult\u016bros produkcijos gamyba"},"content":{"rendered":"\r\n<div style=\"padding-bottom:70%; position:relative; display:block; width: 100%\">\r\n<iframe loading=\"lazy\" title=\"III.1.2.Akvakultura\" src=\"https:\/\/app.powerbi.com\/view?r=eyJrIjoiNjJmNzg4ZTAtZmVhMS00ZGJiLTg2ZjYtZmEwNGYwNTNiNTFmIiwidCI6IjNjMjk2MzFmLTAyN2EtNGFlYy05OGQxLWJlMGNjODg4MzAxNiIsImMiOjl9\" allowfullscreen=\"\" style=\"position:absolute; top:0; left: 0\" width=\"100%\" height=\"100%\" frameborder=\"0\"><\/iframe> \r\n<\/div>\r\n\r\n\r\n\r\n<!--<div style=\"padding-bottom:70%; position:relative; display:block; width: 100%\">\r\n<iframe loading=\"lazy\" title=\"III.1.2.Akvakultura\" src=\"https:\/\/app.powerbi.com\/view?r=eyJrIjoiNjJmNzg4ZTAtZmVhMS00ZGJiLTg2ZjYtZmEwNGYwNTNiNTFmIiwidCI6IjNjMjk2MzFmLTAyN2EtNGFlYy05OGQxLWJlMGNjODg4MzAxNiIsImMiOjl9\" me=\"ReportSection&quot;\" allowfullscreen=\"\" style=\"position:absolute; top:0; left: 0\" width=\"100%\" height=\"100%\" frameborder=\"0\"><\/iframe> \r\n<\/div>-->\r\n","protected":false},"excerpt":{"rendered":"","protected":false},"author":1,"featured_media":0,"parent":28571,"menu_order":120,"comment_status":"closed","ping_status":"closed","template":"","meta":{"footnotes":""},"yoast_head":"<!-- This site is optimized with the Yoast SEO plugin v22.5 - https:\/\/yoast.com\/wordpress\/plugins\/seo\/ -->\n<title>3.1.2. Akvakult\u016bros produkcijos gamyba - Lietuvos nacionalin\u0117 \u017euvininkyst\u0117s duomen\u0173 rinkimo programa<\/title>\n<meta name=\"robots\" content=\"index, follow, max-snippet:-1, max-image-preview:large, max-video-preview:-1\" \/>\n<link rel=\"canonical\" href=\"https:\/\/zudc.lt\/drp\/statistika\/akvakultura\/3-1-2-akvakulturos-produkcijos-gamyba\/\" \/>\n<meta property=\"og:locale\" content=\"lt_LT\" \/>\n<meta property=\"og:type\" content=\"article\" \/>\n<meta property=\"og:title\" content=\"3.1.2. Akvakult\u016bros produkcijos gamyba - Lietuvos nacionalin\u0117 \u017euvininkyst\u0117s duomen\u0173 rinkimo programa\" \/>\n<meta property=\"og:url\" content=\"https:\/\/zudc.lt\/drp\/statistika\/akvakultura\/3-1-2-akvakulturos-produkcijos-gamyba\/\" \/>\n<meta property=\"og:site_name\" content=\"Lietuvos nacionalin\u0117 \u017euvininkyst\u0117s duomen\u0173 rinkimo programa\" \/>\n<meta property=\"article:modified_time\" content=\"2024-04-25T12:28:52+00:00\" \/>\n<meta name=\"twitter:card\" content=\"summary_large_image\" \/>\n<script type=\"application\/ld+json\" class=\"yoast-schema-graph\">{\"@context\":\"https:\/\/schema.org\",\"@graph\":[{\"@type\":\"WebPage\",\"@id\":\"https:\/\/zudc.lt\/drp\/statistika\/akvakultura\/3-1-2-akvakulturos-produkcijos-gamyba\/\",\"url\":\"https:\/\/zudc.lt\/drp\/statistika\/akvakultura\/3-1-2-akvakulturos-produkcijos-gamyba\/\",\"name\":\"3.1.2. Akvakult\u016bros produkcijos gamyba - Lietuvos nacionalin\u0117 \u017euvininkyst\u0117s duomen\u0173 rinkimo programa\",\"isPartOf\":{\"@id\":\"https:\/\/zudc.lt\/drp\/#website\"},\"datePublished\":\"2022-10-04T11:26:57+00:00\",\"dateModified\":\"2024-04-25T12:28:52+00:00\",\"breadcrumb\":{\"@id\":\"https:\/\/zudc.lt\/drp\/statistika\/akvakultura\/3-1-2-akvakulturos-produkcijos-gamyba\/#breadcrumb\"},\"inLanguage\":\"lt-LT\",\"potentialAction\":[{\"@type\":\"ReadAction\",\"target\":[\"https:\/\/zudc.lt\/drp\/statistika\/akvakultura\/3-1-2-akvakulturos-produkcijos-gamyba\/\"]}]},{\"@type\":\"BreadcrumbList\",\"@id\":\"https:\/\/zudc.lt\/drp\/statistika\/akvakultura\/3-1-2-akvakulturos-produkcijos-gamyba\/#breadcrumb\",\"itemListElement\":[{\"@type\":\"ListItem\",\"position\":1,\"name\":\"Home\",\"item\":\"https:\/\/zudc.lt\/drp\/\"},{\"@type\":\"ListItem\",\"position\":2,\"name\":\"Statistika\",\"item\":\"https:\/\/zudc.lt\/drp\/statistika\/\"},{\"@type\":\"ListItem\",\"position\":3,\"name\":\"Akvakult\u016bra\",\"item\":\"https:\/\/zudc.lt\/drp\/statistika\/akvakultura\/\"},{\"@type\":\"ListItem\",\"position\":4,\"name\":\"3.1.2. Akvakult\u016bros produkcijos gamyba\"}]},{\"@type\":\"WebSite\",\"@id\":\"https:\/\/zudc.lt\/drp\/#website\",\"url\":\"https:\/\/zudc.lt\/drp\/\",\"name\":\"Lietuvos nacionalin\u0117 \u017euvininkyst\u0117s duomen\u0173 rinkimo programa\",\"description\":\"\",\"publisher\":{\"@id\":\"https:\/\/zudc.lt\/drp\/#organization\"},\"potentialAction\":[{\"@type\":\"SearchAction\",\"target\":{\"@type\":\"EntryPoint\",\"urlTemplate\":\"https:\/\/zudc.lt\/drp\/?s={search_term_string}\"},\"query-input\":\"required name=search_term_string\"}],\"inLanguage\":\"lt-LT\"},{\"@type\":\"Organization\",\"@id\":\"https:\/\/zudc.lt\/drp\/#organization\",\"name\":\"Lietuvos nacionalin\u0117 \u017euvininkyst\u0117s duomen\u0173 rinkimo programa\",\"url\":\"https:\/\/zudc.lt\/drp\/\",\"logo\":{\"@type\":\"ImageObject\",\"inLanguage\":\"lt-LT\",\"@id\":\"https:\/\/zudc.lt\/drp\/#\/schema\/logo\/image\/\",\"url\":\"https:\/\/zudc.lt\/drp\/wp-content\/uploads\/sites\/3\/2024\/04\/cropped-cropped-Logo_EJRZF.png\",\"contentUrl\":\"https:\/\/zudc.lt\/drp\/wp-content\/uploads\/sites\/3\/2024\/04\/cropped-cropped-Logo_EJRZF.png\",\"width\":268,\"height\":66,\"caption\":\"Lietuvos nacionalin\u0117 \u017euvininkyst\u0117s duomen\u0173 rinkimo programa\"},\"image\":{\"@id\":\"https:\/\/zudc.lt\/drp\/#\/schema\/logo\/image\/\"}}]}<\/script>\n<!-- \/ Yoast SEO plugin. -->","yoast_head_json":{"title":"3.1.2. Akvakult\u016bros produkcijos gamyba - Lietuvos nacionalin\u0117 \u017euvininkyst\u0117s duomen\u0173 rinkimo programa","robots":{"index":"index","follow":"follow","max-snippet":"max-snippet:-1","max-image-preview":"max-image-preview:large","max-video-preview":"max-video-preview:-1"},"canonical":"https:\/\/zudc.lt\/drp\/statistika\/akvakultura\/3-1-2-akvakulturos-produkcijos-gamyba\/","og_locale":"lt_LT","og_type":"article","og_title":"3.1.2. Akvakult\u016bros produkcijos gamyba - Lietuvos nacionalin\u0117 \u017euvininkyst\u0117s duomen\u0173 rinkimo programa","og_url":"https:\/\/zudc.lt\/drp\/statistika\/akvakultura\/3-1-2-akvakulturos-produkcijos-gamyba\/","og_site_name":"Lietuvos nacionalin\u0117 \u017euvininkyst\u0117s duomen\u0173 rinkimo programa","article_modified_time":"2024-04-25T12:28:52+00:00","twitter_card":"summary_large_image","schema":{"@context":"https:\/\/schema.org","@graph":[{"@type":"WebPage","@id":"https:\/\/zudc.lt\/drp\/statistika\/akvakultura\/3-1-2-akvakulturos-produkcijos-gamyba\/","url":"https:\/\/zudc.lt\/drp\/statistika\/akvakultura\/3-1-2-akvakulturos-produkcijos-gamyba\/","name":"3.1.2. Akvakult\u016bros produkcijos gamyba - Lietuvos nacionalin\u0117 \u017euvininkyst\u0117s duomen\u0173 rinkimo programa","isPartOf":{"@id":"https:\/\/zudc.lt\/drp\/#website"},"datePublished":"2022-10-04T11:26:57+00:00","dateModified":"2024-04-25T12:28:52+00:00","breadcrumb":{"@id":"https:\/\/zudc.lt\/drp\/statistika\/akvakultura\/3-1-2-akvakulturos-produkcijos-gamyba\/#breadcrumb"},"inLanguage":"lt-LT","potentialAction":[{"@type":"ReadAction","target":["https:\/\/zudc.lt\/drp\/statistika\/akvakultura\/3-1-2-akvakulturos-produkcijos-gamyba\/"]}]},{"@type":"BreadcrumbList","@id":"https:\/\/zudc.lt\/drp\/statistika\/akvakultura\/3-1-2-akvakulturos-produkcijos-gamyba\/#breadcrumb","itemListElement":[{"@type":"ListItem","position":1,"name":"Home","item":"https:\/\/zudc.lt\/drp\/"},{"@type":"ListItem","position":2,"name":"Statistika","item":"https:\/\/zudc.lt\/drp\/statistika\/"},{"@type":"ListItem","position":3,"name":"Akvakult\u016bra","item":"https:\/\/zudc.lt\/drp\/statistika\/akvakultura\/"},{"@type":"ListItem","position":4,"name":"3.1.2. Akvakult\u016bros produkcijos gamyba"}]},{"@type":"WebSite","@id":"https:\/\/zudc.lt\/drp\/#website","url":"https:\/\/zudc.lt\/drp\/","name":"Lietuvos nacionalin\u0117 \u017euvininkyst\u0117s duomen\u0173 rinkimo programa","description":"","publisher":{"@id":"https:\/\/zudc.lt\/drp\/#organization"},"potentialAction":[{"@type":"SearchAction","target":{"@type":"EntryPoint","urlTemplate":"https:\/\/zudc.lt\/drp\/?s={search_term_string}"},"query-input":"required name=search_term_string"}],"inLanguage":"lt-LT"},{"@type":"Organization","@id":"https:\/\/zudc.lt\/drp\/#organization","name":"Lietuvos nacionalin\u0117 \u017euvininkyst\u0117s duomen\u0173 rinkimo programa","url":"https:\/\/zudc.lt\/drp\/","logo":{"@type":"ImageObject","inLanguage":"lt-LT","@id":"https:\/\/zudc.lt\/drp\/#\/schema\/logo\/image\/","url":"https:\/\/zudc.lt\/drp\/wp-content\/uploads\/sites\/3\/2024\/04\/cropped-cropped-Logo_EJRZF.png","contentUrl":"https:\/\/zudc.lt\/drp\/wp-content\/uploads\/sites\/3\/2024\/04\/cropped-cropped-Logo_EJRZF.png","width":268,"height":66,"caption":"Lietuvos nacionalin\u0117 \u017euvininkyst\u0117s duomen\u0173 rinkimo programa"},"image":{"@id":"https:\/\/zudc.lt\/drp\/#\/schema\/logo\/image\/"}}]}},"_links":{"self":[{"href":"https:\/\/zudc.lt\/drp\/wp-json\/wp\/v2\/pages\/59097"}],"collection":[{"href":"https:\/\/zudc.lt\/drp\/wp-json\/wp\/v2\/pages"}],"about":[{"href":"https:\/\/zudc.lt\/drp\/wp-json\/wp\/v2\/types\/page"}],"author":[{"embeddable":true,"href":"https:\/\/zudc.lt\/drp\/wp-json\/wp\/v2\/users\/1"}],"replies":[{"embeddable":true,"href":"https:\/\/zudc.lt\/drp\/wp-json\/wp\/v2\/comments?post=59097"}],"version-history":[{"count":1,"href":"https:\/\/zudc.lt\/drp\/wp-json\/wp\/v2\/pages\/59097\/revisions"}],"predecessor-version":[{"id":68764,"href":"https:\/\/zudc.lt\/drp\/wp-json\/wp\/v2\/pages\/59097\/revisions\/68764"}],"up":[{"embeddable":true,"href":"https:\/\/zudc.lt\/drp\/wp-json\/wp\/v2\/pages\/28571"}],"wp:attachment":[{"href":"https:\/\/zudc.lt\/drp\/wp-json\/wp\/v2\/media?parent=59097"}],"curies":[{"name":"wp","href":"https:\/\/api.w.org\/{rel}","templated":true}]}}