{"id":31578,"date":"2021-08-31T09:45:43","date_gmt":"2021-08-31T06:45:43","guid":{"rendered":"https:\/\/www.vic.lt\/drp\/?page_id=31578"},"modified":"2024-10-25T22:18:09","modified_gmt":"2024-10-25T19:18:09","slug":"statistika","status":"publish","type":"page","link":"https:\/\/zudc.lt\/drp\/statistika\/","title":{"rendered":"Statistika"},"content":{"rendered":"<table style=\"width: 100%;margin-bottom: 0px;border-collapse: separate;padding: 5px 0px\" border=\"0\">\n<tbody>\n<tr>\n<td style=\"width: 20%;border: none;padding: 0px;vertical-align: centre;text-align: center;margin-bottom: 0px\"><a href=\"https:\/\/zudc.lt\/drp\/statistika\/zvejyba\/\"><img decoding=\"async\" class=\"size-full wp-image-256 aligncenter\" src=\"https:\/\/zudc.lt\/drp\/wp-content\/uploads\/sites\/3\/2024\/08\/Zvejyba.png\" alt=\"Statistikos skilties \u017dvejyba ikona - nuoroda\" width=\"70%\" height=\"70%\" \/><\/a><\/p>\n<p style=\"font-size: 24px\"><a href=\"https:\/\/zudc.lt\/drp\/statistika\/zvejyba\/\">\u017dvejyba<\/a><\/p>\n<\/td>\n<td style=\"width: 20%;border-top: none;border-bottom: none;border-left: dotted;border-right: dotted;color: #1e73be;padding: 0px;vertical-align: centre;text-align: center;margin-bottom: 0px\"><a href=\"https:\/\/zudc.lt\/drp\/statistika\/perdirbimas\/\"><img decoding=\"async\" class=\"aligncenter size-full wp-image-254\" src=\"https:\/\/zudc.lt\/drp\/wp-content\/uploads\/sites\/3\/2024\/04\/Perdirbimas.png\" alt=\"Statistikos skilties Perdirbimas ikona - nuoroda\" width=\"70%\" height=\"70%\" \/><\/a><\/p>\n<p style=\"font-size: 24px\"><a href=\"https:\/\/zudc.lt\/drp\/statistika\/perdirbimas\/\">Perdirbimas<\/a><\/p>\n<\/td>\n<td style=\"width: 20%;border: none;padding: 0px;vertical-align: centre;text-align: center;margin-bottom: 0px\"><a href=\"https:\/\/zudc.lt\/drp\/statistika\/akvakultura\/\"><img decoding=\"async\" class=\"aligncenter size-full wp-image-253\" src=\"https:\/\/zudc.lt\/drp\/wp-content\/uploads\/sites\/3\/2024\/04\/Akvakultura.png\" alt=\"Statistikos skilties Akvakult\u016bra ikona - nuoroda\" width=\"70%\" height=\"70%\" \/><\/a><\/p>\n<p style=\"font-size: 24px\"><a href=\"https:\/\/zudc.lt\/drp\/statistika\/akvakultura\/\">Akvakult\u016bra<\/a><\/p>\n<\/td>\n<td style=\"width: 20%;border-top: none;border-bottom: none;border-left: dotted;border-right: dotted;color: #1e73be;padding: 0px;vertical-align: centre;text-align: center;margin-bottom: 0px\"><a href=\"https:\/\/zudc.lt\/drp\/statistika\/prekyba\/\"><img decoding=\"async\" class=\"aligncenter size-full wp-image-255\" src=\"https:\/\/zudc.lt\/drp\/wp-content\/uploads\/sites\/3\/2024\/04\/Prekyba.png\" alt=\"Statistikos skilties Prekyba ikona - nuoroda\" width=\"70%\" height=\"70%\" \/><\/a><\/p>\n<p style=\"font-size: 24px\"><a href=\"https:\/\/zudc.lt\/drp\/statistika\/prekyba\/\">Prekyba<\/a><\/p>\n<\/td>\n<td style=\"width: 20%;border: none;padding: 0px;vertical-align: centre;text-align: center;margin-bottom: 0px\"><a href=\"https:\/\/zudc.lt\/drp\/statistika\/zuvu-istekliu-bukle\/\"><img decoding=\"async\" class=\"aligncenter size-full wp-image-255\" src=\"https:\/\/zudc.lt\/drp\/wp-content\/uploads\/sites\/3\/2024\/04\/Biologiniai.png\" alt=\"Statistikos skilties \u017duv\u0173 i\u0161tekli\u0173 b\u016bkl\u0117 ikona - nuoroda\" width=\"70%\" height=\"70%\" \/><\/a><\/p>\n<p style=\"font-size: 24px\"><a href=\"https:\/\/zudc.lt\/drp\/statistika\/zuvu-istekliu-bukle\/\">\u017duv\u0173 i\u0161tekli\u0173 b\u016bkl\u0117<\/a><\/p>\n<\/td>\n<\/tr>\n<tr>\n<td style=\"width: 20%;border: none;padding: 0px;vertical-align: centre;text-align: center;margin-bottom: 0px\"><a href=\"https:\/\/zudc.lt\/drp\/statistika\/zvejyba\/\"><button>Pla\u010diau \u2192<\/button><\/a><\/td>\n<td style=\"width: 20%;border: none;padding: 0px;vertical-align: centre;text-align: center;margin-bottom: 0px\"><a href=\"https:\/\/zudc.lt\/drp\/statistika\/perdirbimas\/\"><button>Pla\u010diau \u2192<\/button><\/a><\/td>\n<td style=\"width: 20%;border: none;padding: 0px;vertical-align: centre;text-align: center;margin-bottom: 0px\"><a href=\"https:\/\/zudc.lt\/drp\/statistika\/akvakultura\/\"><button>Pla\u010diau \u2192<\/button><\/a><\/td>\n<td style=\"width: 20%;border: none;padding: 0px;vertical-align: centre;text-align: center;margin-bottom: 0px\"><a href=\"https:\/\/zudc.lt\/drp\/statistika\/prekyba\/\"><button>Pla\u010diau \u2192<\/button><\/a><\/td>\n<td style=\"width: 20%;border: none;padding: 0px;vertical-align: centre;text-align: center;margin-bottom: 0px\"><a href=\"https:\/\/zudc.lt\/drp\/statistika\/zuvu-istekliu-bukle\/\"><button>Pla\u010diau \u2192<\/button><\/a><\/td>\n<\/tr>\n<\/tbody>\n<\/table>\n","protected":false},"excerpt":{"rendered":"<p>\u017dvejyba Perdirbimas Akvakult\u016bra Prekyba \u017duv\u0173 i\u0161tekli\u0173 b\u016bkl\u0117 Pla\u010diau \u2192 Pla\u010diau \u2192 Pla\u010diau \u2192 Pla\u010diau \u2192 Pla\u010diau \u2192<\/p>\n","protected":false},"author":1,"featured_media":0,"parent":0,"menu_order":5,"comment_status":"closed","ping_status":"closed","template":"","meta":{"footnotes":""},"yoast_head":"<!-- This site is optimized with the Yoast SEO plugin v22.5 - https:\/\/yoast.com\/wordpress\/plugins\/seo\/ -->\n<title>Statistika - Lietuvos nacionalin\u0117 \u017euvininkyst\u0117s duomen\u0173 rinkimo programa<\/title>\n<meta name=\"robots\" content=\"index, follow, max-snippet:-1, max-image-preview:large, max-video-preview:-1\" \/>\n<link rel=\"canonical\" href=\"https:\/\/zudc.lt\/drp\/statistika\/\" \/>\n<meta property=\"og:locale\" content=\"lt_LT\" \/>\n<meta property=\"og:type\" content=\"article\" \/>\n<meta property=\"og:title\" content=\"Statistika - Lietuvos nacionalin\u0117 \u017euvininkyst\u0117s duomen\u0173 rinkimo programa\" \/>\n<meta property=\"og:description\" content=\"\u017dvejyba Perdirbimas Akvakult\u016bra Prekyba \u017duv\u0173 i\u0161tekli\u0173 b\u016bkl\u0117 Pla\u010diau \u2192 Pla\u010diau \u2192 Pla\u010diau \u2192 Pla\u010diau \u2192 Pla\u010diau \u2192\" \/>\n<meta property=\"og:url\" content=\"https:\/\/zudc.lt\/drp\/statistika\/\" \/>\n<meta property=\"og:site_name\" content=\"Lietuvos nacionalin\u0117 \u017euvininkyst\u0117s duomen\u0173 rinkimo programa\" \/>\n<meta property=\"article:modified_time\" content=\"2024-10-25T19:18:09+00:00\" \/>\n<meta property=\"og:image\" content=\"https:\/\/zudc.lt\/drp\/wp-content\/uploads\/sites\/3\/2024\/08\/Zvejyba.png\" \/>\n<meta name=\"twitter:card\" content=\"summary_large_image\" \/>\n<meta name=\"twitter:label1\" content=\"Est. reading time\" \/>\n\t<meta name=\"twitter:data1\" content=\"2 minut\u0117s\" \/>\n<script type=\"application\/ld+json\" class=\"yoast-schema-graph\">{\"@context\":\"https:\/\/schema.org\",\"@graph\":[{\"@type\":\"WebPage\",\"@id\":\"https:\/\/zudc.lt\/drp\/statistika\/\",\"url\":\"https:\/\/zudc.lt\/drp\/statistika\/\",\"name\":\"Statistika - Lietuvos nacionalin\u0117 \u017euvininkyst\u0117s duomen\u0173 rinkimo programa\",\"isPartOf\":{\"@id\":\"https:\/\/zudc.lt\/drp\/#website\"},\"primaryImageOfPage\":{\"@id\":\"https:\/\/zudc.lt\/drp\/statistika\/#primaryimage\"},\"image\":{\"@id\":\"https:\/\/zudc.lt\/drp\/statistika\/#primaryimage\"},\"thumbnailUrl\":\"https:\/\/zudc.lt\/drp\/wp-content\/uploads\/sites\/3\/2024\/08\/Zvejyba.png\",\"datePublished\":\"2021-08-31T06:45:43+00:00\",\"dateModified\":\"2024-10-25T19:18:09+00:00\",\"breadcrumb\":{\"@id\":\"https:\/\/zudc.lt\/drp\/statistika\/#breadcrumb\"},\"inLanguage\":\"lt-LT\",\"potentialAction\":[{\"@type\":\"ReadAction\",\"target\":[\"https:\/\/zudc.lt\/drp\/statistika\/\"]}]},{\"@type\":\"ImageObject\",\"inLanguage\":\"lt-LT\",\"@id\":\"https:\/\/zudc.lt\/drp\/statistika\/#primaryimage\",\"url\":\"\",\"contentUrl\":\"\"},{\"@type\":\"BreadcrumbList\",\"@id\":\"https:\/\/zudc.lt\/drp\/statistika\/#breadcrumb\",\"itemListElement\":[{\"@type\":\"ListItem\",\"position\":1,\"name\":\"Home\",\"item\":\"https:\/\/zudc.lt\/drp\/\"},{\"@type\":\"ListItem\",\"position\":2,\"name\":\"Statistika\"}]},{\"@type\":\"WebSite\",\"@id\":\"https:\/\/zudc.lt\/drp\/#website\",\"url\":\"https:\/\/zudc.lt\/drp\/\",\"name\":\"Lietuvos nacionalin\u0117 \u017euvininkyst\u0117s duomen\u0173 rinkimo programa\",\"description\":\"\",\"publisher\":{\"@id\":\"https:\/\/zudc.lt\/drp\/#organization\"},\"potentialAction\":[{\"@type\":\"SearchAction\",\"target\":{\"@type\":\"EntryPoint\",\"urlTemplate\":\"https:\/\/zudc.lt\/drp\/?s={search_term_string}\"},\"query-input\":\"required name=search_term_string\"}],\"inLanguage\":\"lt-LT\"},{\"@type\":\"Organization\",\"@id\":\"https:\/\/zudc.lt\/drp\/#organization\",\"name\":\"Lietuvos nacionalin\u0117 \u017euvininkyst\u0117s duomen\u0173 rinkimo programa\",\"url\":\"https:\/\/zudc.lt\/drp\/\",\"logo\":{\"@type\":\"ImageObject\",\"inLanguage\":\"lt-LT\",\"@id\":\"https:\/\/zudc.lt\/drp\/#\/schema\/logo\/image\/\",\"url\":\"https:\/\/zudc.lt\/drp\/wp-content\/uploads\/sites\/3\/2024\/04\/cropped-cropped-Logo_EJRZF.png\",\"contentUrl\":\"https:\/\/zudc.lt\/drp\/wp-content\/uploads\/sites\/3\/2024\/04\/cropped-cropped-Logo_EJRZF.png\",\"width\":268,\"height\":66,\"caption\":\"Lietuvos nacionalin\u0117 \u017euvininkyst\u0117s duomen\u0173 rinkimo programa\"},\"image\":{\"@id\":\"https:\/\/zudc.lt\/drp\/#\/schema\/logo\/image\/\"}}]}<\/script>\n<!-- \/ Yoast SEO plugin. -->","yoast_head_json":{"title":"Statistika - Lietuvos nacionalin\u0117 \u017euvininkyst\u0117s duomen\u0173 rinkimo programa","robots":{"index":"index","follow":"follow","max-snippet":"max-snippet:-1","max-image-preview":"max-image-preview:large","max-video-preview":"max-video-preview:-1"},"canonical":"https:\/\/zudc.lt\/drp\/statistika\/","og_locale":"lt_LT","og_type":"article","og_title":"Statistika - Lietuvos nacionalin\u0117 \u017euvininkyst\u0117s duomen\u0173 rinkimo programa","og_description":"\u017dvejyba Perdirbimas Akvakult\u016bra Prekyba \u017duv\u0173 i\u0161tekli\u0173 b\u016bkl\u0117 Pla\u010diau \u2192 Pla\u010diau \u2192 Pla\u010diau \u2192 Pla\u010diau \u2192 Pla\u010diau \u2192","og_url":"https:\/\/zudc.lt\/drp\/statistika\/","og_site_name":"Lietuvos nacionalin\u0117 \u017euvininkyst\u0117s duomen\u0173 rinkimo programa","article_modified_time":"2024-10-25T19:18:09+00:00","og_image":[{"url":"https:\/\/zudc.lt\/drp\/wp-content\/uploads\/sites\/3\/2024\/08\/Zvejyba.png"}],"twitter_card":"summary_large_image","twitter_misc":{"Est. reading time":"2 minut\u0117s"},"schema":{"@context":"https:\/\/schema.org","@graph":[{"@type":"WebPage","@id":"https:\/\/zudc.lt\/drp\/statistika\/","url":"https:\/\/zudc.lt\/drp\/statistika\/","name":"Statistika - Lietuvos nacionalin\u0117 \u017euvininkyst\u0117s duomen\u0173 rinkimo programa","isPartOf":{"@id":"https:\/\/zudc.lt\/drp\/#website"},"primaryImageOfPage":{"@id":"https:\/\/zudc.lt\/drp\/statistika\/#primaryimage"},"image":{"@id":"https:\/\/zudc.lt\/drp\/statistika\/#primaryimage"},"thumbnailUrl":"https:\/\/zudc.lt\/drp\/wp-content\/uploads\/sites\/3\/2024\/08\/Zvejyba.png","datePublished":"2021-08-31T06:45:43+00:00","dateModified":"2024-10-25T19:18:09+00:00","breadcrumb":{"@id":"https:\/\/zudc.lt\/drp\/statistika\/#breadcrumb"},"inLanguage":"lt-LT","potentialAction":[{"@type":"ReadAction","target":["https:\/\/zudc.lt\/drp\/statistika\/"]}]},{"@type":"ImageObject","inLanguage":"lt-LT","@id":"https:\/\/zudc.lt\/drp\/statistika\/#primaryimage","url":"","contentUrl":""},{"@type":"BreadcrumbList","@id":"https:\/\/zudc.lt\/drp\/statistika\/#breadcrumb","itemListElement":[{"@type":"ListItem","position":1,"name":"Home","item":"https:\/\/zudc.lt\/drp\/"},{"@type":"ListItem","position":2,"name":"Statistika"}]},{"@type":"WebSite","@id":"https:\/\/zudc.lt\/drp\/#website","url":"https:\/\/zudc.lt\/drp\/","name":"Lietuvos nacionalin\u0117 \u017euvininkyst\u0117s duomen\u0173 rinkimo programa","description":"","publisher":{"@id":"https:\/\/zudc.lt\/drp\/#organization"},"potentialAction":[{"@type":"SearchAction","target":{"@type":"EntryPoint","urlTemplate":"https:\/\/zudc.lt\/drp\/?s={search_term_string}"},"query-input":"required name=search_term_string"}],"inLanguage":"lt-LT"},{"@type":"Organization","@id":"https:\/\/zudc.lt\/drp\/#organization","name":"Lietuvos nacionalin\u0117 \u017euvininkyst\u0117s duomen\u0173 rinkimo programa","url":"https:\/\/zudc.lt\/drp\/","logo":{"@type":"ImageObject","inLanguage":"lt-LT","@id":"https:\/\/zudc.lt\/drp\/#\/schema\/logo\/image\/","url":"https:\/\/zudc.lt\/drp\/wp-content\/uploads\/sites\/3\/2024\/04\/cropped-cropped-Logo_EJRZF.png","contentUrl":"https:\/\/zudc.lt\/drp\/wp-content\/uploads\/sites\/3\/2024\/04\/cropped-cropped-Logo_EJRZF.png","width":268,"height":66,"caption":"Lietuvos nacionalin\u0117 \u017euvininkyst\u0117s duomen\u0173 rinkimo programa"},"image":{"@id":"https:\/\/zudc.lt\/drp\/#\/schema\/logo\/image\/"}}]}},"_links":{"self":[{"href":"https:\/\/zudc.lt\/drp\/wp-json\/wp\/v2\/pages\/31578"}],"collection":[{"href":"https:\/\/zudc.lt\/drp\/wp-json\/wp\/v2\/pages"}],"about":[{"href":"https:\/\/zudc.lt\/drp\/wp-json\/wp\/v2\/types\/page"}],"author":[{"embeddable":true,"href":"https:\/\/zudc.lt\/drp\/wp-json\/wp\/v2\/users\/1"}],"replies":[{"embeddable":true,"href":"https:\/\/zudc.lt\/drp\/wp-json\/wp\/v2\/comments?post=31578"}],"version-history":[{"count":6,"href":"https:\/\/zudc.lt\/drp\/wp-json\/wp\/v2\/pages\/31578\/revisions"}],"predecessor-version":[{"id":68824,"href":"https:\/\/zudc.lt\/drp\/wp-json\/wp\/v2\/pages\/31578\/revisions\/68824"}],"wp:attachment":[{"href":"https:\/\/zudc.lt\/drp\/wp-json\/wp\/v2\/media?parent=31578"}],"curies":[{"name":"wp","href":"https:\/\/api.w.org\/{rel}","templated":true}]}}