{"id":31326,"date":"2021-08-30T11:25:40","date_gmt":"2021-08-30T08:25:40","guid":{"rendered":"https:\/\/www.vic.lt\/drp-en\/?page_id=31326"},"modified":"2025-02-28T09:58:09","modified_gmt":"2025-02-28T07:58:09","slug":"legal-acts","status":"publish","type":"page","link":"https:\/\/zudc.lt\/drp-en\/legal-acts\/","title":{"rendered":"Legal acts"},"content":{"rendered":"<p style=\"text-align: justify\"><a href=\"https:\/\/eur-lex.europa.eu\/legal-content\/EN\/TXT\/?uri=CELEX:32017R1004\" target=\"_blank\" rel=\"noopener\">Regulation (EU) 2017\/1004 of the European Parliament and of the Council of 17 May 2017 on the establishment of a Union framework for the collection, management and use of data in the fisheries sector and support for scientific advice regarding the common fisheries policy and repealing Council Regulation (EC) No 199\/2008 (recast)<\/a><\/p>\n<p style=\"text-align: justify\"><a href=\"https:\/\/eur-lex.europa.eu\/legal-content\/en\/TXT\/?uri=CELEX%3A32021D1168\" target=\"_blank\" rel=\"noopener\">Commission Implementing Decision (EU) 2021\/1168 of 27 April 2021 establishing the list of mandatory research surveys at sea and thresholds as part of the multiannual Union programme for the collection and management of data in the fisheries and aquaculture sectors from 2022<\/a><\/p>\n<p style=\"text-align: justify\"><a href=\"https:\/\/eur-lex.europa.eu\/legal-content\/en\/TXT\/?uri=CELEX%3A32021D1167\" target=\"_blank\" rel=\"noopener\">Commission Delegated Decision (EU) 2021\/1167 of 27 April 2021 establishing the multiannual Union programme for the collection and management of biological, environmental, technical and socioeconomic data in the fisheries and aquaculture sectors from 2022<\/a><\/p>\n<p style=\"text-align: justify\"><a href=\"https:\/\/eur-lex.europa.eu\/legal-content\/en\/TXT\/?uri=CELEX%3A32022D0039\" target=\"_blank\" rel=\"noopener\">Commission Implementing Decision (EU) 2022\/39 of 12 January 2022 laying down rules on the format and timetables for the submission of national work plans and annual reports on data collection in the fisheries and aquaculture sectors, and repealing Implementing Decisions (EU) 2016\/1701 and (EU) 2018\/1283<\/a><\/p>\n<p style=\"text-align: justify\"><a href=\"https:\/\/eur-lex.europa.eu\/legal-content\/EN\/TXT\/?uri=CELEX%3A32009R1224\" target=\"_blank\" rel=\"noopener\">Council Regulation (EC) No 1224\/2009 of 20 November 2009 establishing a Community control system for ensuring compliance with the rules of the common fisheries policy, amending Regulations (EC) No 847\/96, (EC) No 2371\/2002, (EC) No 811\/2004, (EC) No 768\/2005, (EC) No 2115\/2005, (EC) No 2166\/2005, (EC) No 388\/2006, (EC) No 509\/2007, (EC) No 676\/2007, (EC) No 1098\/2007, (EC) No 1300\/2008, (EC) No 1342\/2008 and repealing Regulations (EEC) No 2847\/93, (EC) No 1627\/94 and (EC) No 1966\/2006<\/a><\/p>\n<p style=\"text-align: justify\"><a href=\"https:\/\/eur-lex.europa.eu\/legal-content\/EN\/TXT\/?uri=CELEX:32013R1380\" target=\"_blank\" rel=\"noopener\">Regulation (EU) No 1380\/2013 of the European Parliament and of the Council of 11 December 2013 on the Common Fisheries Policy, amending Council Regulations (EC) No 1954\/2003 and (EC) No 1224\/2009 and repealing Council Regulations (EC) No 2371\/2002 and (EC) No 639\/2004 and Council Decision 2004\/585\/EC<\/a><\/p>\n<p style=\"text-align: justify\"><a href=\"https:\/\/eur-lex.europa.eu\/legal-content\/EN\/TXT\/?uri=CELEX:32014R0508\" target=\"_blank\" rel=\"noopener\">Regulation (EU) No 508\/2014 of the European Parliament and of the Council of 15 May 2014 on the European Maritime and Fisheries Fund and repealing Council Regulations (EC) No 2328\/2003, (EC) No 861\/2006, (EC) No 1198\/2006 and (EC) No 791\/2007 and Regulation (EU) No 1255\/2011 of the European Parliament and of the Council<\/a><\/p>\n<p style=\"text-align: justify\"><a href=\"https:\/\/www.e-tar.lt\/portal\/lt\/legalAct\/TAR.D22016A0EC70\/EKomkPlUFp\" target=\"_blank\" rel=\"noopener\">Lietuvos Respublikos \u017euvininkyst\u0117s \u012fstatymas<\/a><\/p>\n<p style=\"text-align: justify\"><a href=\"https:\/\/e-seimas.lrs.lt\/portal\/legalAct\/lt\/TAD\/TAIS.379309\/islGgHydWh\" target=\"_blank\" rel=\"noopener\">\u017duvininkyst\u0117s duomen\u0173 teikimo taisykl\u0117s<\/a><\/p>\n<p style=\"text-align: justify\"><a href=\"https:\/\/www.e-tar.lt\/portal\/lt\/legalAct\/646cfa20ecfe11e58deaaf0783ebf65b\/wDEijFAlWa\" target=\"_blank\" rel=\"noopener\">Lietuvos nacionalin\u0117s \u017euvininkyst\u0117s duomen\u0173 rinkimo programos \u012fgyvendinimo taisykl\u0117s<\/a><\/p>\n<p style=\"text-align: justify\"><a href=\"https:\/\/e-seimas.lrs.lt\/portal\/legalAct\/lt\/TAD\/1f6f81b151c511eaac56f6e40072e018\/asr\" target=\"_blank\" rel=\"noopener\">Lietuvos nacionalin\u0117s \u017euvininkyst\u0117s 2020\u20132021 met\u0173 duomen\u0173 rinkimo programa<\/a><\/p>\n<p style=\"text-align: justify\"><a href=\"https:\/\/www.zudc.lt\/drp-en\/wp-content\/uploads\/sites\/2\/2024\/04\/Nacionaline-duomenu-rinkimo-programa-22-24-galutinis_patv1.docx\" target=\"_blank\" rel=\"noopener\">Lietuvos nacionalin\u0117s \u017euvininkyst\u0117s 2022\u20132024 met\u0173 duomen\u0173 rinkimo programa<\/a><\/p>\n<p><a href=\"https:\/\/www.e-tar.lt\/portal\/lt\/legalAct\/06bfc3207a0111edbc04912defe897d1\" target=\"_blank\" rel=\"noopener\"><span lang=\"LT\">Lietuvos \u017euvininkyst\u0117s sektoriaus 2021\u20132027 met\u0173 programos administravimo<b> <\/b>taisykl\u0117s<\/span><\/a><\/p>\n<p><a href=\"https:\/\/zudc.lt\/drp\/wp-content\/uploads\/sites\/3\/2025\/02\/2025-2027-m.-DRP-programa.docx\" target=\"_blank\" rel=\"noopener\">Lietuvos nacionalin\u0117s \u017euvininkyst\u0117s 2025\u20132027 met\u0173 duomen\u0173 rinkimo programa<\/a><\/p>\n","protected":false},"excerpt":{"rendered":"<p>Regulation (EU) 2017\/1004 of the European Parliament and of the Council of 17 May 2017 on the establishment of a Union framework for the collection, management and use of data in the fisheries sector and support for scientific advice regarding<\/p>\n","protected":false},"author":1,"featured_media":0,"parent":0,"menu_order":4,"comment_status":"closed","ping_status":"closed","template":"","meta":{"footnotes":""},"yoast_head":"<!-- This site is optimized with the Yoast SEO plugin v22.5 - https:\/\/yoast.com\/wordpress\/plugins\/seo\/ -->\n<title>Legal acts - Lithuanian national fisheries data collection program<\/title>\n<meta name=\"robots\" content=\"index, follow, max-snippet:-1, max-image-preview:large, max-video-preview:-1\" \/>\n<link rel=\"canonical\" href=\"https:\/\/zudc.lt\/drp-en\/legal-acts\/\" \/>\n<meta property=\"og:locale\" content=\"en_US\" \/>\n<meta property=\"og:type\" content=\"article\" \/>\n<meta property=\"og:title\" content=\"Legal acts - Lithuanian national fisheries data collection program\" \/>\n<meta property=\"og:description\" content=\"Regulation (EU) 2017\/1004 of the European Parliament and of the Council of 17 May 2017 on the establishment of a Union framework for the collection, management and use of data in the fisheries sector and support for scientific advice regarding\" \/>\n<meta property=\"og:url\" content=\"https:\/\/zudc.lt\/drp-en\/legal-acts\/\" \/>\n<meta property=\"og:site_name\" content=\"Lithuanian national fisheries data collection program\" \/>\n<meta property=\"article:modified_time\" content=\"2025-02-28T07:58:09+00:00\" \/>\n<meta name=\"twitter:card\" content=\"summary_large_image\" \/>\n<meta name=\"twitter:label1\" content=\"Est. reading time\" \/>\n\t<meta name=\"twitter:data1\" content=\"2 minutes\" \/>\n<script type=\"application\/ld+json\" class=\"yoast-schema-graph\">{\"@context\":\"https:\/\/schema.org\",\"@graph\":[{\"@type\":\"WebPage\",\"@id\":\"https:\/\/zudc.lt\/drp-en\/legal-acts\/\",\"url\":\"https:\/\/zudc.lt\/drp-en\/legal-acts\/\",\"name\":\"Legal acts - Lithuanian national fisheries data collection program\",\"isPartOf\":{\"@id\":\"https:\/\/zudc.lt\/drp-en\/#website\"},\"datePublished\":\"2021-08-30T08:25:40+00:00\",\"dateModified\":\"2025-02-28T07:58:09+00:00\",\"breadcrumb\":{\"@id\":\"https:\/\/zudc.lt\/drp-en\/legal-acts\/#breadcrumb\"},\"inLanguage\":\"en-US\",\"potentialAction\":[{\"@type\":\"ReadAction\",\"target\":[\"https:\/\/zudc.lt\/drp-en\/legal-acts\/\"]}]},{\"@type\":\"BreadcrumbList\",\"@id\":\"https:\/\/zudc.lt\/drp-en\/legal-acts\/#breadcrumb\",\"itemListElement\":[{\"@type\":\"ListItem\",\"position\":1,\"name\":\"Home\",\"item\":\"https:\/\/zudc.lt\/drp-en\/\"},{\"@type\":\"ListItem\",\"position\":2,\"name\":\"Legal acts\"}]},{\"@type\":\"WebSite\",\"@id\":\"https:\/\/zudc.lt\/drp-en\/#website\",\"url\":\"https:\/\/zudc.lt\/drp-en\/\",\"name\":\"Lithuanian national fisheries data collection program\",\"description\":\"\",\"publisher\":{\"@id\":\"https:\/\/zudc.lt\/drp-en\/#organization\"},\"potentialAction\":[{\"@type\":\"SearchAction\",\"target\":{\"@type\":\"EntryPoint\",\"urlTemplate\":\"https:\/\/zudc.lt\/drp-en\/?s={search_term_string}\"},\"query-input\":\"required name=search_term_string\"}],\"inLanguage\":\"en-US\"},{\"@type\":\"Organization\",\"@id\":\"https:\/\/zudc.lt\/drp-en\/#organization\",\"name\":\"Lithuanian national fisheries data collection program\",\"url\":\"https:\/\/zudc.lt\/drp-en\/\",\"logo\":{\"@type\":\"ImageObject\",\"inLanguage\":\"en-US\",\"@id\":\"https:\/\/zudc.lt\/drp-en\/#\/schema\/logo\/image\/\",\"url\":\"https:\/\/zudc.lt\/drp-en\/wp-content\/uploads\/sites\/2\/2024\/04\/cropped-Logo_EJRZF.png\",\"contentUrl\":\"https:\/\/zudc.lt\/drp-en\/wp-content\/uploads\/sites\/2\/2024\/04\/cropped-Logo_EJRZF.png\",\"width\":268,\"height\":66,\"caption\":\"Lithuanian national fisheries data collection program\"},\"image\":{\"@id\":\"https:\/\/zudc.lt\/drp-en\/#\/schema\/logo\/image\/\"}}]}<\/script>\n<!-- \/ Yoast SEO plugin. -->","yoast_head_json":{"title":"Legal acts - Lithuanian national fisheries data collection program","robots":{"index":"index","follow":"follow","max-snippet":"max-snippet:-1","max-image-preview":"max-image-preview:large","max-video-preview":"max-video-preview:-1"},"canonical":"https:\/\/zudc.lt\/drp-en\/legal-acts\/","og_locale":"en_US","og_type":"article","og_title":"Legal acts - Lithuanian national fisheries data collection program","og_description":"Regulation (EU) 2017\/1004 of the European Parliament and of the Council of 17 May 2017 on the establishment of a Union framework for the collection, management and use of data in the fisheries sector and support for scientific advice regarding","og_url":"https:\/\/zudc.lt\/drp-en\/legal-acts\/","og_site_name":"Lithuanian national fisheries data collection program","article_modified_time":"2025-02-28T07:58:09+00:00","twitter_card":"summary_large_image","twitter_misc":{"Est. reading time":"2 minutes"},"schema":{"@context":"https:\/\/schema.org","@graph":[{"@type":"WebPage","@id":"https:\/\/zudc.lt\/drp-en\/legal-acts\/","url":"https:\/\/zudc.lt\/drp-en\/legal-acts\/","name":"Legal acts - Lithuanian national fisheries data collection program","isPartOf":{"@id":"https:\/\/zudc.lt\/drp-en\/#website"},"datePublished":"2021-08-30T08:25:40+00:00","dateModified":"2025-02-28T07:58:09+00:00","breadcrumb":{"@id":"https:\/\/zudc.lt\/drp-en\/legal-acts\/#breadcrumb"},"inLanguage":"en-US","potentialAction":[{"@type":"ReadAction","target":["https:\/\/zudc.lt\/drp-en\/legal-acts\/"]}]},{"@type":"BreadcrumbList","@id":"https:\/\/zudc.lt\/drp-en\/legal-acts\/#breadcrumb","itemListElement":[{"@type":"ListItem","position":1,"name":"Home","item":"https:\/\/zudc.lt\/drp-en\/"},{"@type":"ListItem","position":2,"name":"Legal acts"}]},{"@type":"WebSite","@id":"https:\/\/zudc.lt\/drp-en\/#website","url":"https:\/\/zudc.lt\/drp-en\/","name":"Lithuanian national fisheries data collection program","description":"","publisher":{"@id":"https:\/\/zudc.lt\/drp-en\/#organization"},"potentialAction":[{"@type":"SearchAction","target":{"@type":"EntryPoint","urlTemplate":"https:\/\/zudc.lt\/drp-en\/?s={search_term_string}"},"query-input":"required name=search_term_string"}],"inLanguage":"en-US"},{"@type":"Organization","@id":"https:\/\/zudc.lt\/drp-en\/#organization","name":"Lithuanian national fisheries data collection program","url":"https:\/\/zudc.lt\/drp-en\/","logo":{"@type":"ImageObject","inLanguage":"en-US","@id":"https:\/\/zudc.lt\/drp-en\/#\/schema\/logo\/image\/","url":"https:\/\/zudc.lt\/drp-en\/wp-content\/uploads\/sites\/2\/2024\/04\/cropped-Logo_EJRZF.png","contentUrl":"https:\/\/zudc.lt\/drp-en\/wp-content\/uploads\/sites\/2\/2024\/04\/cropped-Logo_EJRZF.png","width":268,"height":66,"caption":"Lithuanian national fisheries data collection program"},"image":{"@id":"https:\/\/zudc.lt\/drp-en\/#\/schema\/logo\/image\/"}}]}},"_links":{"self":[{"href":"https:\/\/zudc.lt\/drp-en\/wp-json\/wp\/v2\/pages\/31326"}],"collection":[{"href":"https:\/\/zudc.lt\/drp-en\/wp-json\/wp\/v2\/pages"}],"about":[{"href":"https:\/\/zudc.lt\/drp-en\/wp-json\/wp\/v2\/types\/page"}],"author":[{"embeddable":true,"href":"https:\/\/zudc.lt\/drp-en\/wp-json\/wp\/v2\/users\/1"}],"replies":[{"embeddable":true,"href":"https:\/\/zudc.lt\/drp-en\/wp-json\/wp\/v2\/comments?post=31326"}],"version-history":[{"count":3,"href":"https:\/\/zudc.lt\/drp-en\/wp-json\/wp\/v2\/pages\/31326\/revisions"}],"predecessor-version":[{"id":63889,"href":"https:\/\/zudc.lt\/drp-en\/wp-json\/wp\/v2\/pages\/31326\/revisions\/63889"}],"wp:attachment":[{"href":"https:\/\/zudc.lt\/drp-en\/wp-json\/wp\/v2\/media?parent=31326"}],"curies":[{"name":"wp","href":"https:\/\/api.w.org\/{rel}","templated":true}]}}